{"id":6046,"date":"2023-07-28T08:12:22","date_gmt":"2023-07-28T08:12:22","guid":{"rendered":"https:\/\/nissantravelguide.com\/sardaigne\/nautilus\/"},"modified":"2023-07-28T08:12:22","modified_gmt":"2023-07-28T08:12:22","slug":"nautilus","status":"publish","type":"page","link":"https:\/\/nissantravelguide.com\/fr\/sardaigne\/nautilus\/","title":{"rendered":"Nautilus"},"content":{"rendered":"<p>Le Nautilus se trouve dans la vieille ville d\u2019Alghero et surplombe le port. Il propose \u00e0 ses visiteurs des sp\u00e9cialit\u00e9s culinaires qui proviennent toutes des champs environnants ou des bateaux de p\u00eache locaux. Le Nautilus est fier de sa cha\u00eene d\u2019approvisionnement directe et tr\u00e8s courte qui b\u00e9n\u00e9ficie non seulement \u00e0 l\u2019\u00e9conomie locale, mais aussi \u00e0 l\u2019environnement de l\u2019\u00eele.<\/p>\n","protected":false},"excerpt":{"rendered":"<p>Le Nautilus se trouve dans la vieille ville d\u2019Alghero et surplombe le port. Il propose \u00e0 ses visiteurs des sp\u00e9cialit\u00e9s culinaires qui proviennent toutes des champs environnants ou des bateaux de p\u00eache locaux. Le Nautilus est fier de sa cha\u00eene d\u2019approvisionnement directe et tr\u00e8s courte qui b\u00e9n\u00e9ficie non seulement \u00e0 l\u2019\u00e9conomie locale, mais aussi \u00e0 [&hellip;]<\/p>\n","protected":false},"author":1,"featured_media":5574,"parent":6018,"menu_order":0,"comment_status":"closed","ping_status":"closed","template":"tpl-location.php","meta":{"_acf_changed":false,"footnotes":""},"acf":{"address":"Forte della Maddalenetta, 4, 07041 Alghero SS, Italy","location_type":"restaurant","map_link":"https:\/\/www.google.com\/maps\/place\/Ristorante+Nautilus\/@40.5599111,8.3139336,17z\/data=!3m1!4b1!4m6!3m5!1s0x12dcf1e749a5d089:0xe8034a80b8e48d53!8m2!3d40.5599111!4d8.3139336!16s%2Fg%2F11c6v5_snq?entry=ttu","trip_advisor":"https:\/\/www.tripadvisor.it\/Restaurant_Review-g187880-d11854880-Reviews-Nautilus-Alghero_Province_of_Sassari_Sardinia.html","coordinates":{"latitude":"40.5599111","longitude":"8.3139336"},"charging_stations":[{"charging_station":"CHAdeMO 50kW, CCS 50kW, Type 2 43kW: Via Vittorio Emanuele II, 209, 07041 Alghero SS, Italy (1.2kms \/ 5-min)"}]},"aioseo_notices":[],"_links":{"self":[{"href":"https:\/\/nissantravelguide.com\/fr\/wp-json\/wp\/v2\/pages\/6046"}],"collection":[{"href":"https:\/\/nissantravelguide.com\/fr\/wp-json\/wp\/v2\/pages"}],"about":[{"href":"https:\/\/nissantravelguide.com\/fr\/wp-json\/wp\/v2\/types\/page"}],"author":[{"embeddable":true,"href":"https:\/\/nissantravelguide.com\/fr\/wp-json\/wp\/v2\/users\/1"}],"replies":[{"embeddable":true,"href":"https:\/\/nissantravelguide.com\/fr\/wp-json\/wp\/v2\/comments?post=6046"}],"version-history":[{"count":0,"href":"https:\/\/nissantravelguide.com\/fr\/wp-json\/wp\/v2\/pages\/6046\/revisions"}],"up":[{"embeddable":true,"href":"https:\/\/nissantravelguide.com\/fr\/wp-json\/wp\/v2\/pages\/6018"}],"wp:featuredmedia":[{"embeddable":true,"href":"https:\/\/nissantravelguide.com\/fr\/wp-json\/wp\/v2\/media\/5574"}],"wp:attachment":[{"href":"https:\/\/nissantravelguide.com\/fr\/wp-json\/wp\/v2\/media?parent=6046"}],"curies":[{"name":"wp","href":"https:\/\/api.w.org\/{rel}","templated":true}]}}