{"id":6049,"date":"2023-07-28T08:13:18","date_gmt":"2023-07-28T08:13:18","guid":{"rendered":"https:\/\/nissantravelguide.com\/sardaigne\/nora\/"},"modified":"2023-07-28T08:13:18","modified_gmt":"2023-07-28T08:13:18","slug":"nora","status":"publish","type":"page","link":"https:\/\/nissantravelguide.com\/fr\/sardaigne\/nora\/","title":{"rendered":"Nora"},"content":{"rendered":"<p class=\"p1\">La ville historique de Nora se situe \u00e0 la pointe sud de l\u2019\u00eele. Habit\u00e9e depuis l\u2019Antiquit\u00e9, elle fait aujourd\u2019hui partie du parc arch\u00e9ologique de Pula. Les vestiges de la ville racontent l\u2019histoire de plusieurs civilisations, des Puniques aux Romains en passant par les Byzantins. Les visiteurs peuvent explorer les ruines du temple de Tanit, la n\u00e9cropole, les murs d\u2019enceinte et l\u2019amphith\u00e9\u00e2tre. Proche de la plage et de la capitale de la Sardaigne, Cagliari, le Nora poss\u00e8de une puissante atmosph\u00e8re spirituelle et ses h\u00f4tes peuvent vraiment appr\u00e9cier la richesse du pass\u00e9 de la Sardaigne.<\/p>\n","protected":false},"excerpt":{"rendered":"<p>La ville historique de Nora se situe \u00e0 la pointe sud de l\u2019\u00eele. Habit\u00e9e depuis l\u2019Antiquit\u00e9, elle fait aujourd\u2019hui partie du parc arch\u00e9ologique de Pula. Les vestiges de la ville racontent l\u2019histoire de plusieurs civilisations, des Puniques aux Romains en passant par les Byzantins. Les visiteurs peuvent explorer les ruines du temple de Tanit, la [&hellip;]<\/p>\n","protected":false},"author":1,"featured_media":5467,"parent":6018,"menu_order":0,"comment_status":"closed","ping_status":"closed","template":"tpl-location.php","meta":{"_acf_changed":false,"footnotes":""},"acf":{"address":"09010 Metropolitan City of Cagliari","location_type":"interest","map_link":"https:\/\/www.google.com\/maps\/place\/09010+Nora+Metropolitan+City+of+Cagliari,+Italy\/@38.9945797,9.0151797,16z\/data=!3m1!4b1!4m6!3m5!1s0x12e72875042049b9:0x195b226f7a323c4f!8m2!3d38.9934087!4d9.0135833!16s%2Fg%2F1pxq4kv99?entry=ttu","trip_advisor":"https:\/\/www.tripadvisor.it\/Attraction_Review-g194870-d247460-Reviews-Area_Archeologica_di_Nora-Pula_Province_of_Cagliari_Sardinia.html","coordinates":{"latitude":"38.9945797","longitude":"9.0151797"},"charging_stations":[{"charging_station":"CCS 150kW, CHAdeMO 62kW, Type 2 22kW: Via Tramontana, 09010 Pula CA, Italy (2.2km \/ 5-min)"}]},"aioseo_notices":[],"_links":{"self":[{"href":"https:\/\/nissantravelguide.com\/fr\/wp-json\/wp\/v2\/pages\/6049"}],"collection":[{"href":"https:\/\/nissantravelguide.com\/fr\/wp-json\/wp\/v2\/pages"}],"about":[{"href":"https:\/\/nissantravelguide.com\/fr\/wp-json\/wp\/v2\/types\/page"}],"author":[{"embeddable":true,"href":"https:\/\/nissantravelguide.com\/fr\/wp-json\/wp\/v2\/users\/1"}],"replies":[{"embeddable":true,"href":"https:\/\/nissantravelguide.com\/fr\/wp-json\/wp\/v2\/comments?post=6049"}],"version-history":[{"count":0,"href":"https:\/\/nissantravelguide.com\/fr\/wp-json\/wp\/v2\/pages\/6049\/revisions"}],"up":[{"embeddable":true,"href":"https:\/\/nissantravelguide.com\/fr\/wp-json\/wp\/v2\/pages\/6018"}],"wp:featuredmedia":[{"embeddable":true,"href":"https:\/\/nissantravelguide.com\/fr\/wp-json\/wp\/v2\/media\/5467"}],"wp:attachment":[{"href":"https:\/\/nissantravelguide.com\/fr\/wp-json\/wp\/v2\/media?parent=6049"}],"curies":[{"name":"wp","href":"https:\/\/api.w.org\/{rel}","templated":true}]}}