{"id":6050,"date":"2023-07-28T08:13:33","date_gmt":"2023-07-28T08:13:33","guid":{"rendered":"https:\/\/nissantravelguide.com\/sardaigne\/olbia-town-centre\/"},"modified":"2023-07-28T08:13:33","modified_gmt":"2023-07-28T08:13:33","slug":"olbia-town-centre","status":"publish","type":"page","link":"https:\/\/nissantravelguide.com\/fr\/sardaigne\/olbia-town-centre\/","title":{"rendered":"Olbia Town Centre"},"content":{"rendered":"<p>Le centre-ville d\u2019Olbia, situ\u00e9 dans l\u2019une des villes les plus c\u00e9l\u00e8bres de Sardaigne, est un v\u00e9ritable centre dynamique. Ses rues longues et \u00e9troites sont bord\u00e9es de boutiques et de restaurants pittoresques. De nombreux magasins s\u2019approvisionnent en produits locaux, donnant \u00e0 la ville un charme et un caract\u00e8re uniques. Vous trouverez aussi de nombreuses attractions historiques et culturelles dans le centre d\u2019Olbia. La basilique de San Simplicio et le mus\u00e9e arch\u00e9ologique de la Riviera m\u00e9ritent d\u2019\u00eatre visit\u00e9s. De plus, le centre-ville d\u2019Olbia est situ\u00e9 sur le front de mer et dispose d\u2019une plage de 1,6\u00a0km de long bord\u00e9e d\u2019h\u00f4tels de luxe. Il se passe toujours quelque chose dans le centre ville d\u2019Olbia, faisant de ce lieu un endroit int\u00e9ressant \u00e0 visiter de jour comme de nuit.<\/p>\n","protected":false},"excerpt":{"rendered":"<p>Le centre-ville d\u2019Olbia, situ\u00e9 dans l\u2019une des villes les plus c\u00e9l\u00e8bres de Sardaigne, est un v\u00e9ritable centre dynamique. Ses rues longues et \u00e9troites sont bord\u00e9es de boutiques et de restaurants pittoresques. De nombreux magasins s\u2019approvisionnent en produits locaux, donnant \u00e0 la ville un charme et un caract\u00e8re uniques. Vous trouverez aussi de nombreuses attractions historiques [&hellip;]<\/p>\n","protected":false},"author":1,"featured_media":5483,"parent":6018,"menu_order":0,"comment_status":"closed","ping_status":"closed","template":"tpl-location.php","meta":{"_acf_changed":false,"footnotes":""},"acf":{"address":"07026 Province of Sassari Italy","location_type":"interest","map_link":"https:\/\/www.google.com\/maps\/place\/07026+Olbia,+Province+of+Sassari,+Italy\/@40.9278139,9.4928718,13z\/data=!3m1!4b1!4m6!3m5!1s0x12d94b04024bea79:0x7bfe3270a490c808!8m2!3d40.9235764!4d9.4964429!16zL20vMGMyZDI?entry=ttu","trip_advisor":"https:\/\/www.tripadvisor.it\/Tourism-g187883-Olbia_Province_of_Olbia_Tempio_Sardinia-Vacations.html","coordinates":{"latitude":"40.9278139","longitude":"9.4928718"},"charging_stations":[{"charging_station":"Type 2 15kW: Via Gabriele d'Annunzio, 3, 07026 Olbia SS, Italy (650mtrs \/ 2-min)"}]},"aioseo_notices":[],"_links":{"self":[{"href":"https:\/\/nissantravelguide.com\/fr\/wp-json\/wp\/v2\/pages\/6050"}],"collection":[{"href":"https:\/\/nissantravelguide.com\/fr\/wp-json\/wp\/v2\/pages"}],"about":[{"href":"https:\/\/nissantravelguide.com\/fr\/wp-json\/wp\/v2\/types\/page"}],"author":[{"embeddable":true,"href":"https:\/\/nissantravelguide.com\/fr\/wp-json\/wp\/v2\/users\/1"}],"replies":[{"embeddable":true,"href":"https:\/\/nissantravelguide.com\/fr\/wp-json\/wp\/v2\/comments?post=6050"}],"version-history":[{"count":0,"href":"https:\/\/nissantravelguide.com\/fr\/wp-json\/wp\/v2\/pages\/6050\/revisions"}],"up":[{"embeddable":true,"href":"https:\/\/nissantravelguide.com\/fr\/wp-json\/wp\/v2\/pages\/6018"}],"wp:featuredmedia":[{"embeddable":true,"href":"https:\/\/nissantravelguide.com\/fr\/wp-json\/wp\/v2\/media\/5483"}],"wp:attachment":[{"href":"https:\/\/nissantravelguide.com\/fr\/wp-json\/wp\/v2\/media?parent=6050"}],"curies":[{"name":"wp","href":"https:\/\/api.w.org\/{rel}","templated":true}]}}