{"id":6052,"date":"2023-07-28T08:14:04","date_gmt":"2023-07-28T08:14:04","guid":{"rendered":"https:\/\/nissantravelguide.com\/sardaigne\/pizzeria-grains-quartu\/"},"modified":"2023-07-28T08:14:04","modified_gmt":"2023-07-28T08:14:04","slug":"pizzeria-grains-quartu","status":"publish","type":"page","link":"https:\/\/nissantravelguide.com\/fr\/sardaigne\/pizzeria-grains-quartu\/","title":{"rendered":"Pizzeria Grains Quartu"},"content":{"rendered":"<p class=\"p1\">Vous ne pouvez pas dire que vous avez vraiment mang\u00e9 une pizza tant que vous n\u2019en avez pas mang\u00e9 une en Italie, voire m\u00eam en Sardaigne\u00a0! Cette pizzeria sp\u00e9cialis\u00e9e revisite la cuisine classique de l\u2019\u00eele avec des ingr\u00e9dients sardes. Mais cet endroit n\u2019est pas seulement r\u00e9put\u00e9 pour ses pizzas locales. Vous y trouverez \u00e9galement une grande quantit\u00e9 de bi\u00e8res et de vins produits par des vendeurs locaux (avec mod\u00e9ration, bien s\u00fbr\u00a0!).<\/p>\n","protected":false},"excerpt":{"rendered":"<p>Vous ne pouvez pas dire que vous avez vraiment mang\u00e9 une pizza tant que vous n\u2019en avez pas mang\u00e9 une en Italie, voire m\u00eam en Sardaigne\u00a0! Cette pizzeria sp\u00e9cialis\u00e9e revisite la cuisine classique de l\u2019\u00eele avec des ingr\u00e9dients sardes. Mais cet endroit n\u2019est pas seulement r\u00e9put\u00e9 pour ses pizzas locales. Vous y trouverez \u00e9galement une [&hellip;]<\/p>\n","protected":false},"author":1,"featured_media":5661,"parent":6018,"menu_order":0,"comment_status":"closed","ping_status":"closed","template":"tpl-location.php","meta":{"_acf_changed":false,"footnotes":""},"acf":{"address":"Viale C. Colombo, 41, 09045 Quartu Sant'Elena CA, Italy","location_type":"restaurant","map_link":"https:\/\/www.google.com\/maps\/place\/Pizzeria+Grains+Quartu\/@39.2403902,9.1785231,17z\/data=!3m1!4b1!4m6!3m5!1s0x12e7351d5c958949:0x98ec1600c5770271!8m2!3d39.2403902!4d9.1785231!16s%2Fg%2F11mwktl9pg?entry=ttu","trip_advisor":"https:\/\/www.tripadvisor.it\/Restaurant_Review-g227889-d23476621-Reviews-Pizzeria_Grains_Quartu-Quartu_Sant_Elena_Province_of_Cagliari_Sardinia.html","coordinates":{"latitude":"39.2403902","longitude":"9.1785231"},"charging_stations":[{"charging_station":"Type 2 22kW: Viale C. Colombo, 72, 09045 Cuartu Sant'Aleni CA, Italy (6Mtrs \/ 1-min)"}]},"aioseo_notices":[],"_links":{"self":[{"href":"https:\/\/nissantravelguide.com\/fr\/wp-json\/wp\/v2\/pages\/6052"}],"collection":[{"href":"https:\/\/nissantravelguide.com\/fr\/wp-json\/wp\/v2\/pages"}],"about":[{"href":"https:\/\/nissantravelguide.com\/fr\/wp-json\/wp\/v2\/types\/page"}],"author":[{"embeddable":true,"href":"https:\/\/nissantravelguide.com\/fr\/wp-json\/wp\/v2\/users\/1"}],"replies":[{"embeddable":true,"href":"https:\/\/nissantravelguide.com\/fr\/wp-json\/wp\/v2\/comments?post=6052"}],"version-history":[{"count":0,"href":"https:\/\/nissantravelguide.com\/fr\/wp-json\/wp\/v2\/pages\/6052\/revisions"}],"up":[{"embeddable":true,"href":"https:\/\/nissantravelguide.com\/fr\/wp-json\/wp\/v2\/pages\/6018"}],"wp:featuredmedia":[{"embeddable":true,"href":"https:\/\/nissantravelguide.com\/fr\/wp-json\/wp\/v2\/media\/5661"}],"wp:attachment":[{"href":"https:\/\/nissantravelguide.com\/fr\/wp-json\/wp\/v2\/media?parent=6052"}],"curies":[{"name":"wp","href":"https:\/\/api.w.org\/{rel}","templated":true}]}}