{"id":6055,"date":"2023-07-28T08:15:10","date_gmt":"2023-07-28T08:15:10","guid":{"rendered":"https:\/\/nissantravelguide.com\/sardaigne\/resort-spa-le-dune\/"},"modified":"2023-07-28T08:15:10","modified_gmt":"2023-07-28T08:15:10","slug":"resort-spa-le-dune","status":"publish","type":"page","link":"https:\/\/nissantravelguide.com\/fr\/sardaigne\/resort-spa-le-dune\/","title":{"rendered":"Resort &#038; Spa Le Dune"},"content":{"rendered":"<p class=\"p1\">Situ\u00e9e sur la c\u00f4te nord de la Sardaigne, cette destination s\u00e9duit les voyageurs par ses dunes de sable \u00e9poustouflantes, ses plages immacul\u00e9es et une myriade d\u2019attractions pour tous les go\u00fbts. Cinq h\u00f4tels quatre \u00e9toiles sont r\u00e9unis dans ce complexe, offrant chacun une vue enchanteresse sur le golfe de l\u2019Asinara, face \u00e0 la Corse. Le complexe compte une impressionnante s\u00e9lection de neuf restaurants, proposant une d\u00e9licieuse cuisine sarde et m\u00e9diterran\u00e9enne qui ravira vos papilles. Les chefs talentueux con\u00e7oivent habilement des plats \u00e0 partir d\u2019ingr\u00e9dients locaux, ce qui donne lieu \u00e0 des chefs-d\u2019\u0153uvre culinaires qui mettent en valeur les saveurs de la r\u00e9gion.<\/p>\n","protected":false},"excerpt":{"rendered":"<p>Situ\u00e9e sur la c\u00f4te nord de la Sardaigne, cette destination s\u00e9duit les voyageurs par ses dunes de sable \u00e9poustouflantes, ses plages immacul\u00e9es et une myriade d\u2019attractions pour tous les go\u00fbts. Cinq h\u00f4tels quatre \u00e9toiles sont r\u00e9unis dans ce complexe, offrant chacun une vue enchanteresse sur le golfe de l\u2019Asinara, face \u00e0 la Corse. Le complexe [&hellip;]<\/p>\n","protected":false},"author":1,"featured_media":5397,"parent":6018,"menu_order":0,"comment_status":"closed","ping_status":"closed","template":"tpl-location.php","meta":{"_acf_changed":false,"footnotes":""},"acf":{"address":"07030 Li Junchi Province of Sassari, Italy","location_type":"hotel","map_link":"https:\/\/www.google.com\/maps\/place\/Resort+&+SPA+Le+Dune\/@40.9768541,8.8420096,15z\/data=!3m1!4b1!4m9!3m8!1s0x12dbf50958859e63:0x28b4448ddb240046!5m2!4m1!1i2!8m2!3d40.9768394!4d8.8604636!16s\/g\/1tfn6b_v?entry=ttu","trip_advisor":"https:\/\/www.tripadvisor.co.uk\/Hotel_Review-g608905-d486598-Reviews-Resort_Spa_Le_Dune-Badesi_Province_of_Olbia_Tempio_Sardinia.html","coordinates":{"latitude":"40.9768541","longitude":"8.8420096"},"charging_stations":[{"charging_station":"Type 2 23kW, Type 2 21kW: 07030 Li Junchi Province of Sassari, Italy (450 Mtrs \/ 2-min)"}]},"aioseo_notices":[],"_links":{"self":[{"href":"https:\/\/nissantravelguide.com\/fr\/wp-json\/wp\/v2\/pages\/6055"}],"collection":[{"href":"https:\/\/nissantravelguide.com\/fr\/wp-json\/wp\/v2\/pages"}],"about":[{"href":"https:\/\/nissantravelguide.com\/fr\/wp-json\/wp\/v2\/types\/page"}],"author":[{"embeddable":true,"href":"https:\/\/nissantravelguide.com\/fr\/wp-json\/wp\/v2\/users\/1"}],"replies":[{"embeddable":true,"href":"https:\/\/nissantravelguide.com\/fr\/wp-json\/wp\/v2\/comments?post=6055"}],"version-history":[{"count":0,"href":"https:\/\/nissantravelguide.com\/fr\/wp-json\/wp\/v2\/pages\/6055\/revisions"}],"up":[{"embeddable":true,"href":"https:\/\/nissantravelguide.com\/fr\/wp-json\/wp\/v2\/pages\/6018"}],"wp:featuredmedia":[{"embeddable":true,"href":"https:\/\/nissantravelguide.com\/fr\/wp-json\/wp\/v2\/media\/5397"}],"wp:attachment":[{"href":"https:\/\/nissantravelguide.com\/fr\/wp-json\/wp\/v2\/media?parent=6055"}],"curies":[{"name":"wp","href":"https:\/\/api.w.org\/{rel}","templated":true}]}}