{"id":6056,"date":"2023-07-28T08:15:41","date_gmt":"2023-07-28T08:15:41","guid":{"rendered":"https:\/\/nissantravelguide.com\/sardaigne\/rifugio-di-mare\/"},"modified":"2023-07-28T08:15:41","modified_gmt":"2023-07-28T08:15:41","slug":"rifugio-di-mare","status":"publish","type":"page","link":"https:\/\/nissantravelguide.com\/fr\/sardaigne\/rifugio-di-mare\/","title":{"rendered":"Rifugio di Mare"},"content":{"rendered":"<p>Cet h\u00f4tel bien nomm\u00e9, qui signifie litt\u00e9ralement \u00ab\u00a0abri marin\u00a0\u00bb, offre des vues imprenables sur les falaises pr\u00e8s d\u2019Alghero. Ses sept chambres charmantes sont adapt\u00e9es \u00e0 tous les types de voyageurs, y compris les familles et les voyageurs solitaires, et servent de point de d\u00e9part id\u00e9al pour explorer les paysages environnants. Faites le plein d\u2019\u00e9nergie pour vos aventures avec le petit-d\u00e9jeuner et le d\u00eener inclus, pour ne jamais avoir le ventre vide. Envie d\u2019aventure\u00a0? \u00a0Profitez de visites guid\u00e9es et d\u2019excursions passionnantes pour d\u00e9couvrir les secrets de la r\u00e9gion et vous immerger dans sa splendeur naturelle. Pr\u00e9parez-vous \u00e0 vivre des moments inoubliables dans ce paysage \u00e0 couper le souffle.<\/p>\n","protected":false},"excerpt":{"rendered":"<p>Cet h\u00f4tel bien nomm\u00e9, qui signifie litt\u00e9ralement \u00ab\u00a0abri marin\u00a0\u00bb, offre des vues imprenables sur les falaises pr\u00e8s d\u2019Alghero. Ses sept chambres charmantes sont adapt\u00e9es \u00e0 tous les types de voyageurs, y compris les familles et les voyageurs solitaires, et servent de point de d\u00e9part id\u00e9al pour explorer les paysages environnants. Faites le plein d\u2019\u00e9nergie pour [&hellip;]<\/p>\n","protected":false},"author":1,"featured_media":5456,"parent":6018,"menu_order":0,"comment_status":"closed","ping_status":"closed","template":"tpl-location.php","meta":{"_acf_changed":false,"footnotes":""},"acf":{"address":"Strada Statale 127 bis, 62, 07041 Maristella SS, Italy","location_type":"hotel","map_link":"https:\/\/www.google.com\/maps\/place\/Rifugio+di+Mare\/@40.5727961,8.1888315,14z\/data=!4m9!3m8!1s0x12dc6e014ade055b:0xdae7fea0df5352ea!5m2!4m1!1i2!8m2!3d40.5703115!4d8.2041553!16s%2Fg%2F11pzyqq1h7?entry=ttu","trip_advisor":"https:\/\/www.tripadvisor.it\/Restaurant_Review-g187880-d24033400-Reviews-Rifugio_Di_Mare-Alghero_Province_of_Sassari_Sardinia.html","coordinates":{"latitude":"40.5727961","longitude":"8.1888315"},"charging_stations":[{"charging_station":"Type 2 22kW: Strada Provinciale 44, 07041 Alghero SS, Italy (14.7km \/ 28-min)"}]},"aioseo_notices":[],"_links":{"self":[{"href":"https:\/\/nissantravelguide.com\/fr\/wp-json\/wp\/v2\/pages\/6056"}],"collection":[{"href":"https:\/\/nissantravelguide.com\/fr\/wp-json\/wp\/v2\/pages"}],"about":[{"href":"https:\/\/nissantravelguide.com\/fr\/wp-json\/wp\/v2\/types\/page"}],"author":[{"embeddable":true,"href":"https:\/\/nissantravelguide.com\/fr\/wp-json\/wp\/v2\/users\/1"}],"replies":[{"embeddable":true,"href":"https:\/\/nissantravelguide.com\/fr\/wp-json\/wp\/v2\/comments?post=6056"}],"version-history":[{"count":0,"href":"https:\/\/nissantravelguide.com\/fr\/wp-json\/wp\/v2\/pages\/6056\/revisions"}],"up":[{"embeddable":true,"href":"https:\/\/nissantravelguide.com\/fr\/wp-json\/wp\/v2\/pages\/6018"}],"wp:featuredmedia":[{"embeddable":true,"href":"https:\/\/nissantravelguide.com\/fr\/wp-json\/wp\/v2\/media\/5456"}],"wp:attachment":[{"href":"https:\/\/nissantravelguide.com\/fr\/wp-json\/wp\/v2\/media?parent=6056"}],"curies":[{"name":"wp","href":"https:\/\/api.w.org\/{rel}","templated":true}]}}