{"id":6060,"date":"2023-07-28T08:17:04","date_gmt":"2023-07-28T08:17:04","guid":{"rendered":"https:\/\/nissantravelguide.com\/sardaigne\/spiaggia-cala-sarraina\/"},"modified":"2023-07-28T08:17:04","modified_gmt":"2023-07-28T08:17:04","slug":"spiaggia-cala-sarraina","status":"publish","type":"page","link":"https:\/\/nissantravelguide.com\/fr\/sardaigne\/spiaggia-cala-sarraina\/","title":{"rendered":"Spiaggia Cala Sarraina"},"content":{"rendered":"<p>Le coucher de soleil \u00e0 Cala Sarraina est une exp\u00e9rience inoubliable. Les eaux cristallines sont une invitation \u00e0 la plong\u00e9e et \u00e0 la d\u00e9couverte des merveilles sous-marines. Mais ce n\u2019est pas tout\u00a0! Vous pourrez prendre une boisson rafra\u00eechissante au bar de la plage et, en cas de fringale, vous diriger vers le restaurant situ\u00e9 \u00e0 quelques pas de l\u00e0, le long de la c\u00f4te. Vous vous sentez l\u2019\u00e2me d\u2019un aventurier\u00a0? Empruntez les sentiers cach\u00e9s menant \u00e0 des criques isol\u00e9es, o\u00f9 vous pourrez laisser libre cours \u00e0 l\u2019explorateur qui sommeille en vous et vous impr\u00e9gner de la s\u00e9r\u00e9nit\u00e9 de ce paradis c\u00f4tier. Cala Sarraina a tout pour plaire\u00a0: des couchers de soleil \u00e9poustouflants, des plaisirs du snorkeling, des plaisirs en bord de mer et des tr\u00e9sors cach\u00e9s qui n\u2019attendent plus que vous pour \u00eatre d\u00e9couverts\u00a0!<\/p>\n","protected":false},"excerpt":{"rendered":"<p>Le coucher de soleil \u00e0 Cala Sarraina est une exp\u00e9rience inoubliable. Les eaux cristallines sont une invitation \u00e0 la plong\u00e9e et \u00e0 la d\u00e9couverte des merveilles sous-marines. Mais ce n\u2019est pas tout\u00a0! Vous pourrez prendre une boisson rafra\u00eechissante au bar de la plage et, en cas de fringale, vous diriger vers le restaurant situ\u00e9 \u00e0 [&hellip;]<\/p>\n","protected":false},"author":1,"featured_media":5347,"parent":6018,"menu_order":0,"comment_status":"closed","ping_status":"closed","template":"tpl-location.php","meta":{"_acf_changed":false,"footnotes":""},"acf":{"address":"07038 Trinit\u00e0 d'Agultu e Vignola Province of Sassari, Italy","location_type":"beauty","map_link":"https:\/\/www.google.com\/maps\/place\/Cala+Sarraina\/@41.0873602,8.984303,15z\/data=!3m1!4b1!4m6!3m5!1s0x12dbf026ebf0b261:0x8039b8c4078e672b!8m2!3d41.0873607!4d8.984303!16s%2Fg%2F11b8thyg64?entry=ttu","trip_advisor":"https:\/\/www.tripadvisor.co.uk\/Attraction_Review-g2698278-d4607382-Reviews-Spiaggia_Cala_Sarraina-Trinita_d_Agultu_e_Vignola_Province_of_Olbia_Tempio_Sardi.html","coordinates":{"latitude":"41.0873602","longitude":"8.984303"},"charging_stations":[{"charging_station":"Type 2 23kW, Type 2 21kW: 07030 Li Junchi Province of Sassari, Italy (27.8Kms \/ 33-min)"}]},"aioseo_notices":[],"_links":{"self":[{"href":"https:\/\/nissantravelguide.com\/fr\/wp-json\/wp\/v2\/pages\/6060"}],"collection":[{"href":"https:\/\/nissantravelguide.com\/fr\/wp-json\/wp\/v2\/pages"}],"about":[{"href":"https:\/\/nissantravelguide.com\/fr\/wp-json\/wp\/v2\/types\/page"}],"author":[{"embeddable":true,"href":"https:\/\/nissantravelguide.com\/fr\/wp-json\/wp\/v2\/users\/1"}],"replies":[{"embeddable":true,"href":"https:\/\/nissantravelguide.com\/fr\/wp-json\/wp\/v2\/comments?post=6060"}],"version-history":[{"count":0,"href":"https:\/\/nissantravelguide.com\/fr\/wp-json\/wp\/v2\/pages\/6060\/revisions"}],"up":[{"embeddable":true,"href":"https:\/\/nissantravelguide.com\/fr\/wp-json\/wp\/v2\/pages\/6018"}],"wp:featuredmedia":[{"embeddable":true,"href":"https:\/\/nissantravelguide.com\/fr\/wp-json\/wp\/v2\/media\/5347"}],"wp:attachment":[{"href":"https:\/\/nissantravelguide.com\/fr\/wp-json\/wp\/v2\/media?parent=6060"}],"curies":[{"name":"wp","href":"https:\/\/api.w.org\/{rel}","templated":true}]}}