{"id":6062,"date":"2023-07-28T08:17:38","date_gmt":"2023-07-28T08:17:38","guid":{"rendered":"https:\/\/nissantravelguide.com\/sardaigne\/spiaggia-del-poetto\/"},"modified":"2023-07-28T08:17:38","modified_gmt":"2023-07-28T08:17:38","slug":"spiaggia-del-poetto","status":"publish","type":"page","link":"https:\/\/nissantravelguide.com\/fr\/sardaigne\/spiaggia-del-poetto\/","title":{"rendered":"Spiaggia del Poetto"},"content":{"rendered":"<p>C\u2019est non seulement la principale plage de la capitale de la Sardaigne, Cagliari, mais c\u2019est \u00e9galement l\u2019une des plus longues, avec ses 8\u00a0kilom\u00e8tres\u00a0! Une aventure baln\u00e9aire sans pr\u00e9c\u00e9dent vous attend d\u00e8s que vous poserez le pied sur les rives anim\u00e9es de la Spiaggia del Poetto. Profitez de l\u2019ambiance urbaine qui se m\u00eale \u00e0 la beaut\u00e9 de la nature, pour vivre une exp\u00e9rience c\u00f4ti\u00e8re unique. Avec une vue \u00e9poustouflante sur le bleu profond du Golfo di Quartu et les majestueuses collines de Sella Del Diavolo au sud, vous serez entour\u00e9 de paysages captivants. Les vents qui soufflent sur la plage sont excellents pour faire de la planche \u00e0 voile et du kitesurf, ce qui en fait un lieu id\u00e9al pour les sportifs\u00a0! Venez donc vous plonger dans l\u2019effervescence, profiter du soleil et cr\u00e9er des souvenirs inoubliables \u00e0 la Spiaggia Del Poetto, une plage tr\u00e8s anim\u00e9e\u00a0!<\/p>\n","protected":false},"excerpt":{"rendered":"<p>C\u2019est non seulement la principale plage de la capitale de la Sardaigne, Cagliari, mais c\u2019est \u00e9galement l\u2019une des plus longues, avec ses 8\u00a0kilom\u00e8tres\u00a0! Une aventure baln\u00e9aire sans pr\u00e9c\u00e9dent vous attend d\u00e8s que vous poserez le pied sur les rives anim\u00e9es de la Spiaggia del Poetto. Profitez de l\u2019ambiance urbaine qui se m\u00eale \u00e0 la beaut\u00e9 [&hellip;]<\/p>\n","protected":false},"author":1,"featured_media":5375,"parent":6018,"menu_order":0,"comment_status":"closed","ping_status":"closed","template":"tpl-location.php","meta":{"_acf_changed":false,"footnotes":""},"acf":{"address":"Italy","location_type":"beauty","map_link":"https:\/\/www.google.com\/maps\/place\/Poetto\/@39.2188576,9.2172175,13z\/data=!4m6!3m5!1s0x12e0cb51ddbbeddb:0x6faa2e32c94fb2a0!8m2!3d39.2134183!4d9.1757159!16s%2Fm%2F04jhhrx?entry=ttu","trip_advisor":"https:\/\/www.tripadvisor.it\/Attraction_Review-g187881-d247462-Reviews-Poetto-Cagliari_Province_of_Cagliari_Sardinia.html","coordinates":{"latitude":"39.2188576","longitude":"9.2172175"},"charging_stations":[{"charging_station":"CHAdeMO 50kW, CCS 50kW, Type 2 41.5 kW: 8 Viale Lungomare del Golfo Sardegna, Viale Lungomare del Golfo, 09045 Quartu Sant'Elena CA, Italy (2.2Kms \/ 4-min)"}]},"aioseo_notices":[],"_links":{"self":[{"href":"https:\/\/nissantravelguide.com\/fr\/wp-json\/wp\/v2\/pages\/6062"}],"collection":[{"href":"https:\/\/nissantravelguide.com\/fr\/wp-json\/wp\/v2\/pages"}],"about":[{"href":"https:\/\/nissantravelguide.com\/fr\/wp-json\/wp\/v2\/types\/page"}],"author":[{"embeddable":true,"href":"https:\/\/nissantravelguide.com\/fr\/wp-json\/wp\/v2\/users\/1"}],"replies":[{"embeddable":true,"href":"https:\/\/nissantravelguide.com\/fr\/wp-json\/wp\/v2\/comments?post=6062"}],"version-history":[{"count":0,"href":"https:\/\/nissantravelguide.com\/fr\/wp-json\/wp\/v2\/pages\/6062\/revisions"}],"up":[{"embeddable":true,"href":"https:\/\/nissantravelguide.com\/fr\/wp-json\/wp\/v2\/pages\/6018"}],"wp:featuredmedia":[{"embeddable":true,"href":"https:\/\/nissantravelguide.com\/fr\/wp-json\/wp\/v2\/media\/5375"}],"wp:attachment":[{"href":"https:\/\/nissantravelguide.com\/fr\/wp-json\/wp\/v2\/media?parent=6062"}],"curies":[{"name":"wp","href":"https:\/\/api.w.org\/{rel}","templated":true}]}}