{"id":6064,"date":"2023-07-28T08:18:08","date_gmt":"2023-07-28T08:18:08","guid":{"rendered":"https:\/\/nissantravelguide.com\/sardaigne\/spiaggia-della-speranza\/"},"modified":"2023-07-28T08:18:08","modified_gmt":"2023-07-28T08:18:08","slug":"spiaggia-della-speranza","status":"publish","type":"page","link":"https:\/\/nissantravelguide.com\/fr\/sardaigne\/spiaggia-della-speranza\/","title":{"rendered":"Spiaggia della Speranza"},"content":{"rendered":"<p>Situ\u00e9 pr\u00e8s d\u2019Alghero, le Spiaggia Della Speranza est un tr\u00e9sor cach\u00e9 de tranquillit\u00e9 et de paix. Cette superbe plage a de quoi plaire \u00e0 tout le monde : des conditions de vent parfaites pour les amateurs de surf et de planche \u00e0 voile et des eaux peu profondes qui sont un havre de paix pour les familles. Se rendre sur cette plage est un jeu d\u2019enfant\u00a0! Il suffit de suivre la route panoramique SP\u00a0105 \u00e0 partir de Bosa, dont le parcours c\u00f4tier \u00e0 couper le souffle s\u00e9duira tous les voyageurs. Laissez-vous s\u00e9duire par la s\u00e9r\u00e9nit\u00e9 et la beaut\u00e9 pure de la Spiaggia Della Speranza\u00a0!<\/p>\n","protected":false},"excerpt":{"rendered":"<p>Situ\u00e9 pr\u00e8s d\u2019Alghero, le Spiaggia Della Speranza est un tr\u00e9sor cach\u00e9 de tranquillit\u00e9 et de paix. Cette superbe plage a de quoi plaire \u00e0 tout le monde : des conditions de vent parfaites pour les amateurs de surf et de planche \u00e0 voile et des eaux peu profondes qui sont un havre de paix pour [&hellip;]<\/p>\n","protected":false},"author":1,"featured_media":5831,"parent":6018,"menu_order":0,"comment_status":"closed","ping_status":"closed","template":"tpl-location.php","meta":{"_acf_changed":false,"footnotes":""},"acf":{"address":"Province of Sassari, Italy","location_type":"beauty","map_link":"https:\/\/www.google.com\/maps\/place\/Poglina\/@40.4953138,8.3689426,18z\/data=!3m1!4b1!4m6!3m5!1s0x12dcf09e77753417:0x4c741145cc5ede2f!8m2!3d40.4960294!4d8.3691778!16s%2Fg%2F1q6j934qk?entry=ttu","trip_advisor":"https:\/\/www.tripadvisor.co.uk\/Attraction_Review-g187880-d7073045-Reviews-La_Speranza_Beach_Porto_Poglina-Alghero_Province_of_Sassari_Sardinia.html","coordinates":{"latitude":"40.4953138","longitude":"8.3689426"},"charging_stations":[{"charging_station":"CHAdeMO 50kW, CCS 50kW, Type 2 43kW: Via Vittorio Emanuele II, 209, 07041 Alghero SS, Italy (10.6kms \/ 16-min) "}]},"aioseo_notices":[],"_links":{"self":[{"href":"https:\/\/nissantravelguide.com\/fr\/wp-json\/wp\/v2\/pages\/6064"}],"collection":[{"href":"https:\/\/nissantravelguide.com\/fr\/wp-json\/wp\/v2\/pages"}],"about":[{"href":"https:\/\/nissantravelguide.com\/fr\/wp-json\/wp\/v2\/types\/page"}],"author":[{"embeddable":true,"href":"https:\/\/nissantravelguide.com\/fr\/wp-json\/wp\/v2\/users\/1"}],"replies":[{"embeddable":true,"href":"https:\/\/nissantravelguide.com\/fr\/wp-json\/wp\/v2\/comments?post=6064"}],"version-history":[{"count":0,"href":"https:\/\/nissantravelguide.com\/fr\/wp-json\/wp\/v2\/pages\/6064\/revisions"}],"up":[{"embeddable":true,"href":"https:\/\/nissantravelguide.com\/fr\/wp-json\/wp\/v2\/pages\/6018"}],"wp:featuredmedia":[{"embeddable":true,"href":"https:\/\/nissantravelguide.com\/fr\/wp-json\/wp\/v2\/media\/5831"}],"wp:attachment":[{"href":"https:\/\/nissantravelguide.com\/fr\/wp-json\/wp\/v2\/media?parent=6064"}],"curies":[{"name":"wp","href":"https:\/\/api.w.org\/{rel}","templated":true}]}}