{"id":6066,"date":"2023-07-28T08:18:51","date_gmt":"2023-07-28T08:18:51","guid":{"rendered":"https:\/\/nissantravelguide.com\/sardaigne\/spiaggia-di-tuerredda\/"},"modified":"2023-07-28T08:18:51","modified_gmt":"2023-07-28T08:18:51","slug":"spiaggia-di-tuerredda","status":"publish","type":"page","link":"https:\/\/nissantravelguide.com\/fr\/sardaigne\/spiaggia-di-tuerredda\/","title":{"rendered":"Spiaggia di Tuerredda"},"content":{"rendered":"<p>Au c\u0153ur d\u2019un paradis pour les amoureux de la plage et d\u2019une splendeur naturelle \u00e0 couper le souffle, la plage de Tuerredda est un v\u00e9ritable terrain de jeu sur la c\u00f4te m\u00e9ridionale de la Sardaigne. Plongez au pays des merveilles sous-marin avec un masque et un tuba. Mais attendez, il y en a plus\u00a0! Prenez une pagaie et embarquez pour une aventure palpitante en cano\u00eb vers le bijou cach\u00e9 d\u2019Isola di Tuerredda, \u00e0 seulement 150\u00a0m\u00e8tres de la plage. Pr\u00e9parez votre cr\u00e8me solaire, cette escapade sur la plage va vous faire vivre une exp\u00e9rience sauvage et inoubliable\u00a0!<\/p>\n","protected":false},"excerpt":{"rendered":"<p>Au c\u0153ur d\u2019un paradis pour les amoureux de la plage et d\u2019une splendeur naturelle \u00e0 couper le souffle, la plage de Tuerredda est un v\u00e9ritable terrain de jeu sur la c\u00f4te m\u00e9ridionale de la Sardaigne. Plongez au pays des merveilles sous-marin avec un masque et un tuba. Mais attendez, il y en a plus\u00a0! Prenez [&hellip;]<\/p>\n","protected":false},"author":1,"featured_media":5308,"parent":6018,"menu_order":0,"comment_status":"closed","ping_status":"closed","template":"tpl-location.php","meta":{"_acf_changed":false,"footnotes":""},"acf":{"address":"Localit\u00e0 Tuerredda, 09019 Teulada CA, Italy","location_type":"beauty","map_link":"https:\/\/www.google.com\/maps\/place\/Tuerredda+Beach\/@38.8902838,8.7414241,11z\/data=!4m6!3m5!1s0x12e6e7378d569d7f:0xfe8af765f15074f0!8m2!3d38.8946095!4d8.8131483!16s%2Fg%2F12q4r5ypd?entry=ttu","trip_advisor":"https:\/\/www.tripadvisor.co.uk\/Attraction_Review-g1202591-d2254080-Reviews-Spiaggia_di_Tuerredda-Teulada_Province_of_Cagliari_Sardinia.html","coordinates":{"latitude":"38.8902838","longitude":"8.7414241"},"charging_stations":[{"charging_station":"CCS 150kW, CHAdeMO 62kW, Type 2 22kW: Via Tramontana, 09010 Pula CA, Italy (23.4km \/ 27-min)"}]},"aioseo_notices":[],"_links":{"self":[{"href":"https:\/\/nissantravelguide.com\/fr\/wp-json\/wp\/v2\/pages\/6066"}],"collection":[{"href":"https:\/\/nissantravelguide.com\/fr\/wp-json\/wp\/v2\/pages"}],"about":[{"href":"https:\/\/nissantravelguide.com\/fr\/wp-json\/wp\/v2\/types\/page"}],"author":[{"embeddable":true,"href":"https:\/\/nissantravelguide.com\/fr\/wp-json\/wp\/v2\/users\/1"}],"replies":[{"embeddable":true,"href":"https:\/\/nissantravelguide.com\/fr\/wp-json\/wp\/v2\/comments?post=6066"}],"version-history":[{"count":0,"href":"https:\/\/nissantravelguide.com\/fr\/wp-json\/wp\/v2\/pages\/6066\/revisions"}],"up":[{"embeddable":true,"href":"https:\/\/nissantravelguide.com\/fr\/wp-json\/wp\/v2\/pages\/6018"}],"wp:featuredmedia":[{"embeddable":true,"href":"https:\/\/nissantravelguide.com\/fr\/wp-json\/wp\/v2\/media\/5308"}],"wp:attachment":[{"href":"https:\/\/nissantravelguide.com\/fr\/wp-json\/wp\/v2\/media?parent=6066"}],"curies":[{"name":"wp","href":"https:\/\/api.w.org\/{rel}","templated":true}]}}