{"id":6068,"date":"2023-07-28T08:19:27","date_gmt":"2023-07-28T08:19:27","guid":{"rendered":"https:\/\/nissantravelguide.com\/sardaigne\/spiaggia-la-pelosa\/"},"modified":"2023-07-28T08:19:27","modified_gmt":"2023-07-28T08:19:27","slug":"spiaggia-la-pelosa","status":"publish","type":"page","link":"https:\/\/nissantravelguide.com\/fr\/sardaigne\/spiaggia-la-pelosa\/","title":{"rendered":"Spiaggia La Pelosa"},"content":{"rendered":"<p>Cette plage vous laissera pantois et vous vous demanderez si vous n\u2019avez pas \u00e9t\u00e9 transport\u00e9 par magie dans les Cara\u00efbes\u00a0! Offrez-vous une exp\u00e9rience inoubliable au Spiaggia La Pelosa, l\u2019une des plages les plus appr\u00e9ci\u00e9es, non seulement sur l\u2019\u00eele, mais peut-\u00eatre sur tout le continent. Le long de la magnifique c\u00f4te nord-ouest de la Sardaigne, elle offre des eaux turquoises cristallines et des plages de sable blanc immacul\u00e9. Tandis que vous vous pr\u00e9lasserez au soleil et plongerez vos orteils dans la mer, vous serez fascin\u00e9 par les vues \u00e0 couper le souffle sur l\u2019Isola Piana, \u00e0 seulement 600\u00a0m\u00e8tres de la c\u00f4te, et sur l\u2019enchanteresse Isola Asinara. La Spiaggia La Pelosa, avec son charme irr\u00e9sistible, est une \u00e9tape incontournable pour tous ceux qui explorent la r\u00e9gion de Sassari. Pr\u00e9parez vos affaires de plage et embarquez pour une aventure tropicale sans quitter la Sardaigne\u00a0!<\/p>\n","protected":false},"excerpt":{"rendered":"<p>Cette plage vous laissera pantois et vous vous demanderez si vous n\u2019avez pas \u00e9t\u00e9 transport\u00e9 par magie dans les Cara\u00efbes\u00a0! Offrez-vous une exp\u00e9rience inoubliable au Spiaggia La Pelosa, l\u2019une des plages les plus appr\u00e9ci\u00e9es, non seulement sur l\u2019\u00eele, mais peut-\u00eatre sur tout le continent. Le long de la magnifique c\u00f4te nord-ouest de la Sardaigne, elle [&hellip;]<\/p>\n","protected":false},"author":1,"featured_media":5884,"parent":6018,"menu_order":0,"comment_status":"closed","ping_status":"closed","template":"tpl-location.php","meta":{"_acf_changed":false,"footnotes":""},"acf":{"address":"Italy","location_type":"beauty","map_link":"https:\/\/www.google.com\/maps\/place\/Spiaggia+La+Pelosa\/@40.9661896,8.2058939,15z\/data=!4m6!3m5!1s0x12dc9e7186be51dd:0xff1db3e8eed05b65!8m2!3d40.9654818!4d8.2095124!16s%2Fg%2F11bymx1tfy?entry=ttu","trip_advisor":"https:\/\/www.tripadvisor.it\/Attraction_Review-g608925-d614634-Reviews-La_Pelosa_Beach-Stintino_Province_of_Sassari_Sardinia.html","coordinates":{"latitude":"40.9661896","longitude":"8.2058939"},"charging_stations":[{"charging_station":"CHAdeMO 50kW, CCS 50kW, Type 2 43kW, Type 2 22kW: Str. Litoranea Platamona, 07046 Porto Torres SS, Italy (35.2kms \/ 40-min)"}]},"aioseo_notices":[],"_links":{"self":[{"href":"https:\/\/nissantravelguide.com\/fr\/wp-json\/wp\/v2\/pages\/6068"}],"collection":[{"href":"https:\/\/nissantravelguide.com\/fr\/wp-json\/wp\/v2\/pages"}],"about":[{"href":"https:\/\/nissantravelguide.com\/fr\/wp-json\/wp\/v2\/types\/page"}],"author":[{"embeddable":true,"href":"https:\/\/nissantravelguide.com\/fr\/wp-json\/wp\/v2\/users\/1"}],"replies":[{"embeddable":true,"href":"https:\/\/nissantravelguide.com\/fr\/wp-json\/wp\/v2\/comments?post=6068"}],"version-history":[{"count":0,"href":"https:\/\/nissantravelguide.com\/fr\/wp-json\/wp\/v2\/pages\/6068\/revisions"}],"up":[{"embeddable":true,"href":"https:\/\/nissantravelguide.com\/fr\/wp-json\/wp\/v2\/pages\/6018"}],"wp:featuredmedia":[{"embeddable":true,"href":"https:\/\/nissantravelguide.com\/fr\/wp-json\/wp\/v2\/media\/5884"}],"wp:attachment":[{"href":"https:\/\/nissantravelguide.com\/fr\/wp-json\/wp\/v2\/media?parent=6068"}],"curies":[{"name":"wp","href":"https:\/\/api.w.org\/{rel}","templated":true}]}}