{"id":6070,"date":"2023-07-28T08:19:55","date_gmt":"2023-07-28T08:19:55","guid":{"rendered":"https:\/\/nissantravelguide.com\/sardaigne\/spiaggia-rena-bianca\/"},"modified":"2023-07-28T08:19:55","modified_gmt":"2023-07-28T08:19:55","slug":"spiaggia-rena-bianca","status":"publish","type":"page","link":"https:\/\/nissantravelguide.com\/fr\/sardaigne\/spiaggia-rena-bianca\/","title":{"rendered":"Spiaggia Rena Bianca"},"content":{"rendered":"<p>Spiaggia Rena Bianca, l\u2019une des plus belles plages de la c\u00f4te nord de la Sardaigne, offre une vue \u00e9poustouflante sur les falaises de la Corse ainsi que sur Isola Municca au nord-ouest. La plage de 200\u00a0m\u00e8tres de long a \u00e9galement re\u00e7u la distinction \u00ab\u00a0drapeau bleu\u00a0\u00bb en r\u00e9compense de l\u2019attention port\u00e9e \u00e0 la pr\u00e9servation de l\u2019environnement. Avec ses eaux peu profondes et son emplacement \u00e0 l\u2019abri des vents c\u00f4tiers, la plage est particuli\u00e8rement adapt\u00e9e aux familles. Pour les plus courageux, une colline situ\u00e9e \u00e0 proximit\u00e9 de la plage, la Torre di Longonsardo, offre \u00e9galement une vue imprenable sur la plage et les environs.<\/p>\n","protected":false},"excerpt":{"rendered":"<p>Spiaggia Rena Bianca, l\u2019une des plus belles plages de la c\u00f4te nord de la Sardaigne, offre une vue \u00e9poustouflante sur les falaises de la Corse ainsi que sur Isola Municca au nord-ouest. La plage de 200\u00a0m\u00e8tres de long a \u00e9galement re\u00e7u la distinction \u00ab\u00a0drapeau bleu\u00a0\u00bb en r\u00e9compense de l\u2019attention port\u00e9e \u00e0 la pr\u00e9servation de l\u2019environnement. [&hellip;]<\/p>\n","protected":false},"author":1,"featured_media":5693,"parent":6018,"menu_order":0,"comment_status":"closed","ping_status":"closed","template":"tpl-location.php","meta":{"_acf_changed":false,"footnotes":""},"acf":{"address":"Italy","location_type":"beauty","map_link":"https:\/\/www.google.com\/maps\/place\/Spiaggia+Rena+Bianca\/@41.2449891,9.186481,18z\/data=!3m1!4b1!4m6!3m5!1s0x12dbdff7e9437e8b:0xc2418387787c03f9!8m2!3d41.2450063!4d9.1894029!16s%2Fg%2F1hhw6jz75?entry=ttu","trip_advisor":"https:\/\/www.tripadvisor.it\/Attraction_Review-g187879-d4472624-Reviews-Spiaggia_Rena_Bianca-Sardinia.html","coordinates":{"latitude":"41.2449891","longitude":"9.186481"},"charging_stations":[{"charging_station":"Type 2 22kW: via Stefano Nicolai, 2, 07028 Santa Teresa di Gallura SS, Italy (2km \/ 6-min)"}]},"aioseo_notices":[],"_links":{"self":[{"href":"https:\/\/nissantravelguide.com\/fr\/wp-json\/wp\/v2\/pages\/6070"}],"collection":[{"href":"https:\/\/nissantravelguide.com\/fr\/wp-json\/wp\/v2\/pages"}],"about":[{"href":"https:\/\/nissantravelguide.com\/fr\/wp-json\/wp\/v2\/types\/page"}],"author":[{"embeddable":true,"href":"https:\/\/nissantravelguide.com\/fr\/wp-json\/wp\/v2\/users\/1"}],"replies":[{"embeddable":true,"href":"https:\/\/nissantravelguide.com\/fr\/wp-json\/wp\/v2\/comments?post=6070"}],"version-history":[{"count":0,"href":"https:\/\/nissantravelguide.com\/fr\/wp-json\/wp\/v2\/pages\/6070\/revisions"}],"up":[{"embeddable":true,"href":"https:\/\/nissantravelguide.com\/fr\/wp-json\/wp\/v2\/pages\/6018"}],"wp:featuredmedia":[{"embeddable":true,"href":"https:\/\/nissantravelguide.com\/fr\/wp-json\/wp\/v2\/media\/5693"}],"wp:attachment":[{"href":"https:\/\/nissantravelguide.com\/fr\/wp-json\/wp\/v2\/media?parent=6070"}],"curies":[{"name":"wp","href":"https:\/\/api.w.org\/{rel}","templated":true}]}}