{"id":6072,"date":"2023-07-28T08:20:29","date_gmt":"2023-07-28T08:20:29","guid":{"rendered":"https:\/\/nissantravelguide.com\/sardaigne\/su-leunaxiu\/"},"modified":"2023-07-28T08:20:29","modified_gmt":"2023-07-28T08:20:29","slug":"su-leunaxiu","status":"publish","type":"page","link":"https:\/\/nissantravelguide.com\/fr\/sardaigne\/su-leunaxiu\/","title":{"rendered":"Su Leunaxiu"},"content":{"rendered":"<p>Le Su Leunaxiu est un \u00e9tablissement familial ouvert il y a plus de 40\u00a0ans, soucieux de promouvoir un mode de vie sain et de respecter l\u2019environnement. La nourriture que vous mangez au Su Leunaxiu a \u00e9t\u00e9 pr\u00e9par\u00e9e avec le plus grand soin, votre plaisir \u00e9tant la priorit\u00e9 absolue\u00a0! Comme si cela ne suffisait pas, la propri\u00e9t\u00e9 est \u00e9galement une ferme p\u00e9dagogique, qui enseigne aux nouvelles g\u00e9n\u00e9rations de Sardes l\u2019importance du respect de la culture et de l\u2019histoire de la tradition agritouristique de la Sardaigne, pour que les comp\u00e9tences d\u00e9montr\u00e9es avec tant d\u2019habilet\u00e9 par les chefs dans leurs restaurants se perp\u00e9tuent dans les d\u00e9cennies \u00e0 venir\u00a0!<\/p>\n","protected":false},"excerpt":{"rendered":"<p>Le Su Leunaxiu est un \u00e9tablissement familial ouvert il y a plus de 40\u00a0ans, soucieux de promouvoir un mode de vie sain et de respecter l\u2019environnement. La nourriture que vous mangez au Su Leunaxiu a \u00e9t\u00e9 pr\u00e9par\u00e9e avec le plus grand soin, votre plaisir \u00e9tant la priorit\u00e9 absolue\u00a0! Comme si cela ne suffisait pas, la [&hellip;]<\/p>\n","protected":false},"author":1,"featured_media":5602,"parent":6018,"menu_order":0,"comment_status":"closed","ping_status":"closed","template":"tpl-location.php","meta":{"_acf_changed":false,"footnotes":""},"acf":{"address":"Strada Statale 387 km 15, 09040 Soleminis SU, Italy","location_type":"restaurant","map_link":"https:\/\/www.google.com\/maps\/place\/Agriturismo+Su+Leunaxiu\/@39.3431765,9.1559929,17z\/data=!3m1!4b1!4m9!3m8!1s0x12e74b325955fd4f:0xdde8ddb547d545e0!5m2!4m1!1i2!8m2!3d39.3431765!4d9.1559929!16s%2Fg%2F1tflv31d?entry=ttu","trip_advisor":"https:\/\/www.tripadvisor.it\/Hotel_Review-g3487338-d1552825-Reviews-Agriturismo_Su_Leunaxiu-Soleminis_Province_of_Cagliari_Sardinia.html","coordinates":{"latitude":"39.3431765","longitude":"9.1559929"},"charging_stations":[{"charging_station":"Type 2 14kW: Via delle Rose, 18, 09041 Dolianova SU, Italy (3.4kms \/ 4-min)"}]},"aioseo_notices":[],"_links":{"self":[{"href":"https:\/\/nissantravelguide.com\/fr\/wp-json\/wp\/v2\/pages\/6072"}],"collection":[{"href":"https:\/\/nissantravelguide.com\/fr\/wp-json\/wp\/v2\/pages"}],"about":[{"href":"https:\/\/nissantravelguide.com\/fr\/wp-json\/wp\/v2\/types\/page"}],"author":[{"embeddable":true,"href":"https:\/\/nissantravelguide.com\/fr\/wp-json\/wp\/v2\/users\/1"}],"replies":[{"embeddable":true,"href":"https:\/\/nissantravelguide.com\/fr\/wp-json\/wp\/v2\/comments?post=6072"}],"version-history":[{"count":0,"href":"https:\/\/nissantravelguide.com\/fr\/wp-json\/wp\/v2\/pages\/6072\/revisions"}],"up":[{"embeddable":true,"href":"https:\/\/nissantravelguide.com\/fr\/wp-json\/wp\/v2\/pages\/6018"}],"wp:featuredmedia":[{"embeddable":true,"href":"https:\/\/nissantravelguide.com\/fr\/wp-json\/wp\/v2\/media\/5602"}],"wp:attachment":[{"href":"https:\/\/nissantravelguide.com\/fr\/wp-json\/wp\/v2\/media?parent=6072"}],"curies":[{"name":"wp","href":"https:\/\/api.w.org\/{rel}","templated":true}]}}