{"id":6074,"date":"2023-07-28T08:21:04","date_gmt":"2023-07-28T08:21:04","guid":{"rendered":"https:\/\/nissantravelguide.com\/sardaigne\/turismo-rurale-filieri\/"},"modified":"2023-07-28T08:21:04","modified_gmt":"2023-07-28T08:21:04","slug":"turismo-rurale-filieri","status":"publish","type":"page","link":"https:\/\/nissantravelguide.com\/fr\/sardaigne\/turismo-rurale-filieri\/","title":{"rendered":"Turismo Rurale Filieri"},"content":{"rendered":"<p>\u00c0 15\u00a0minutes des plages, mais aussi \u00e0 proximit\u00e9 des montagnes du centre-est de la Sardaigne, il n\u2019y a pas de restaurant mieux situ\u00e9 sur l\u2019\u00eele pour les explorateurs intr\u00e9pides\u00a0! Ce restaurant, construit dans une ancienne ferme, est fier de pouvoir dire que plus de 90\u00a0% de ses produits proviennent de fermes et de cultures locales. Mieux encore, cette authenticit\u00e9 des produits et le d\u00e9cor rustique du restaurant transportent les visiteurs \u00e0 travers les g\u00e9n\u00e9rations de Sardes qui les ont pr\u00e9c\u00e9d\u00e9s et qui ont appr\u00e9ci\u00e9 les plaisirs simples de la bonne vie sur l\u2019\u00eele, avec des aliments et des boissons provenant de sources durables situ\u00e9es juste \u00e0 c\u00f4t\u00e9\u00a0!<\/p>\n","protected":false},"excerpt":{"rendered":"<p>\u00c0 15\u00a0minutes des plages, mais aussi \u00e0 proximit\u00e9 des montagnes du centre-est de la Sardaigne, il n\u2019y a pas de restaurant mieux situ\u00e9 sur l\u2019\u00eele pour les explorateurs intr\u00e9pides\u00a0! Ce restaurant, construit dans une ancienne ferme, est fier de pouvoir dire que plus de 90\u00a0% de ses produits proviennent de fermes et de cultures locales. [&hellip;]<\/p>\n","protected":false},"author":1,"featured_media":5672,"parent":6018,"menu_order":0,"comment_status":"closed","ping_status":"closed","template":"tpl-location.php","meta":{"_acf_changed":false,"footnotes":""},"acf":{"address":"Loc. Filieri, 08022 Dorgali NU, Italy","location_type":"restaurant","map_link":"https:\/\/www.google.com\/maps\/place\/Turismo+Rurale+-+Ristorante+-+Filieri\/@40.2744107,9.5694817,17z\/data=!3m1!4b1!4m9!3m8!1s0x12def51f3cbb8595:0xa0d98a150f6460eb!5m2!4m1!1i2!8m2!3d40.2744107!4d9.5694817!16s%2Fg%2F1pyqf21ch?entry=ttu","trip_advisor":"https:\/\/www.tripadvisor.it\/Restaurant_Review-g642180-d6419449-Reviews-Turismo_Rurale_Filieri-Dorgali_Province_of_Nuoro_Sardinia.html","coordinates":{"latitude":"40.2744107","longitude":"9.5694817"},"charging_stations":[{"charging_station":"Type 2 22kW: Via Vittorio Emanuele, 93, 08022 Dorgali NU, Italy (6.6Kms \/ 13-min)"}]},"aioseo_notices":[],"_links":{"self":[{"href":"https:\/\/nissantravelguide.com\/fr\/wp-json\/wp\/v2\/pages\/6074"}],"collection":[{"href":"https:\/\/nissantravelguide.com\/fr\/wp-json\/wp\/v2\/pages"}],"about":[{"href":"https:\/\/nissantravelguide.com\/fr\/wp-json\/wp\/v2\/types\/page"}],"author":[{"embeddable":true,"href":"https:\/\/nissantravelguide.com\/fr\/wp-json\/wp\/v2\/users\/1"}],"replies":[{"embeddable":true,"href":"https:\/\/nissantravelguide.com\/fr\/wp-json\/wp\/v2\/comments?post=6074"}],"version-history":[{"count":0,"href":"https:\/\/nissantravelguide.com\/fr\/wp-json\/wp\/v2\/pages\/6074\/revisions"}],"up":[{"embeddable":true,"href":"https:\/\/nissantravelguide.com\/fr\/wp-json\/wp\/v2\/pages\/6018"}],"wp:featuredmedia":[{"embeddable":true,"href":"https:\/\/nissantravelguide.com\/fr\/wp-json\/wp\/v2\/media\/5672"}],"wp:attachment":[{"href":"https:\/\/nissantravelguide.com\/fr\/wp-json\/wp\/v2\/media?parent=6074"}],"curies":[{"name":"wp","href":"https:\/\/api.w.org\/{rel}","templated":true}]}}