{"id":3916,"date":"2022-12-12T09:06:40","date_gmt":"2022-12-12T09:06:40","guid":{"rendered":"https:\/\/nissantravelguide.com\/bratislava\/restauracia-sluk\/"},"modified":"2022-12-12T09:06:40","modified_gmt":"2022-12-12T09:06:40","slug":"restauracia-sluk","status":"publish","type":"page","link":"https:\/\/nissantravelguide.com\/it\/bratislava\/restauracia-sluk\/","title":{"rendered":"Re\u0161taur\u00e1cia S\u013dUK"},"content":{"rendered":"<p class=\"p1\">Se sei alla ricerca di piatti tradizionali slovacchi e intrattenimento, non perdere tempo: Re\u0161taur\u00e1cia SL\u2019UK \u00e8 la risposta. Potrai cenare al ristorante mentre ti godi uno spettacolo di danza locale folkloristica slovacca. Situato nei pressi del castello di Rusovce, Re\u0161taur\u00e1cia SL\u2019UK serve un mix di prelibatezze locali e di ispirazione mondiale ed \u00e8 un\u2019ottima scelta per chiunque desideri assaporare gli autentici sapori di Bratislava.<\/p>\n","protected":false},"excerpt":{"rendered":"<p>Se sei alla ricerca di piatti tradizionali slovacchi e intrattenimento, non perdere tempo: Re\u0161taur\u00e1cia SL\u2019UK \u00e8 la risposta. Potrai cenare al ristorante mentre ti godi uno spettacolo di danza locale folkloristica slovacca. Situato nei pressi del castello di Rusovce, Re\u0161taur\u00e1cia SL\u2019UK serve un mix di prelibatezze locali e di ispirazione mondiale ed \u00e8 un\u2019ottima scelta [&hellip;]<\/p>\n","protected":false},"author":1,"featured_media":3000,"parent":2876,"menu_order":0,"comment_status":"closed","ping_status":"closed","template":"tpl-location.php","meta":{"_acf_changed":false,"footnotes":""},"acf":{"address":"Ma\u010farsk\u00e1 31, 851 10 Rusovce, Slovakia","location_type":"restaurant","map_link":"https:\/\/www.google.com\/maps\/place\/S%C4%BDUK+Restaurant\/@48.0531528,17.0186944,12z\/data=!4m9!1m2!2m1!1zcmXFoXRhdXLDoWNpYSBzxL51ayB0cmlwYWR2aXNvcg!3m5!1s0x476c62ca62eac959:0x222090fbf3506378!8m2!3d48.0536034!4d17.1500503!15sCh9yZcWhdGF1csOhY2lhIHPEvnVrIHRyaXBhZHZpc29yWiEiH3JlxaF0YXVyw6FjaWEgc8S-dWsgdHJpcGFkdmlzb3KSAQpyZXN0YXVyYW504AEA","trip_advisor":"https:\/\/www.tripadvisor.com\/Restaurant_Review-g274924-d1115449-Reviews-SLUK_Restaurant-Bratislava_Bratislava_Region.html","coordinates":{"latitude":"48.0531528","longitude":"17.0186944"},"charging_stations":[{"charging_station":"Type 2 11kW: Hauptplatz 31 (8.3km \/ 12 min) "}]},"aioseo_notices":[],"_links":{"self":[{"href":"https:\/\/nissantravelguide.com\/it\/wp-json\/wp\/v2\/pages\/3916"}],"collection":[{"href":"https:\/\/nissantravelguide.com\/it\/wp-json\/wp\/v2\/pages"}],"about":[{"href":"https:\/\/nissantravelguide.com\/it\/wp-json\/wp\/v2\/types\/page"}],"author":[{"embeddable":true,"href":"https:\/\/nissantravelguide.com\/it\/wp-json\/wp\/v2\/users\/1"}],"replies":[{"embeddable":true,"href":"https:\/\/nissantravelguide.com\/it\/wp-json\/wp\/v2\/comments?post=3916"}],"version-history":[{"count":0,"href":"https:\/\/nissantravelguide.com\/it\/wp-json\/wp\/v2\/pages\/3916\/revisions"}],"up":[{"embeddable":true,"href":"https:\/\/nissantravelguide.com\/it\/wp-json\/wp\/v2\/pages\/2876"}],"wp:featuredmedia":[{"embeddable":true,"href":"https:\/\/nissantravelguide.com\/it\/wp-json\/wp\/v2\/media\/3000"}],"wp:attachment":[{"href":"https:\/\/nissantravelguide.com\/it\/wp-json\/wp\/v2\/media?parent=3916"}],"curies":[{"name":"wp","href":"https:\/\/api.w.org\/{rel}","templated":true}]}}