{"id":3919,"date":"2022-12-12T09:07:26","date_gmt":"2022-12-12T09:07:26","guid":{"rendered":"https:\/\/nissantravelguide.com\/bratislava\/slovak-pub\/"},"modified":"2022-12-12T09:07:26","modified_gmt":"2022-12-12T09:07:26","slug":"slovak-pub","status":"publish","type":"page","link":"https:\/\/nissantravelguide.com\/it\/bratislava\/slovak-pub\/","title":{"rendered":"Slovak Pub"},"content":{"rendered":"<p class=\"p1\">Noto per le sue sale a tema e la sua azienda agricola biologica, lo Slovak Pub \u00e8 il pi\u00f9 grande di Bratislava (e anche uno dei pi\u00f9 popolari). Goditi un\u2019atmosfera unica in ognuna delle 11 sale progettate per evocare diverse epoche della storia slovacca, dalla Shepherd\u2019s Hut, risalente a 200 anni fa, alla stanza Pribina\u2019s Knights. Inoltre, potrai provare le ricche prelibatezze locali e i prodotti da forno preparati con gli ingredienti pi\u00f9 freschi provenienti dalla fattoria del pub. E non dimenticare di abbinare il piatto a un drink preparato presso il loro birrificio.<\/p>\n","protected":false},"excerpt":{"rendered":"<p>Noto per le sue sale a tema e la sua azienda agricola biologica, lo Slovak Pub \u00e8 il pi\u00f9 grande di Bratislava (e anche uno dei pi\u00f9 popolari). Goditi un\u2019atmosfera unica in ognuna delle 11 sale progettate per evocare diverse epoche della storia slovacca, dalla Shepherd\u2019s Hut, risalente a 200 anni fa, alla stanza Pribina\u2019s [&hellip;]<\/p>\n","protected":false},"author":1,"featured_media":3034,"parent":2876,"menu_order":0,"comment_status":"closed","ping_status":"closed","template":"tpl-location.php","meta":{"_acf_changed":false,"footnotes":""},"acf":{"address":"62 613, Obchodn\u00e1, 811 06 Bratislava, Slovakia","location_type":"restaurant","map_link":"https:\/\/www.google.com\/maps\/place\/Slovak+Pub\/@48.148371,17.1123577,15z\/data=!4m5!3m4!1s0x0:0x1261e75938998ecc!8m2!3d48.148371!4d17.1123577","trip_advisor":"https:\/\/www.tripadvisor.com\/Restaurant_Review-g274924-d697348-Reviews-Slovak_Pub-Bratislava_Bratislava_Region.html","coordinates":{"latitude":"48.148371","longitude":"17.1123577"},"charging_stations":[{"charging_station":"Type 2 43kW: Kaufland, Trnavska Cesta (3.8km \/ 14 min)"}]},"aioseo_notices":[],"_links":{"self":[{"href":"https:\/\/nissantravelguide.com\/it\/wp-json\/wp\/v2\/pages\/3919"}],"collection":[{"href":"https:\/\/nissantravelguide.com\/it\/wp-json\/wp\/v2\/pages"}],"about":[{"href":"https:\/\/nissantravelguide.com\/it\/wp-json\/wp\/v2\/types\/page"}],"author":[{"embeddable":true,"href":"https:\/\/nissantravelguide.com\/it\/wp-json\/wp\/v2\/users\/1"}],"replies":[{"embeddable":true,"href":"https:\/\/nissantravelguide.com\/it\/wp-json\/wp\/v2\/comments?post=3919"}],"version-history":[{"count":0,"href":"https:\/\/nissantravelguide.com\/it\/wp-json\/wp\/v2\/pages\/3919\/revisions"}],"up":[{"embeddable":true,"href":"https:\/\/nissantravelguide.com\/it\/wp-json\/wp\/v2\/pages\/2876"}],"wp:featuredmedia":[{"embeddable":true,"href":"https:\/\/nissantravelguide.com\/it\/wp-json\/wp\/v2\/media\/3034"}],"wp:attachment":[{"href":"https:\/\/nissantravelguide.com\/it\/wp-json\/wp\/v2\/media?parent=3919"}],"curies":[{"name":"wp","href":"https:\/\/api.w.org\/{rel}","templated":true}]}}