{"id":3920,"date":"2022-12-12T09:07:43","date_gmt":"2022-12-12T09:07:43","guid":{"rendered":"https:\/\/nissantravelguide.com\/bratislava\/sad-janka-krala\/"},"modified":"2022-12-12T09:07:43","modified_gmt":"2022-12-12T09:07:43","slug":"sad-janka-krala","status":"publish","type":"page","link":"https:\/\/nissantravelguide.com\/it\/bratislava\/sad-janka-krala\/","title":{"rendered":"Sad Janka Kr\u00e1\u013ea"},"content":{"rendered":"<p class=\"p1\">Hai bisogno di un momento per rilassarti? Perditi nella tranquilla oasi verde di Sad Janka Kr\u00e1\u013ea, il parco pubblico pi\u00f9 antico dell\u2019Europa centrale. Dimenticherai di essere nel bel mezzo di una citt\u00e0 vivace mentre ti rilassi e assapori la bellezza naturale di questo paradiso. Situato tra il Ponte Vecchio e il Ponte Nuovo, \u00e8 il luogo ideale per una passeggiata, che ti consente di ammirare l\u2019architettura a contrasto che a Bratislava combina il vecchio e il nuovo mondo.<\/p>\n<p class=\"p1\">E mentre ti prendi del tempo per ricaricarti, ricorda che la tua auto ha bisogno di un momento per fare lo stesso. Approfitta delle stazioni di ricarica locali parcheggiando presso il centro commerciale Aupark nelle vicinanze.<\/p>\n","protected":false},"excerpt":{"rendered":"<p>Hai bisogno di un momento per rilassarti? Perditi nella tranquilla oasi verde di Sad Janka Kr\u00e1\u013ea, il parco pubblico pi\u00f9 antico dell\u2019Europa centrale. Dimenticherai di essere nel bel mezzo di una citt\u00e0 vivace mentre ti rilassi e assapori la bellezza naturale di questo paradiso. Situato tra il Ponte Vecchio e il Ponte Nuovo, \u00e8 il [&hellip;]<\/p>\n","protected":false},"author":1,"featured_media":3019,"parent":2876,"menu_order":0,"comment_status":"closed","ping_status":"closed","template":"tpl-location.php","meta":{"_acf_changed":false,"footnotes":""},"acf":{"address":"Sad Janka Kr\u00e1\u013ea, 851 01 Petr\u017ealka, Slovakia","location_type":"beauty","map_link":"https:\/\/www.google.com\/maps\/place\/Sad+Janka+Kr%C3%A1%C4%BEa\/@48.1352454,17.1097314,15z\/data=!4m5!3m4!1s0x0:0xf2853fcb91ce053c!8m2!3d48.1352454!4d17.1097314","trip_advisor":"https:\/\/www.tripadvisor.co.uk\/Attraction_Review-g274924-d4155320-Reviews-Sad_Janka_KraLa-Bratislava_Bratislava_Region.html","coordinates":{"latitude":"48.1352454","longitude":"17.1097314"},"charging_stations":[{"charging_station":"Type 2, 22kW: Aupark Shopping Center Car Park (950m \/ 3 min)"}]},"aioseo_notices":[],"_links":{"self":[{"href":"https:\/\/nissantravelguide.com\/it\/wp-json\/wp\/v2\/pages\/3920"}],"collection":[{"href":"https:\/\/nissantravelguide.com\/it\/wp-json\/wp\/v2\/pages"}],"about":[{"href":"https:\/\/nissantravelguide.com\/it\/wp-json\/wp\/v2\/types\/page"}],"author":[{"embeddable":true,"href":"https:\/\/nissantravelguide.com\/it\/wp-json\/wp\/v2\/users\/1"}],"replies":[{"embeddable":true,"href":"https:\/\/nissantravelguide.com\/it\/wp-json\/wp\/v2\/comments?post=3920"}],"version-history":[{"count":0,"href":"https:\/\/nissantravelguide.com\/it\/wp-json\/wp\/v2\/pages\/3920\/revisions"}],"up":[{"embeddable":true,"href":"https:\/\/nissantravelguide.com\/it\/wp-json\/wp\/v2\/pages\/2876"}],"wp:featuredmedia":[{"embeddable":true,"href":"https:\/\/nissantravelguide.com\/it\/wp-json\/wp\/v2\/media\/3019"}],"wp:attachment":[{"href":"https:\/\/nissantravelguide.com\/it\/wp-json\/wp\/v2\/media?parent=3920"}],"curies":[{"name":"wp","href":"https:\/\/api.w.org\/{rel}","templated":true}]}}