{"id":3921,"date":"2022-12-12T09:07:55","date_gmt":"2022-12-12T09:07:55","guid":{"rendered":"https:\/\/nissantravelguide.com\/bratislava\/devin\/"},"modified":"2022-12-12T09:07:55","modified_gmt":"2022-12-12T09:07:55","slug":"devin","status":"publish","type":"page","link":"https:\/\/nissantravelguide.com\/it\/bratislava\/devin\/","title":{"rendered":"Devin"},"content":{"rendered":"<p class=\"p1\">Situato a pochi chilometri a ovest di Bratislava, Devin \u00e8 uno dei castelli pi\u00f9 antichi della Slovacchia, sulle rive del Danubio. Puoi visitare le rovine o fare una passeggiata lungo il fiume. \u00c8 facile capire perch\u00e9 Devin \u00e8 uno dei siti pi\u00f9 visitati della Slovacchia: la vista \u00e8 semplicemente mozzafiato e puoi vedere fino a Vienna e alle cime innevate delle Alpi austriache. La zona \u00e8 nota anche per il suo vino di ribes rosso.<span class=\"Apple-converted-space\">\u00a0<\/span><\/p>\n","protected":false},"excerpt":{"rendered":"<p>Situato a pochi chilometri a ovest di Bratislava, Devin \u00e8 uno dei castelli pi\u00f9 antichi della Slovacchia, sulle rive del Danubio. Puoi visitare le rovine o fare una passeggiata lungo il fiume. \u00c8 facile capire perch\u00e9 Devin \u00e8 uno dei siti pi\u00f9 visitati della Slovacchia: la vista \u00e8 semplicemente mozzafiato e puoi vedere fino a [&hellip;]<\/p>\n","protected":false},"author":1,"featured_media":2945,"parent":2876,"menu_order":0,"comment_status":"closed","ping_status":"closed","template":"tpl-location.php","meta":{"_acf_changed":false,"footnotes":""},"acf":{"address":"841 10 Bratislava Slovakia","location_type":"beauty","map_link":"https:\/\/goo.gl\/maps\/wUaVeBrYb9Tmgou48","trip_advisor":"https:\/\/www.tripadvisor.co.uk\/Attraction_Review-g274924-d290673-Reviews-Devin_Castle-Bratislava_Bratislava_Region.html","coordinates":{"latitude":"48.1765565","longitude":"16.9854218"},"charging_stations":[{"charging_station":"Type 2 22.1kW \/ CCS 50kW CHAdeMO 50kW: Star\u00e9 Grunty 56, 841 04 Bratislava, Slovakia (9.8km \/ 15 min) "}]},"aioseo_notices":[],"_links":{"self":[{"href":"https:\/\/nissantravelguide.com\/it\/wp-json\/wp\/v2\/pages\/3921"}],"collection":[{"href":"https:\/\/nissantravelguide.com\/it\/wp-json\/wp\/v2\/pages"}],"about":[{"href":"https:\/\/nissantravelguide.com\/it\/wp-json\/wp\/v2\/types\/page"}],"author":[{"embeddable":true,"href":"https:\/\/nissantravelguide.com\/it\/wp-json\/wp\/v2\/users\/1"}],"replies":[{"embeddable":true,"href":"https:\/\/nissantravelguide.com\/it\/wp-json\/wp\/v2\/comments?post=3921"}],"version-history":[{"count":0,"href":"https:\/\/nissantravelguide.com\/it\/wp-json\/wp\/v2\/pages\/3921\/revisions"}],"up":[{"embeddable":true,"href":"https:\/\/nissantravelguide.com\/it\/wp-json\/wp\/v2\/pages\/2876"}],"wp:featuredmedia":[{"embeddable":true,"href":"https:\/\/nissantravelguide.com\/it\/wp-json\/wp\/v2\/media\/2945"}],"wp:attachment":[{"href":"https:\/\/nissantravelguide.com\/it\/wp-json\/wp\/v2\/media?parent=3921"}],"curies":[{"name":"wp","href":"https:\/\/api.w.org\/{rel}","templated":true}]}}