{"id":3923,"date":"2022-12-12T09:09:31","date_gmt":"2022-12-12T09:09:31","guid":{"rendered":"https:\/\/nissantravelguide.com\/budapest\/hotel-clark\/"},"modified":"2022-12-12T09:09:31","modified_gmt":"2022-12-12T09:09:31","slug":"hotel-clark","status":"publish","type":"page","link":"https:\/\/nissantravelguide.com\/it\/budapest\/hotel-clark\/","title":{"rendered":"Hotel Clark"},"content":{"rendered":"<p class=\"p1\">Se stai cercando un alloggio elegante ed esclusivo per il tuo viaggio, l\u2019Hotel Clark ti offre esattamente questo. \u00c8 un hotel solo per adulti dove tradizione e design moderno si incontrano, creando un ambiente incredibilmente confortevole da cui iniziare la tua esplorazione di Budapest. Affacciato sul famoso Chain Bridge, l\u2019hotel si trova vicino alle rive del Danubio, con il quartiere del castello e il cuore turistico di Pest a pochi passi.<\/p>\n","protected":false},"excerpt":{"rendered":"<p>Se stai cercando un alloggio elegante ed esclusivo per il tuo viaggio, l\u2019Hotel Clark ti offre esattamente questo. \u00c8 un hotel solo per adulti dove tradizione e design moderno si incontrano, creando un ambiente incredibilmente confortevole da cui iniziare la tua esplorazione di Budapest. Affacciato sul famoso Chain Bridge, l\u2019hotel si trova vicino alle rive [&hellip;]<\/p>\n","protected":false},"author":1,"featured_media":3198,"parent":2906,"menu_order":0,"comment_status":"closed","ping_status":"closed","template":"tpl-location.php","meta":{"_acf_changed":false,"footnotes":""},"acf":{"address":"Budapest, Clark \u00c1d\u00e1m t\u00e9r 1, 1013 Hungary","location_type":"hotel","map_link":"https:\/\/www.google.com\/maps\/place\/Hotel+Clark+Budapest\/@47.4986712,19.0399433,15z\/data=!4m2!3m1!1s0x0:0xe97e4946649ecc5d?sa=X&ved=2ahUKEwj3pbDpjML6AhUrQ0EAHcFODA4Q_BJ6BQiBARAF","trip_advisor":"https:\/\/www.tripadvisor.co.uk\/Hotel_Review-g274887-d13392862-Reviews-Hotel_Clark_Budapest-Budapest_Central_Hungary.html","coordinates":{"latitude":"47.4986712","longitude":"19.0399433"},"charging_stations":[{"charging_station":"CHAdeMO (22.4kW) \/ CCS (22.4kW): Lovas Ut 41, 1012 (1.9km \/ 6 min)"}]},"aioseo_notices":[],"_links":{"self":[{"href":"https:\/\/nissantravelguide.com\/it\/wp-json\/wp\/v2\/pages\/3923"}],"collection":[{"href":"https:\/\/nissantravelguide.com\/it\/wp-json\/wp\/v2\/pages"}],"about":[{"href":"https:\/\/nissantravelguide.com\/it\/wp-json\/wp\/v2\/types\/page"}],"author":[{"embeddable":true,"href":"https:\/\/nissantravelguide.com\/it\/wp-json\/wp\/v2\/users\/1"}],"replies":[{"embeddable":true,"href":"https:\/\/nissantravelguide.com\/it\/wp-json\/wp\/v2\/comments?post=3923"}],"version-history":[{"count":0,"href":"https:\/\/nissantravelguide.com\/it\/wp-json\/wp\/v2\/pages\/3923\/revisions"}],"up":[{"embeddable":true,"href":"https:\/\/nissantravelguide.com\/it\/wp-json\/wp\/v2\/pages\/2906"}],"wp:featuredmedia":[{"embeddable":true,"href":"https:\/\/nissantravelguide.com\/it\/wp-json\/wp\/v2\/media\/3198"}],"wp:attachment":[{"href":"https:\/\/nissantravelguide.com\/it\/wp-json\/wp\/v2\/media?parent=3923"}],"curies":[{"name":"wp","href":"https:\/\/api.w.org\/{rel}","templated":true}]}}