{"id":3924,"date":"2022-12-12T09:09:47","date_gmt":"2022-12-12T09:09:47","guid":{"rendered":"https:\/\/nissantravelguide.com\/budapest\/domus-peregrini-apartments\/"},"modified":"2022-12-12T09:09:47","modified_gmt":"2022-12-12T09:09:47","slug":"domus-peregrini-apartments","status":"publish","type":"page","link":"https:\/\/nissantravelguide.com\/it\/budapest\/domus-peregrini-apartments\/","title":{"rendered":"Domus Peregrini Apartments"},"content":{"rendered":"<p class=\"p1\">Se vai a Budapest a Vienna o Bratislava, la citt\u00e0 di Gy\u0151r \u00e8 una tappa imperdibile. Infatti, uscire dall\u2019autostrada e seguire la strada nazionale ti consentir\u00e0 di goderti alcune vie panoramiche che ti condurranno attraverso vigneti, castelli e arciabbazie medievali. Un\u2019ottima tappa lungo il percorso \u00e8 Domus Peregini Apartments.<\/p>\n","protected":false},"excerpt":{"rendered":"<p>Se vai a Budapest a Vienna o Bratislava, la citt\u00e0 di Gy\u0151r \u00e8 una tappa imperdibile. Infatti, uscire dall\u2019autostrada e seguire la strada nazionale ti consentir\u00e0 di goderti alcune vie panoramiche che ti condurranno attraverso vigneti, castelli e arciabbazie medievali. Un\u2019ottima tappa lungo il percorso \u00e8 Domus Peregini Apartments.<\/p>\n","protected":false},"author":1,"featured_media":3128,"parent":2906,"menu_order":0,"comment_status":"closed","ping_status":"closed","template":"tpl-location.php","meta":{"_acf_changed":false,"footnotes":""},"acf":{"address":"Gy\u0151r, K\u00e1ptalandomb 8, 9021 Hungary","location_type":"hotel","map_link":"https:\/\/g.page\/domus-peregrini-apartmanok?share","trip_advisor":"https:\/\/www.tripadvisor.ca\/Hotel_Review-g274893-d21278428-Reviews-Domus_Peregrini_Apartmanok-Gyor_Gyor_Moson_Sopron_County_Central_Transdanubia.html","coordinates":{"latitude":"47.6883308","longitude":"17.6318387"},"charging_stations":[{"charging_station":"Type 2 22kW \/ CCS 75.2kW: Gy\u0151r, Audi Hung\u00e1ria \u00fat 1, 9027 Hungary (6.6km \/ 12 min)"}]},"aioseo_notices":[],"_links":{"self":[{"href":"https:\/\/nissantravelguide.com\/it\/wp-json\/wp\/v2\/pages\/3924"}],"collection":[{"href":"https:\/\/nissantravelguide.com\/it\/wp-json\/wp\/v2\/pages"}],"about":[{"href":"https:\/\/nissantravelguide.com\/it\/wp-json\/wp\/v2\/types\/page"}],"author":[{"embeddable":true,"href":"https:\/\/nissantravelguide.com\/it\/wp-json\/wp\/v2\/users\/1"}],"replies":[{"embeddable":true,"href":"https:\/\/nissantravelguide.com\/it\/wp-json\/wp\/v2\/comments?post=3924"}],"version-history":[{"count":0,"href":"https:\/\/nissantravelguide.com\/it\/wp-json\/wp\/v2\/pages\/3924\/revisions"}],"up":[{"embeddable":true,"href":"https:\/\/nissantravelguide.com\/it\/wp-json\/wp\/v2\/pages\/2906"}],"wp:featuredmedia":[{"embeddable":true,"href":"https:\/\/nissantravelguide.com\/it\/wp-json\/wp\/v2\/media\/3128"}],"wp:attachment":[{"href":"https:\/\/nissantravelguide.com\/it\/wp-json\/wp\/v2\/media?parent=3924"}],"curies":[{"name":"wp","href":"https:\/\/api.w.org\/{rel}","templated":true}]}}