{"id":3927,"date":"2022-12-12T09:10:40","date_gmt":"2022-12-12T09:10:40","guid":{"rendered":"https:\/\/nissantravelguide.com\/budapest\/deryne\/"},"modified":"2022-12-12T09:10:40","modified_gmt":"2022-12-12T09:10:40","slug":"deryne","status":"publish","type":"page","link":"https:\/\/nissantravelguide.com\/it\/budapest\/deryne\/","title":{"rendered":"D\u00e9ryn\u00e9"},"content":{"rendered":"<p class=\"p1\">D\u00e9ryn\u00e9 Bistro \u00e8 il luogo di ritrovo preferito da artisti, professionisti e star del cinema. Questo ristorante serve autentici piatti da bistrot ed \u00e8 probabilmente noto maggiormente per la sua selezione di ostriche, caviale e bistecche. \u00c8 abbastanza famoso ed \u00e8 il pi\u00f9 grande e antico ristorante della citt\u00e0, consigliato dalla guida Michelin dal 2014. Che tu lo visiti per la panetteria e la pasticceria fatte in casa o per il locale notturno con musica dal vivo, regalati un\u2019esperienza autentica in un hotspot di Buda, lontano dalle trappole per turisti.<span class=\"s1\"><span class=\"Apple-converted-space\">\u00a0<\/span><\/span><\/p>\n","protected":false},"excerpt":{"rendered":"<p>D\u00e9ryn\u00e9 Bistro \u00e8 il luogo di ritrovo preferito da artisti, professionisti e star del cinema. Questo ristorante serve autentici piatti da bistrot ed \u00e8 probabilmente noto maggiormente per la sua selezione di ostriche, caviale e bistecche. \u00c8 abbastanza famoso ed \u00e8 il pi\u00f9 grande e antico ristorante della citt\u00e0, consigliato dalla guida Michelin dal 2014. [&hellip;]<\/p>\n","protected":false},"author":1,"featured_media":3118,"parent":2906,"menu_order":0,"comment_status":"closed","ping_status":"closed","template":"tpl-location.php","meta":{"_acf_changed":false,"footnotes":""},"acf":{"address":"Budapest, Krisztina t\u00e9r 3, 1013 Hungary","location_type":"restaurant","map_link":"https:\/\/www.google.com\/maps\/place\/D%25C3%25A9ryn%25C3%25A9\/@47.4972401,19.0316417,15z\/data=!4m2!3m1!1s0x0:0x6a6ee7d8f6dfbe9e?sa=X&ved=2ahUKEwi5z7eOlML6AhWXSEEAHUqCDacQ_BJ6BAhxEAU","trip_advisor":"https:\/\/www.tripadvisor.co.uk\/Restaurant_Review-g274887-d1016692-Reviews-Deryne-Budapest_Central_Hungary.html","coordinates":{"latitude":"47.4972401","longitude":"19.0316417"},"charging_stations":[{"charging_station":"CHAdeMO 22.4kW CCS 22.4kW: Lovas Ut 41, 1012 (1.8km \/ 6 min)"}]},"aioseo_notices":[],"_links":{"self":[{"href":"https:\/\/nissantravelguide.com\/it\/wp-json\/wp\/v2\/pages\/3927"}],"collection":[{"href":"https:\/\/nissantravelguide.com\/it\/wp-json\/wp\/v2\/pages"}],"about":[{"href":"https:\/\/nissantravelguide.com\/it\/wp-json\/wp\/v2\/types\/page"}],"author":[{"embeddable":true,"href":"https:\/\/nissantravelguide.com\/it\/wp-json\/wp\/v2\/users\/1"}],"replies":[{"embeddable":true,"href":"https:\/\/nissantravelguide.com\/it\/wp-json\/wp\/v2\/comments?post=3927"}],"version-history":[{"count":0,"href":"https:\/\/nissantravelguide.com\/it\/wp-json\/wp\/v2\/pages\/3927\/revisions"}],"up":[{"embeddable":true,"href":"https:\/\/nissantravelguide.com\/it\/wp-json\/wp\/v2\/pages\/2906"}],"wp:featuredmedia":[{"embeddable":true,"href":"https:\/\/nissantravelguide.com\/it\/wp-json\/wp\/v2\/media\/3118"}],"wp:attachment":[{"href":"https:\/\/nissantravelguide.com\/it\/wp-json\/wp\/v2\/media?parent=3927"}],"curies":[{"name":"wp","href":"https:\/\/api.w.org\/{rel}","templated":true}]}}