{"id":3928,"date":"2022-12-12T09:10:54","date_gmt":"2022-12-12T09:10:54","guid":{"rendered":"https:\/\/nissantravelguide.com\/budapest\/hilda\/"},"modified":"2022-12-12T09:10:54","modified_gmt":"2022-12-12T09:10:54","slug":"hilda","status":"publish","type":"page","link":"https:\/\/nissantravelguide.com\/it\/budapest\/hilda\/","title":{"rendered":"Hilda"},"content":{"rendered":"<p class=\"p1\">Proprio dietro l\u2019angolo dalla Basilica di Santo Stefano si trova una chicca gastronomica per chi visita Budapest. Con secoli di esperienza culinaria, Hilda \u00e8 il luogo ideale dove trovare specialit\u00e0 stagionali ricche di sapore. Ospitato in una struttura originariamente progettata dal famoso architetto ungherese J\u00f3zsef Hild (che ha ispirato il nome del ristorante), il ristorante presenta magnifici interni in stile art d\u00e9co in un ambiente elegante. Qualit\u00e0 e sostenibilit\u00e0 sono le parole d\u2019ordine qui, dall\u2019uso di prodotti locali al menu biologico bisettimanale progettato intorno ai piatti a chilometro zero. Non vorrai perdertelo&#8230;<\/p>\n","protected":false},"excerpt":{"rendered":"<p>Proprio dietro l\u2019angolo dalla Basilica di Santo Stefano si trova una chicca gastronomica per chi visita Budapest. Con secoli di esperienza culinaria, Hilda \u00e8 il luogo ideale dove trovare specialit\u00e0 stagionali ricche di sapore. Ospitato in una struttura originariamente progettata dal famoso architetto ungherese J\u00f3zsef Hild (che ha ispirato il nome del ristorante), il ristorante [&hellip;]<\/p>\n","protected":false},"author":1,"featured_media":3183,"parent":2906,"menu_order":0,"comment_status":"closed","ping_status":"closed","template":"tpl-location.php","meta":{"_acf_changed":false,"footnotes":""},"acf":{"address":"Budapest, N\u00e1dor u. 5, 1051 Hungary","location_type":"restaurant","map_link":"https:\/\/www.google.com\/maps\/place\/HILDA+Budapest\/@47.4995957,19.0497124,15z\/data=!4m5!3m4!1s0x0:0x589f5469224cc779!8m2!3d47.4995957!4d19.0497124","trip_advisor":"https:\/\/www.tripadvisor.co.uk\/Restaurant_Review-g274887-d11962520-Reviews-HILDA_Budapest-Budapest_Central_Hungary.html","coordinates":{"latitude":"47.4995957","longitude":"19.0497124"},"charging_stations":[{"charging_station":"Type 2 (22kW): Bajza Ut 3, 1071 (2.8km \/ 10 min)"}]},"aioseo_notices":[],"_links":{"self":[{"href":"https:\/\/nissantravelguide.com\/it\/wp-json\/wp\/v2\/pages\/3928"}],"collection":[{"href":"https:\/\/nissantravelguide.com\/it\/wp-json\/wp\/v2\/pages"}],"about":[{"href":"https:\/\/nissantravelguide.com\/it\/wp-json\/wp\/v2\/types\/page"}],"author":[{"embeddable":true,"href":"https:\/\/nissantravelguide.com\/it\/wp-json\/wp\/v2\/users\/1"}],"replies":[{"embeddable":true,"href":"https:\/\/nissantravelguide.com\/it\/wp-json\/wp\/v2\/comments?post=3928"}],"version-history":[{"count":0,"href":"https:\/\/nissantravelguide.com\/it\/wp-json\/wp\/v2\/pages\/3928\/revisions"}],"up":[{"embeddable":true,"href":"https:\/\/nissantravelguide.com\/it\/wp-json\/wp\/v2\/pages\/2906"}],"wp:featuredmedia":[{"embeddable":true,"href":"https:\/\/nissantravelguide.com\/it\/wp-json\/wp\/v2\/media\/3183"}],"wp:attachment":[{"href":"https:\/\/nissantravelguide.com\/it\/wp-json\/wp\/v2\/media?parent=3928"}],"curies":[{"name":"wp","href":"https:\/\/api.w.org\/{rel}","templated":true}]}}