{"id":3933,"date":"2022-12-12T09:12:25","date_gmt":"2022-12-12T09:12:25","guid":{"rendered":"https:\/\/nissantravelguide.com\/budapest\/fishermans-bastion\/"},"modified":"2022-12-12T09:12:25","modified_gmt":"2022-12-12T09:12:25","slug":"fishermans-bastion","status":"publish","type":"page","link":"https:\/\/nissantravelguide.com\/it\/budapest\/fishermans-bastion\/","title":{"rendered":"Fisherman\u2019s Bastion"},"content":{"rendered":"<p class=\"p1\">Per godere delle migliori viste della citt\u00e0, questa \u00e8 senza dubbio una posizione imperdibile. Decorata con torrette e guglie dall\u2019aspetto intricato, la splendida torre di osservazione offre le migliori viste panoramiche di Budapest. Da qui potete vedere tutto: il Parlamento ungherese, i quattro ponti principali di Budapest, la cattedrale di Santo Stefano, Gellert Hill, l\u2019isola di Margaret e il paesaggio urbano di Pest. Fisherman\u2019s Bastion \u00e8 uno dei monumenti pi\u00f9 famosi della citt\u00e0; non ti serviranno pi\u00f9 di 30 minuti per esplorarlo tutto e capire perch\u00e9.<\/p>\n","protected":false},"excerpt":{"rendered":"<p>Per godere delle migliori viste della citt\u00e0, questa \u00e8 senza dubbio una posizione imperdibile. Decorata con torrette e guglie dall\u2019aspetto intricato, la splendida torre di osservazione offre le migliori viste panoramiche di Budapest. Da qui potete vedere tutto: il Parlamento ungherese, i quattro ponti principali di Budapest, la cattedrale di Santo Stefano, Gellert Hill, l\u2019isola [&hellip;]<\/p>\n","protected":false},"author":1,"featured_media":3153,"parent":2906,"menu_order":0,"comment_status":"closed","ping_status":"closed","template":"tpl-location.php","meta":{"_acf_changed":false,"footnotes":""},"acf":{"address":"Budapest, Szenth\u00e1roms\u00e1g t\u00e9r, 1014 Hungary","location_type":"beauty","map_link":"https:\/\/www.google.com\/maps\/place\/Fisherman's+Bastion\/@47.5021827,19.0347812,15z\/data=!4m5!3m4!1s0x0:0x2f263ca844235e46!8m2!3d47.5021827!4d19.0347812","trip_advisor":"https:\/\/www.tripadvisor.co.uk\/Attraction_Review-g274887-d21229283-Reviews-Fishermen_s_Bastion-Budapest_Central_Hungary.html","coordinates":{"latitude":"47.5021827","longitude":"19.0347812"},"charging_stations":[{"charging_station":"CHAdeMO (22.4kW) \/ CCS (22.4kW): Lovas Ut 41, 1012 (800m \/ 3 min)"}]},"aioseo_notices":[],"_links":{"self":[{"href":"https:\/\/nissantravelguide.com\/it\/wp-json\/wp\/v2\/pages\/3933"}],"collection":[{"href":"https:\/\/nissantravelguide.com\/it\/wp-json\/wp\/v2\/pages"}],"about":[{"href":"https:\/\/nissantravelguide.com\/it\/wp-json\/wp\/v2\/types\/page"}],"author":[{"embeddable":true,"href":"https:\/\/nissantravelguide.com\/it\/wp-json\/wp\/v2\/users\/1"}],"replies":[{"embeddable":true,"href":"https:\/\/nissantravelguide.com\/it\/wp-json\/wp\/v2\/comments?post=3933"}],"version-history":[{"count":0,"href":"https:\/\/nissantravelguide.com\/it\/wp-json\/wp\/v2\/pages\/3933\/revisions"}],"up":[{"embeddable":true,"href":"https:\/\/nissantravelguide.com\/it\/wp-json\/wp\/v2\/pages\/2906"}],"wp:featuredmedia":[{"embeddable":true,"href":"https:\/\/nissantravelguide.com\/it\/wp-json\/wp\/v2\/media\/3153"}],"wp:attachment":[{"href":"https:\/\/nissantravelguide.com\/it\/wp-json\/wp\/v2\/media?parent=3933"}],"curies":[{"name":"wp","href":"https:\/\/api.w.org\/{rel}","templated":true}]}}