{"id":3934,"date":"2022-12-12T09:12:39","date_gmt":"2022-12-12T09:12:39","guid":{"rendered":"https:\/\/nissantravelguide.com\/budapest\/budapest-city-park\/"},"modified":"2022-12-12T09:12:39","modified_gmt":"2022-12-12T09:12:39","slug":"budapest-city-park","status":"publish","type":"page","link":"https:\/\/nissantravelguide.com\/it\/budapest\/budapest-city-park\/","title":{"rendered":"Budapest City Park"},"content":{"rendered":"<p class=\"p1\">C\u2019\u00e8 qualcosa per tutti al Budapest City Park. \u00c8 vicino al centro citt\u00e0, ma si \u00e8 dimostrato un rifugio dal trambusto urbano che lo circonda. Attenzione: \u00e8 facile perdersi nel suo incantevole castello, nei numerosi musei e nei bellissimi laghi. Ha anche un\u2019ottima selezione di ristoranti, quindi non dovrai nemmeno uscire per mangiare qualcosa. Questo parco vecchio 200 anni \u00e8 il mix perfetto di magia e mistero.<\/p>\n","protected":false},"excerpt":{"rendered":"<p>C\u2019\u00e8 qualcosa per tutti al Budapest City Park. \u00c8 vicino al centro citt\u00e0, ma si \u00e8 dimostrato un rifugio dal trambusto urbano che lo circonda. Attenzione: \u00e8 facile perdersi nel suo incantevole castello, nei numerosi musei e nei bellissimi laghi. Ha anche un\u2019ottima selezione di ristoranti, quindi non dovrai nemmeno uscire per mangiare qualcosa. Questo [&hellip;]<\/p>\n","protected":false},"author":1,"featured_media":3088,"parent":2906,"menu_order":0,"comment_status":"closed","ping_status":"closed","template":"tpl-location.php","meta":{"_acf_changed":false,"footnotes":""},"acf":{"address":"Budapest, K\u00f3s K\u00e1roly stny., 1146 Hungary","location_type":"beauty","map_link":"https:\/\/www.google.com\/maps\/place\/City+Park\/@47.514292,19.085244,15z\/data=!4m5!3m4!1s0x0:0x757db90f482bea97!8m2!3d47.514292!4d19.085244","trip_advisor":"https:\/\/www.tripadvisor.co.uk\/Attraction_Review-g274887-d276830-Reviews-Varosliget-Budapest_Central_Hungary.html","coordinates":{"latitude":"47.514292","longitude":"19.085244"},"charging_stations":[{"charging_station":"Type 2 (22kW): Bajza Ut 3, 1071 (1.5km \/ 4 min)"}]},"aioseo_notices":[],"_links":{"self":[{"href":"https:\/\/nissantravelguide.com\/it\/wp-json\/wp\/v2\/pages\/3934"}],"collection":[{"href":"https:\/\/nissantravelguide.com\/it\/wp-json\/wp\/v2\/pages"}],"about":[{"href":"https:\/\/nissantravelguide.com\/it\/wp-json\/wp\/v2\/types\/page"}],"author":[{"embeddable":true,"href":"https:\/\/nissantravelguide.com\/it\/wp-json\/wp\/v2\/users\/1"}],"replies":[{"embeddable":true,"href":"https:\/\/nissantravelguide.com\/it\/wp-json\/wp\/v2\/comments?post=3934"}],"version-history":[{"count":0,"href":"https:\/\/nissantravelguide.com\/it\/wp-json\/wp\/v2\/pages\/3934\/revisions"}],"up":[{"embeddable":true,"href":"https:\/\/nissantravelguide.com\/it\/wp-json\/wp\/v2\/pages\/2906"}],"wp:featuredmedia":[{"embeddable":true,"href":"https:\/\/nissantravelguide.com\/it\/wp-json\/wp\/v2\/media\/3088"}],"wp:attachment":[{"href":"https:\/\/nissantravelguide.com\/it\/wp-json\/wp\/v2\/media?parent=3934"}],"curies":[{"name":"wp","href":"https:\/\/api.w.org\/{rel}","templated":true}]}}