{"id":3936,"date":"2022-12-12T09:13:17","date_gmt":"2022-12-12T09:13:17","guid":{"rendered":"https:\/\/nissantravelguide.com\/budapest\/pannonhalma-archabbey\/"},"modified":"2022-12-12T09:13:17","modified_gmt":"2022-12-12T09:13:17","slug":"pannonhalma-archabbey","status":"publish","type":"page","link":"https:\/\/nissantravelguide.com\/it\/budapest\/pannonhalma-archabbey\/","title":{"rendered":"Pannonhalma Archabbey"},"content":{"rendered":"<p class=\"p1\">Questo sito patrimonio dell\u2019UNESCO \u00e8 una delle gemme architettoniche e culturali dell\u2019Ungheria. \u00c8 anche uno dei monumenti storici pi\u00f9 antichi del Paese, che offre cos\u00ec tanto da esplorare all\u2019interno dei locali e stupisce bambini e genitori. Fai una passeggiata nei giardini, ammira la vista dalla torre monumentale o perditi tra i 300.000 libri ospitati nella sua biblioteca.<span class=\"Apple-converted-space\">\u00a0<\/span><\/p>\n","protected":false},"excerpt":{"rendered":"<p>Questo sito patrimonio dell\u2019UNESCO \u00e8 una delle gemme architettoniche e culturali dell\u2019Ungheria. \u00c8 anche uno dei monumenti storici pi\u00f9 antichi del Paese, che offre cos\u00ec tanto da esplorare all\u2019interno dei locali e stupisce bambini e genitori. Fai una passeggiata nei giardini, ammira la vista dalla torre monumentale o perditi tra i 300.000 libri ospitati nella [&hellip;]<\/p>\n","protected":false},"author":1,"featured_media":3243,"parent":2906,"menu_order":0,"comment_status":"closed","ping_status":"closed","template":"tpl-location.php","meta":{"_acf_changed":false,"footnotes":""},"acf":{"address":"Budapest, Szent Gy\u00f6rgy t\u00e9r 2, 1014 Hungary","location_type":"interest","map_link":"https:\/\/www.google.com\/maps\/place\/Pannonhalma+Archabbey\/@47.55212,17.7599177,17z\/data=!3m1!4b1!4m5!3m4!1s0x476bc58be5c1f541:0xf3b9254193936839!8m2!3d47.55212!4d17.7621064","trip_advisor":"https:\/\/www.tripadvisor.co.uk\/Attraction_Review-g754048-d7055227-Reviews-Pannonhalma_Archabbey-Pannonhalma_Gyor_Moson_Sopron_County_Central_Transdanubia.html","coordinates":{"latitude":"47.4962048","longitude":"19.0395666"},"charging_stations":[{"charging_station":"Type 2 (22.1 kW): Pannonhalma, Varaja, 9090 (1.9 km \/ 4 min)"}]},"aioseo_notices":[],"_links":{"self":[{"href":"https:\/\/nissantravelguide.com\/it\/wp-json\/wp\/v2\/pages\/3936"}],"collection":[{"href":"https:\/\/nissantravelguide.com\/it\/wp-json\/wp\/v2\/pages"}],"about":[{"href":"https:\/\/nissantravelguide.com\/it\/wp-json\/wp\/v2\/types\/page"}],"author":[{"embeddable":true,"href":"https:\/\/nissantravelguide.com\/it\/wp-json\/wp\/v2\/users\/1"}],"replies":[{"embeddable":true,"href":"https:\/\/nissantravelguide.com\/it\/wp-json\/wp\/v2\/comments?post=3936"}],"version-history":[{"count":0,"href":"https:\/\/nissantravelguide.com\/it\/wp-json\/wp\/v2\/pages\/3936\/revisions"}],"up":[{"embeddable":true,"href":"https:\/\/nissantravelguide.com\/it\/wp-json\/wp\/v2\/pages\/2906"}],"wp:featuredmedia":[{"embeddable":true,"href":"https:\/\/nissantravelguide.com\/it\/wp-json\/wp\/v2\/media\/3243"}],"wp:attachment":[{"href":"https:\/\/nissantravelguide.com\/it\/wp-json\/wp\/v2\/media?parent=3936"}],"curies":[{"name":"wp","href":"https:\/\/api.w.org\/{rel}","templated":true}]}}