{"id":3938,"date":"2022-12-12T09:14:40","date_gmt":"2022-12-12T09:14:40","guid":{"rendered":"https:\/\/nissantravelguide.com\/budapest\/castello-di-budapest\/"},"modified":"2022-12-12T09:14:40","modified_gmt":"2022-12-12T09:14:40","slug":"castello-di-budapest","status":"publish","type":"page","link":"https:\/\/nissantravelguide.com\/it\/budapest\/castello-di-budapest\/","title":{"rendered":"Castello di Budapest"},"content":{"rendered":"<p class=\"p1\">Il castello di Buda domina la citt\u00e0 dalla cima della collina di V\u00e1rhegy ed \u00e8 uno dei simboli pi\u00f9 iconici di Budapest. Il maestoso castello offre viste incredibili che non hanno bisogno di un filtro Instagram e ospita numerosi istituti culturali. Dalla Galleria nazionale ungherese alla chiesa di Matthias, dalla funicolare di Castle Hill alle dolci delizie di Ruszwurm, queste attrazioni offrono uno sguardo sul vecchio cuore di Budapest. Suggerimento: assicurati di indossare scarpe comode: ti aspetta una lunga camminata sui ciottoli.<span class=\"Apple-converted-space\">\u00a0<\/span><\/p>\n","protected":false},"excerpt":{"rendered":"<p>Il castello di Buda domina la citt\u00e0 dalla cima della collina di V\u00e1rhegy ed \u00e8 uno dei simboli pi\u00f9 iconici di Budapest. Il maestoso castello offre viste incredibili che non hanno bisogno di un filtro Instagram e ospita numerosi istituti culturali. Dalla Galleria nazionale ungherese alla chiesa di Matthias, dalla funicolare di Castle Hill alle [&hellip;]<\/p>\n","protected":false},"author":1,"featured_media":3078,"parent":2906,"menu_order":0,"comment_status":"closed","ping_status":"closed","template":"tpl-location.php","meta":{"_acf_changed":false,"footnotes":""},"acf":{"address":"Budapest, Szent Gy\u00f6rgy t\u00e9r 2, 1014 Hungary","location_type":"interest","map_link":"https:\/\/www.google.com\/maps\/place\/Buda+Castle\/@47.4962048,19.0395666,15z\/data=!4m5!3m4!1s0x0:0x3dce3a5fa9012576!8m2!3d47.4962048!4d19.0395666","trip_advisor":"https:\/\/www.tripadvisor.co.uk\/Attraction_Review-g274887-d276804-Reviews-Buda_Castle-Budapest_Central_Hungary.html","coordinates":{"latitude":"47.4962048","longitude":"19.0395666"},"charging_stations":[{"charging_station":"CHAdeMO (22.4kW) CCS (22.4kW): Pala Ut, 1011 (1.3km \/ 5 min)"}]},"aioseo_notices":[],"_links":{"self":[{"href":"https:\/\/nissantravelguide.com\/it\/wp-json\/wp\/v2\/pages\/3938"}],"collection":[{"href":"https:\/\/nissantravelguide.com\/it\/wp-json\/wp\/v2\/pages"}],"about":[{"href":"https:\/\/nissantravelguide.com\/it\/wp-json\/wp\/v2\/types\/page"}],"author":[{"embeddable":true,"href":"https:\/\/nissantravelguide.com\/it\/wp-json\/wp\/v2\/users\/1"}],"replies":[{"embeddable":true,"href":"https:\/\/nissantravelguide.com\/it\/wp-json\/wp\/v2\/comments?post=3938"}],"version-history":[{"count":0,"href":"https:\/\/nissantravelguide.com\/it\/wp-json\/wp\/v2\/pages\/3938\/revisions"}],"up":[{"embeddable":true,"href":"https:\/\/nissantravelguide.com\/it\/wp-json\/wp\/v2\/pages\/2906"}],"wp:featuredmedia":[{"embeddable":true,"href":"https:\/\/nissantravelguide.com\/it\/wp-json\/wp\/v2\/media\/3078"}],"wp:attachment":[{"href":"https:\/\/nissantravelguide.com\/it\/wp-json\/wp\/v2\/media?parent=3938"}],"curies":[{"name":"wp","href":"https:\/\/api.w.org\/{rel}","templated":true}]}}