{"id":3940,"date":"2022-12-12T09:15:23","date_gmt":"2022-12-12T09:15:23","guid":{"rendered":"https:\/\/nissantravelguide.com\/budapest\/bagni-szechenyi\/"},"modified":"2022-12-12T09:15:23","modified_gmt":"2022-12-12T09:15:23","slug":"bagni-szechenyi","status":"publish","type":"page","link":"https:\/\/nissantravelguide.com\/it\/budapest\/bagni-szechenyi\/","title":{"rendered":"Bagni Sz\u00e9chenyi"},"content":{"rendered":"<p class=\"p1\">Puoi davvero dire di essere stato\/a a Budapest (spesso nota come la citt\u00e0 delle spa) se non sei stato ai bagni Szechenyi? Forse il luogo pi\u00f9 instagrammabile della citt\u00e0, questa spa termale naturale \u00e8 l\u2019attrazione pi\u00f9 visitata della citt\u00e0. \u00c8 anche il pi\u00f9 grande bagno termale d\u2019Europa, con 18 piscine, 10 saune, diverse terapie con massaggi, trattamenti per il viso e molto altro ancora. \u00c8 difficile trovare un luogo pi\u00f9 rilassante dove fermarsi dei bagni Szechenyi.<\/p>\n","protected":false},"excerpt":{"rendered":"<p>Puoi davvero dire di essere stato\/a a Budapest (spesso nota come la citt\u00e0 delle spa) se non sei stato ai bagni Szechenyi? Forse il luogo pi\u00f9 instagrammabile della citt\u00e0, questa spa termale naturale \u00e8 l\u2019attrazione pi\u00f9 visitata della citt\u00e0. \u00c8 anche il pi\u00f9 grande bagno termale d\u2019Europa, con 18 piscine, 10 saune, diverse terapie con [&hellip;]<\/p>\n","protected":false},"author":1,"featured_media":3268,"parent":2906,"menu_order":0,"comment_status":"closed","ping_status":"closed","template":"tpl-location.php","meta":{"_acf_changed":false,"footnotes":""},"acf":{"address":"Budapest, \u00c1llatkerti krt. 9-11, 1146 Hungary","location_type":"interest","map_link":"https:\/\/www.google.com\/maps\/place\/Sz%C3%A9chenyi+Thermal+Bath\/@47.5186568,19.0823791,15z\/data=!4m5!3m4!1s0x0:0xcbc0c308b68d2412!8m2!3d47.5186568!4d19.0823791","trip_advisor":"https:\/\/www.tripadvisor.co.uk\/Attraction_Review-g274887-d279029-Reviews-Szechenyi_Baths_and_Pool-Budapest_Central_Hungary.html","coordinates":{"latitude":"47.5186568","longitude":"19.0823791"},"charging_stations":[{"charging_station":"Type 2, (22.1 kW): Mobiliti Charging Station, Andrassy Ut 121, 1062 (1km \/ 5 min)"}]},"aioseo_notices":[],"_links":{"self":[{"href":"https:\/\/nissantravelguide.com\/it\/wp-json\/wp\/v2\/pages\/3940"}],"collection":[{"href":"https:\/\/nissantravelguide.com\/it\/wp-json\/wp\/v2\/pages"}],"about":[{"href":"https:\/\/nissantravelguide.com\/it\/wp-json\/wp\/v2\/types\/page"}],"author":[{"embeddable":true,"href":"https:\/\/nissantravelguide.com\/it\/wp-json\/wp\/v2\/users\/1"}],"replies":[{"embeddable":true,"href":"https:\/\/nissantravelguide.com\/it\/wp-json\/wp\/v2\/comments?post=3940"}],"version-history":[{"count":0,"href":"https:\/\/nissantravelguide.com\/it\/wp-json\/wp\/v2\/pages\/3940\/revisions"}],"up":[{"embeddable":true,"href":"https:\/\/nissantravelguide.com\/it\/wp-json\/wp\/v2\/pages\/2906"}],"wp:featuredmedia":[{"embeddable":true,"href":"https:\/\/nissantravelguide.com\/it\/wp-json\/wp\/v2\/media\/3268"}],"wp:attachment":[{"href":"https:\/\/nissantravelguide.com\/it\/wp-json\/wp\/v2\/media?parent=3940"}],"curies":[{"name":"wp","href":"https:\/\/api.w.org\/{rel}","templated":true}]}}