{"id":3941,"date":"2022-12-12T09:15:45","date_gmt":"2022-12-12T09:15:45","guid":{"rendered":"https:\/\/nissantravelguide.com\/budapest\/hungarian-house-of-music\/"},"modified":"2022-12-12T17:26:17","modified_gmt":"2022-12-12T17:26:17","slug":"hungarian-house-of-music","status":"publish","type":"page","link":"https:\/\/nissantravelguide.com\/it\/budapest\/hungarian-house-of-music\/","title":{"rendered":"Hungarian House of Music"},"content":{"rendered":"<p class=\"p1\">Sapevi che la musica \u00e8 il settore in cui la cultura ungherese ha avuto un impatto maggiore? Costruita dall\u2019architetto giapponese Sou Fujimoto, la House of Music Hungary \u00e8 stata inaugurata nel City Park nel gennaio 2022 ed \u00e8 diventata una delle pi\u00f9 recenti attrazioni della citt\u00e0. Si trova all\u2019interno di un edificio unico e spettacolare che sembra surreale e quasi fuori dal mondo, nascosto tra gli alberi. Come prima mostra completa che dimostra l\u2019evoluzione della musica ungherese, vale la pena visitarla.<span class=\"Apple-converted-space\">\u00a0<\/span><\/p>\n","protected":false},"excerpt":{"rendered":"<p>Sapevi che la musica \u00e8 il settore in cui la cultura ungherese ha avuto un impatto maggiore? Costruita dall\u2019architetto giapponese Sou Fujimoto, la House of Music Hungary \u00e8 stata inaugurata nel City Park nel gennaio 2022 ed \u00e8 diventata una delle pi\u00f9 recenti attrazioni della citt\u00e0. Si trova all\u2019interno di un edificio unico e spettacolare [&hellip;]<\/p>\n","protected":false},"author":1,"featured_media":3213,"parent":2906,"menu_order":0,"comment_status":"closed","ping_status":"closed","template":"tpl-location.php","meta":{"_acf_changed":false,"footnotes":""},"acf":{"address":"Budapest, Olof Palme stny. 3, 1146 Hungary","location_type":"interest","map_link":"https:\/\/www.google.com\/maps\/place\/House+of+Music,+Hungary\/@47.5126328,19.0840292,15z\/data=!4m5!3m4!1s0x0:0x1b0365a6f8f3620!8m2!3d47.5126328!4d19.0840292","trip_advisor":"https:\/\/www.tripadvisor.co.uk\/Attraction_Review-g274887-d23873098-Reviews-Magyar_Zene_Haza-Budapest_Central_Hungary.html","coordinates":{"latitude":"47.5126328","longitude":"19.0840292"},"charging_stations":[{"charging_station":"Type 2, (22.1 kW): Mobiliti Charging Station, Varosligeti Fasor 18, 1068 (1.6km \/ 6 min) "}]},"aioseo_notices":[],"_links":{"self":[{"href":"https:\/\/nissantravelguide.com\/it\/wp-json\/wp\/v2\/pages\/3941"}],"collection":[{"href":"https:\/\/nissantravelguide.com\/it\/wp-json\/wp\/v2\/pages"}],"about":[{"href":"https:\/\/nissantravelguide.com\/it\/wp-json\/wp\/v2\/types\/page"}],"author":[{"embeddable":true,"href":"https:\/\/nissantravelguide.com\/it\/wp-json\/wp\/v2\/users\/1"}],"replies":[{"embeddable":true,"href":"https:\/\/nissantravelguide.com\/it\/wp-json\/wp\/v2\/comments?post=3941"}],"version-history":[{"count":1,"href":"https:\/\/nissantravelguide.com\/it\/wp-json\/wp\/v2\/pages\/3941\/revisions"}],"predecessor-version":[{"id":4244,"href":"https:\/\/nissantravelguide.com\/it\/wp-json\/wp\/v2\/pages\/3941\/revisions\/4244"}],"up":[{"embeddable":true,"href":"https:\/\/nissantravelguide.com\/it\/wp-json\/wp\/v2\/pages\/2906"}],"wp:featuredmedia":[{"embeddable":true,"href":"https:\/\/nissantravelguide.com\/it\/wp-json\/wp\/v2\/media\/3213"}],"wp:attachment":[{"href":"https:\/\/nissantravelguide.com\/it\/wp-json\/wp\/v2\/media?parent=3941"}],"curies":[{"name":"wp","href":"https:\/\/api.w.org\/{rel}","templated":true}]}}