{"id":3943,"date":"2022-12-12T09:19:31","date_gmt":"2022-12-12T09:19:31","guid":{"rendered":"https:\/\/nissantravelguide.com\/praga\/mosaic-house\/"},"modified":"2022-12-12T17:29:32","modified_gmt":"2022-12-12T17:29:32","slug":"mosaic-house","status":"publish","type":"page","link":"https:\/\/nissantravelguide.com\/it\/praga\/mosaic-house\/","title":{"rendered":"Mosaic House"},"content":{"rendered":"<p class=\"p1\">Stravagante, moderno, sostenibile ed elegante, il Mosaic House Design Hotel nel cuore di Praga \u00e8 la base ideale da cui esplorare questa vivace citt\u00e0. Situato a pochi passi dal fiume Vltava e ristrutturata nel 2020, Mosaic House \u00e8 stato originariamente costruito nel 1935 intorno al funzionalismo e per questo ha un\u2019aria pratica. L\u2019hotel \u00e8 decorato con una serie di opere d\u2019arte (compresi i mosaici, ovviamente) sparse in tutta la struttura. Inoltre, offre spazi di lavoro, ai servizi spa e sauna, un bar, una biblioteca e tranquille aree di riposo dove puoi davvero fuggire dal trambusto della citt\u00e0.<span class=\"Apple-converted-space\">\u00a0<\/span><\/p>\n<p class=\"p1\">Mosaic House vanta anche alcune importanti credenziali di sostenibilit\u00e0, ospitando il primo sistema di riciclaggio delle acque grigie in Repubblica Ceca, con elettrodomestici a risparmio idrico nelle stanze e tende automatizzate che ottimizzano il riscaldamento e il raffreddamento.<\/p>\n","protected":false},"excerpt":{"rendered":"<p>Stravagante, moderno, sostenibile ed elegante, il Mosaic House Design Hotel nel cuore di Praga \u00e8 la base ideale da cui esplorare questa vivace citt\u00e0. Situato a pochi passi dal fiume Vltava e ristrutturata nel 2020, Mosaic House \u00e8 stato originariamente costruito nel 1935 intorno al funzionalismo e per questo ha un\u2019aria pratica. L\u2019hotel \u00e8 decorato [&hellip;]<\/p>\n","protected":false},"author":1,"featured_media":3637,"parent":2909,"menu_order":0,"comment_status":"closed","ping_status":"closed","template":"tpl-location.php","meta":{"_acf_changed":false,"footnotes":""},"acf":{"address":"Odbor\u016f 278\/4, 120 00 Nov\u00e9 M\u011bsto, Czechia","location_type":"hotel","map_link":"https:\/\/www.google.com\/maps\/place\/Mosaic+House+Design+Hotel\/@50.0775048,14.4158254,17z\/data=!3m1!4b1!4m8!3m7!1s0x470b952a6030a397:0xa5c39ac7d5ee7a24!5m2!4m1!1i2!8m2!3d50.0775048!4d14.4180141","trip_advisor":"https:\/\/www.tripadvisor.com\/Hotel_Review-g274707-d1656616-Reviews-Mosaic_House_Design_Hotel-Prague_Bohemia.html","coordinates":{"latitude":"50.0775048","longitude":"14.4158254"},"charging_stations":[{"charging_station":"Type 2 (22kW): Sokolovska 11 (4.2km \/ 14 min)"}]},"aioseo_notices":[],"_links":{"self":[{"href":"https:\/\/nissantravelguide.com\/it\/wp-json\/wp\/v2\/pages\/3943"}],"collection":[{"href":"https:\/\/nissantravelguide.com\/it\/wp-json\/wp\/v2\/pages"}],"about":[{"href":"https:\/\/nissantravelguide.com\/it\/wp-json\/wp\/v2\/types\/page"}],"author":[{"embeddable":true,"href":"https:\/\/nissantravelguide.com\/it\/wp-json\/wp\/v2\/users\/1"}],"replies":[{"embeddable":true,"href":"https:\/\/nissantravelguide.com\/it\/wp-json\/wp\/v2\/comments?post=3943"}],"version-history":[{"count":1,"href":"https:\/\/nissantravelguide.com\/it\/wp-json\/wp\/v2\/pages\/3943\/revisions"}],"predecessor-version":[{"id":4248,"href":"https:\/\/nissantravelguide.com\/it\/wp-json\/wp\/v2\/pages\/3943\/revisions\/4248"}],"up":[{"embeddable":true,"href":"https:\/\/nissantravelguide.com\/it\/wp-json\/wp\/v2\/pages\/2909"}],"wp:featuredmedia":[{"embeddable":true,"href":"https:\/\/nissantravelguide.com\/it\/wp-json\/wp\/v2\/media\/3637"}],"wp:attachment":[{"href":"https:\/\/nissantravelguide.com\/it\/wp-json\/wp\/v2\/media?parent=3943"}],"curies":[{"name":"wp","href":"https:\/\/api.w.org\/{rel}","templated":true}]}}