{"id":3947,"date":"2022-12-12T09:22:22","date_gmt":"2022-12-12T09:22:22","guid":{"rendered":"https:\/\/nissantravelguide.com\/praga\/la-boheme-cafe\/"},"modified":"2022-12-12T09:22:22","modified_gmt":"2022-12-12T09:22:22","slug":"la-boheme-cafe","status":"publish","type":"page","link":"https:\/\/nissantravelguide.com\/it\/praga\/la-boheme-cafe\/","title":{"rendered":"La Boh\u00e8me Caf\u00e9"},"content":{"rendered":"<p class=\"p1\">Per gli amanti del buon caff\u00e8, La Boh\u00e8me Caf\u00e9 \u00e8 una tappa imperdibile. Gestito da un team dedicato di appassionati, La Boh\u00e8me propone miscele uniche ed eccezionali provenienti da tutto il mondo. Il bar segue una rigorosa politica di commercio equo per garantire che il tuo caff\u00e8 del mattino sia davvero il migliore possibile. Si approvvigiona solo di caff\u00e8 da partner commerciali che trattano i propri lavoratori agricoli con rispetto, pagano buoni salari e seguono pratiche ecologiche nella coltivazione e nella lavorazione dei prodotti.<\/p>\n","protected":false},"excerpt":{"rendered":"<p>Per gli amanti del buon caff\u00e8, La Boh\u00e8me Caf\u00e9 \u00e8 una tappa imperdibile. Gestito da un team dedicato di appassionati, La Boh\u00e8me propone miscele uniche ed eccezionali provenienti da tutto il mondo. Il bar segue una rigorosa politica di commercio equo per garantire che il tuo caff\u00e8 del mattino sia davvero il migliore possibile. Si [&hellip;]<\/p>\n","protected":false},"author":1,"featured_media":3622,"parent":2909,"menu_order":0,"comment_status":"closed","ping_status":"closed","template":"tpl-location.php","meta":{"_acf_changed":false,"footnotes":""},"acf":{"address":"S\u00e1zavsk\u00e1 2031\/32, 120 00 Vinohrady, Czechia","location_type":"beauty","map_link":"https:\/\/www.google.com\/maps\/place\/La+Boh%C3%A8me+Caf%C3%A9\/@50.0767609,14.4408578,15z\/data=!4m5!3m4!1s0x0:0xc8660818d935dd00!8m2!3d50.0767919!4d14.4407401","trip_advisor":"https:\/\/www.tripadvisor.com\/Restaurant_Review-g274707-d6707589-Reviews-La_Boheme_Cafe-Prague_Bohemia.html","coordinates":{"latitude":"50.0767609","longitude":"14.4408578"},"charging_stations":[{"charging_station":"Type 2 (22kW): Sokolovska 11 (2.7km \/ 9 min)"}]},"aioseo_notices":[],"_links":{"self":[{"href":"https:\/\/nissantravelguide.com\/it\/wp-json\/wp\/v2\/pages\/3947"}],"collection":[{"href":"https:\/\/nissantravelguide.com\/it\/wp-json\/wp\/v2\/pages"}],"about":[{"href":"https:\/\/nissantravelguide.com\/it\/wp-json\/wp\/v2\/types\/page"}],"author":[{"embeddable":true,"href":"https:\/\/nissantravelguide.com\/it\/wp-json\/wp\/v2\/users\/1"}],"replies":[{"embeddable":true,"href":"https:\/\/nissantravelguide.com\/it\/wp-json\/wp\/v2\/comments?post=3947"}],"version-history":[{"count":0,"href":"https:\/\/nissantravelguide.com\/it\/wp-json\/wp\/v2\/pages\/3947\/revisions"}],"up":[{"embeddable":true,"href":"https:\/\/nissantravelguide.com\/it\/wp-json\/wp\/v2\/pages\/2909"}],"wp:featuredmedia":[{"embeddable":true,"href":"https:\/\/nissantravelguide.com\/it\/wp-json\/wp\/v2\/media\/3622"}],"wp:attachment":[{"href":"https:\/\/nissantravelguide.com\/it\/wp-json\/wp\/v2\/media?parent=3947"}],"curies":[{"name":"wp","href":"https:\/\/api.w.org\/{rel}","templated":true}]}}