{"id":3948,"date":"2022-12-12T09:22:46","date_gmt":"2022-12-12T09:22:46","guid":{"rendered":"https:\/\/nissantravelguide.com\/praga\/bistro-8\/"},"modified":"2022-12-12T09:22:46","modified_gmt":"2022-12-12T09:22:46","slug":"bistro-8","status":"publish","type":"page","link":"https:\/\/nissantravelguide.com\/it\/praga\/bistro-8\/","title":{"rendered":"Bistro 8"},"content":{"rendered":"<p class=\"p1\">Ispirato ai tradizionali bistrot parigini, il Bistro 8 \u00e8 uno dei pi\u00f9 antichi di Praga e serve una variet\u00e0 di piatti preparati con ingredienti locali. Con un\u2019atmosfera che lo rende un luogo perfetto per il brunch, il menu cambia stagionalmente a seconda della disponibilit\u00e0 di prodotti locali, ma c\u2019\u00e8 sempre qualcosa anche per chi segue diete vegetariane, vegane o senza glutine. Gli interni minimalisti sono progettati per mettere in risalto le opere esposte appartenenti ad artisti locali, quindi ammirerai piatti, lampadari, mobili e persino decorazioni floreali durante la tua visita.<\/p>\n","protected":false},"excerpt":{"rendered":"<p>Ispirato ai tradizionali bistrot parigini, il Bistro 8 \u00e8 uno dei pi\u00f9 antichi di Praga e serve una variet\u00e0 di piatti preparati con ingredienti locali. Con un\u2019atmosfera che lo rende un luogo perfetto per il brunch, il menu cambia stagionalmente a seconda della disponibilit\u00e0 di prodotti locali, ma c\u2019\u00e8 sempre qualcosa anche per chi segue [&hellip;]<\/p>\n","protected":false},"author":1,"featured_media":3527,"parent":2909,"menu_order":0,"comment_status":"closed","ping_status":"closed","template":"tpl-location.php","meta":{"_acf_changed":false,"footnotes":""},"acf":{"address":"Veverkova 1410\/8, 170 00 Praha 7-Letn\u00e1, Czechia","location_type":"restaurant","map_link":"https:\/\/www.google.com\/maps\/place\/Bistro+8\/@50.0982606,14.4202782,15z\/data=!4m6!3m5!1s0x470b94c65301683f:0xa90bbe4f9fb4e2dc!8m2!3d50.0982649!4d14.4328028!15sCghiaXN0cm8gOFoKIghiaXN0cm8gOJIBBmJpc3Ryb-ABAA?shorturl=1","trip_advisor":"https:\/\/www.tripadvisor.com\/Restaurant_Review-g274707-d3316388-Reviews-Bistro_8-Prague_Bohemia.html","coordinates":{"latitude":"50.0982606","longitude":"14.4202782"},"charging_stations":[{"charging_station":"Type 2 (22kW): Sokolovska 11 (2.5km \/ 8 min)"}]},"aioseo_notices":[],"_links":{"self":[{"href":"https:\/\/nissantravelguide.com\/it\/wp-json\/wp\/v2\/pages\/3948"}],"collection":[{"href":"https:\/\/nissantravelguide.com\/it\/wp-json\/wp\/v2\/pages"}],"about":[{"href":"https:\/\/nissantravelguide.com\/it\/wp-json\/wp\/v2\/types\/page"}],"author":[{"embeddable":true,"href":"https:\/\/nissantravelguide.com\/it\/wp-json\/wp\/v2\/users\/1"}],"replies":[{"embeddable":true,"href":"https:\/\/nissantravelguide.com\/it\/wp-json\/wp\/v2\/comments?post=3948"}],"version-history":[{"count":0,"href":"https:\/\/nissantravelguide.com\/it\/wp-json\/wp\/v2\/pages\/3948\/revisions"}],"up":[{"embeddable":true,"href":"https:\/\/nissantravelguide.com\/it\/wp-json\/wp\/v2\/pages\/2909"}],"wp:featuredmedia":[{"embeddable":true,"href":"https:\/\/nissantravelguide.com\/it\/wp-json\/wp\/v2\/media\/3527"}],"wp:attachment":[{"href":"https:\/\/nissantravelguide.com\/it\/wp-json\/wp\/v2\/media?parent=3948"}],"curies":[{"name":"wp","href":"https:\/\/api.w.org\/{rel}","templated":true}]}}