{"id":3949,"date":"2022-12-12T09:23:04","date_gmt":"2022-12-12T09:23:04","guid":{"rendered":"https:\/\/nissantravelguide.com\/praga\/babiccina-zahrada\/"},"modified":"2022-12-12T09:23:04","modified_gmt":"2022-12-12T09:23:04","slug":"babiccina-zahrada","status":"publish","type":"page","link":"https:\/\/nissantravelguide.com\/it\/praga\/babiccina-zahrada\/","title":{"rendered":"Babi\u010d\u010dina Zahrada"},"content":{"rendered":"<p class=\"p1\">Fai un passo indietro nel tempo e lasciati avvolgere dal caldo bagliore e dagli aromi irresistibili della cucina della nonna al Babi\u010d\u010dina Zahrada, un ristorante dallo stile intimo, completo di posti all\u2019aperto (e di una dependance!) immerso in splendidi giardini. C\u2019\u00e8 una cosa su cui il team \u00e8 rigido quando si tratta del menu: ogni piatto deve essere preparato con ingredienti di origine ceca, il che significa approvvigionarsi in modo sostenibile da agricoltori e fornitori locali. Inoltre, offre anche la ricarica elettrica gratuita per l\u2019auto agli ospiti!<\/p>\n","protected":false},"excerpt":{"rendered":"<p>Fai un passo indietro nel tempo e lasciati avvolgere dal caldo bagliore e dagli aromi irresistibili della cucina della nonna al Babi\u010d\u010dina Zahrada, un ristorante dallo stile intimo, completo di posti all\u2019aperto (e di una dependance!) immerso in splendidi giardini. C\u2019\u00e8 una cosa su cui il team \u00e8 rigido quando si tratta del menu: ogni [&hellip;]<\/p>\n","protected":false},"author":1,"featured_media":3507,"parent":2909,"menu_order":0,"comment_status":"closed","ping_status":"closed","template":"tpl-location.php","meta":{"_acf_changed":false,"footnotes":""},"acf":{"address":"Tov\u00e1rn\u00ed 536, 252 43 Pr\u016fhonice, Czechia","location_type":"restaurant","map_link":"https:\/\/www.google.com\/maps\/place\/Babi%C4%8D%C4%8Dina+zahrada\/@49.9965528,14.5500917,15z\/data=!4m5!3m4!1s0x0:0xe3d9e4d4ef592bce!8m2!3d49.9965528!4d14.5500917","trip_advisor":"https:\/\/www.tripadvisor.com\/Restaurant_Review-g274707-d4881536-Reviews-Babiccina_Zahrada-Prague_Bohemia.html","coordinates":{"latitude":"49.9965528","longitude":"14.5500917"},"charging_stations":[{"charging_station":"Automobilova 585 (7.8km \/ 12 min)"}]},"aioseo_notices":[],"_links":{"self":[{"href":"https:\/\/nissantravelguide.com\/it\/wp-json\/wp\/v2\/pages\/3949"}],"collection":[{"href":"https:\/\/nissantravelguide.com\/it\/wp-json\/wp\/v2\/pages"}],"about":[{"href":"https:\/\/nissantravelguide.com\/it\/wp-json\/wp\/v2\/types\/page"}],"author":[{"embeddable":true,"href":"https:\/\/nissantravelguide.com\/it\/wp-json\/wp\/v2\/users\/1"}],"replies":[{"embeddable":true,"href":"https:\/\/nissantravelguide.com\/it\/wp-json\/wp\/v2\/comments?post=3949"}],"version-history":[{"count":0,"href":"https:\/\/nissantravelguide.com\/it\/wp-json\/wp\/v2\/pages\/3949\/revisions"}],"up":[{"embeddable":true,"href":"https:\/\/nissantravelguide.com\/it\/wp-json\/wp\/v2\/pages\/2909"}],"wp:featuredmedia":[{"embeddable":true,"href":"https:\/\/nissantravelguide.com\/it\/wp-json\/wp\/v2\/media\/3507"}],"wp:attachment":[{"href":"https:\/\/nissantravelguide.com\/it\/wp-json\/wp\/v2\/media?parent=3949"}],"curies":[{"name":"wp","href":"https:\/\/api.w.org\/{rel}","templated":true}]}}