{"id":3950,"date":"2022-12-12T09:23:31","date_gmt":"2022-12-12T09:23:31","guid":{"rendered":"https:\/\/nissantravelguide.com\/praga\/kasarna-karlin\/"},"modified":"2022-12-12T09:23:31","modified_gmt":"2022-12-12T09:23:31","slug":"kasarna-karlin","status":"publish","type":"page","link":"https:\/\/nissantravelguide.com\/it\/praga\/kasarna-karlin\/","title":{"rendered":"Kas\u00e1rna Karl\u00edn"},"content":{"rendered":"<p class=\"p1\"><a href=\"https:\/\/www.kasarnakarlin.cz\/\">Kas\u00e1rna Karl\u00edn<\/a> (noto anche come <a href=\"https:\/\/www.kasarnakarlin.cz\/\">Karl\u00edn<\/a> Barracks) \u00e8 un luogo di incontro culturale di tendenza situato vicino al cuore di Praga. Gestito da un team di volontari e collaboratori appassionati, Kas\u00e1rna \u00e8 orgoglioso di essere privo di \u201cdisordine visivo\u201d con la sua politica di zero pubblicit\u00e0. Il luogo ospita una caffetteria, un cinema, una cava di sabbia, una galleria, un luogo per fal\u00f2 e un bar con discoteca (tutto qui?). \u00c8 un luogo vivace da visitare per chiunque cerchi un\u2019esperienza locale davvero unica.<\/p>\n<p class=\"p1\">Kas\u00e1rna \u00e8 anche un sito consapevole del suo impatto sull\u2019ambiente locale. Senza dubbio troverai le sue pratiche di selezione e riciclaggio dei rifiuti un po\u2019 pi\u00f9 rigorose rispetto al solito&#8230;<span class=\"Apple-converted-space\">\u00a0<\/span><\/p>\n","protected":false},"excerpt":{"rendered":"<p>Kas\u00e1rna Karl\u00edn (noto anche come Karl\u00edn Barracks) \u00e8 un luogo di incontro culturale di tendenza situato vicino al cuore di Praga. Gestito da un team di volontari e collaboratori appassionati, Kas\u00e1rna \u00e8 orgoglioso di essere privo di \u201cdisordine visivo\u201d con la sua politica di zero pubblicit\u00e0. Il luogo ospita una caffetteria, un cinema, una cava [&hellip;]<\/p>\n","protected":false},"author":1,"featured_media":3602,"parent":2909,"menu_order":0,"comment_status":"closed","ping_status":"closed","template":"tpl-location.php","meta":{"_acf_changed":false,"footnotes":""},"acf":{"address":"Prvn\u00edho pluku 20\/2, 186 00 Karl\u00edn, Czechia","location_type":"interest","map_link":"https:\/\/www.google.com\/maps\/place\/Kas%C3%A1rna+Karl%C3%ADn\/@50.0898307,14.4434196,15z\/data=!4m5!3m4!1s0x0:0xb4ab62b11de22eb4!8m2!3d50.0898307!4d14.4434196","trip_advisor":"https:\/\/www.tripadvisor.co.nz\/Attraction_Review-g274707-d12702015-Reviews-Kasarna_Karlin-Prague_Bohemia.html","coordinates":{"latitude":"50.0898307","longitude":"14.4434196"},"charging_stations":[{"charging_station":"Type 2 (22kW): Sokolovska 11 (950m \/ 4 min)"}]},"aioseo_notices":[],"_links":{"self":[{"href":"https:\/\/nissantravelguide.com\/it\/wp-json\/wp\/v2\/pages\/3950"}],"collection":[{"href":"https:\/\/nissantravelguide.com\/it\/wp-json\/wp\/v2\/pages"}],"about":[{"href":"https:\/\/nissantravelguide.com\/it\/wp-json\/wp\/v2\/types\/page"}],"author":[{"embeddable":true,"href":"https:\/\/nissantravelguide.com\/it\/wp-json\/wp\/v2\/users\/1"}],"replies":[{"embeddable":true,"href":"https:\/\/nissantravelguide.com\/it\/wp-json\/wp\/v2\/comments?post=3950"}],"version-history":[{"count":0,"href":"https:\/\/nissantravelguide.com\/it\/wp-json\/wp\/v2\/pages\/3950\/revisions"}],"up":[{"embeddable":true,"href":"https:\/\/nissantravelguide.com\/it\/wp-json\/wp\/v2\/pages\/2909"}],"wp:featuredmedia":[{"embeddable":true,"href":"https:\/\/nissantravelguide.com\/it\/wp-json\/wp\/v2\/media\/3602"}],"wp:attachment":[{"href":"https:\/\/nissantravelguide.com\/it\/wp-json\/wp\/v2\/media?parent=3950"}],"curies":[{"name":"wp","href":"https:\/\/api.w.org\/{rel}","templated":true}]}}