{"id":3952,"date":"2022-12-12T09:23:57","date_gmt":"2022-12-12T09:23:57","guid":{"rendered":"https:\/\/nissantravelguide.com\/praga\/manifesto-andel\/"},"modified":"2022-12-12T09:23:57","modified_gmt":"2022-12-12T09:23:57","slug":"manifesto-andel","status":"publish","type":"page","link":"https:\/\/nissantravelguide.com\/it\/praga\/manifesto-andel\/","title":{"rendered":"Manifesto And\u011bl"},"content":{"rendered":"<p class=\"p1\">Vuoi visitare uno dei (molti) luoghi di tendenza di Praga? Il mercato Manifesto di And\u011bl, punto di incontro e food hall nel cuore della citt\u00e0, \u00e8 sicuramente il luogo per te. Trasformando quello che era uno spazio dimenticato e sottoutilizzato in una popolare destinazione sociale e culturale, Manifesto And\u011bl offre una variet\u00e0 di ristoranti e due bar in un\u2019atmosfera vivace e simile a un festival. Scegli tra una gamma di piatti autentici di ben 14 cucine diverse mentre sorseggi bevande di fornitori e birrifici locali. Aperto tutti i giorni e tutto l\u2019anno, dalle 11:00 alle 22:00.<\/p>\n","protected":false},"excerpt":{"rendered":"<p>Vuoi visitare uno dei (molti) luoghi di tendenza di Praga? Il mercato Manifesto di And\u011bl, punto di incontro e food hall nel cuore della citt\u00e0, \u00e8 sicuramente il luogo per te. Trasformando quello che era uno spazio dimenticato e sottoutilizzato in una popolare destinazione sociale e culturale, Manifesto And\u011bl offre una variet\u00e0 di ristoranti e [&hellip;]<\/p>\n","protected":false},"author":1,"featured_media":3627,"parent":2909,"menu_order":0,"comment_status":"closed","ping_status":"closed","template":"tpl-location.php","meta":{"_acf_changed":false,"footnotes":""},"acf":{"address":"Ostrovsk\u00e9ho 34, 150 00 Praha 5-And\u011bl, Czechia","location_type":"interest","map_link":"https:\/\/www.google.com\/maps\/place\/Manifesto+Market+And%C4%9Bl\/@50.0693087,14.4041424,17z\/data=!3m1!4b1!4m5!3m4!1s0x470b95d52bab27a7:0xebe4d36ea0f3d796!8m2!3d50.0693087!4d14.4041424","trip_advisor":"https:\/\/www.tripadvisor.com\/Restaurant_Review-g274707-d23650020-Reviews-Manifesto_Market_Andel-Prague_Bohemia.html","coordinates":{"latitude":"50.0693087","longitude":"14.4041424"},"charging_stations":[{"charging_station":"Milevska 922 (5km \/ 14 min)"}]},"aioseo_notices":[],"_links":{"self":[{"href":"https:\/\/nissantravelguide.com\/it\/wp-json\/wp\/v2\/pages\/3952"}],"collection":[{"href":"https:\/\/nissantravelguide.com\/it\/wp-json\/wp\/v2\/pages"}],"about":[{"href":"https:\/\/nissantravelguide.com\/it\/wp-json\/wp\/v2\/types\/page"}],"author":[{"embeddable":true,"href":"https:\/\/nissantravelguide.com\/it\/wp-json\/wp\/v2\/users\/1"}],"replies":[{"embeddable":true,"href":"https:\/\/nissantravelguide.com\/it\/wp-json\/wp\/v2\/comments?post=3952"}],"version-history":[{"count":0,"href":"https:\/\/nissantravelguide.com\/it\/wp-json\/wp\/v2\/pages\/3952\/revisions"}],"up":[{"embeddable":true,"href":"https:\/\/nissantravelguide.com\/it\/wp-json\/wp\/v2\/pages\/2909"}],"wp:featuredmedia":[{"embeddable":true,"href":"https:\/\/nissantravelguide.com\/it\/wp-json\/wp\/v2\/media\/3627"}],"wp:attachment":[{"href":"https:\/\/nissantravelguide.com\/it\/wp-json\/wp\/v2\/media?parent=3952"}],"curies":[{"name":"wp","href":"https:\/\/api.w.org\/{rel}","templated":true}]}}