{"id":3953,"date":"2022-12-12T09:24:40","date_gmt":"2022-12-12T09:24:40","guid":{"rendered":"https:\/\/nissantravelguide.com\/praga\/mercati-agricoli-naplavka-e-altri\/"},"modified":"2022-12-12T09:24:40","modified_gmt":"2022-12-12T09:24:40","slug":"mercati-agricoli-naplavka-e-altri","status":"publish","type":"page","link":"https:\/\/nissantravelguide.com\/it\/praga\/mercati-agricoli-naplavka-e-altri\/","title":{"rendered":"Mercati agricoli (Naplavka e altri)"},"content":{"rendered":"<p class=\"p1\">Ecco come scoprire i prodotti cechi pi\u00f9 freschi e di qualit\u00e0 sulle rive del fiume Vltava. Visita oltre 90 bancarelle al Naplavka Farmers\u2019 Market, che si svolge ogni sabato dal 2010 ed \u00e8 ora un appuntamento fisso del weekend a Praga. Oltre ai prodotti freschi, troverai cosmetici naturali ed etici, articoli artigianali fatti in casa, caff\u00e8, marmellate di frutta e conserve, fiori freschi e molto altro\u2026 Oh, e c\u2019\u00e8 anche cibo delizioso e musica dal vivo da gustare mentre passeggi per il mercato.<\/p>\n<p class=\"p1\">Nota: Aperto il sabato da febbraio a Natale, dalle 08:00 alle 14:00. I visitatori sono invitati a portare le proprie borse, preferibilmente realizzate con materiali sostenibili.<span class=\"Apple-converted-space\">\u00a0<\/span><\/p>\n","protected":false},"excerpt":{"rendered":"<p>Ecco come scoprire i prodotti cechi pi\u00f9 freschi e di qualit\u00e0 sulle rive del fiume Vltava. Visita oltre 90 bancarelle al Naplavka Farmers\u2019 Market, che si svolge ogni sabato dal 2010 ed \u00e8 ora un appuntamento fisso del weekend a Praga. Oltre ai prodotti freschi, troverai cosmetici naturali ed etici, articoli artigianali fatti in casa, [&hellip;]<\/p>\n","protected":false},"author":1,"featured_media":3582,"parent":2909,"menu_order":0,"comment_status":"closed","ping_status":"closed","template":"tpl-location.php","meta":{"_acf_changed":false,"footnotes":""},"acf":{"address":"Ra\u0161\u00ednovo n\u00e1b\u0159e\u017e\u00ed Vltavsk\u00e1, N\u00e1plavka, 120 00 Praha 2, Czechia","location_type":"interest","map_link":"https:\/\/www.google.com\/maps\/place\/Farmers'+Saturday+market\/@50.0706661,14.4140813,15z\/data=!4m5!3m4!1s0x0:0xbe27b6c2d22d02c2!8m2!3d50.0706661!4d14.4140813","trip_advisor":"https:\/\/www.tripadvisor.com\/Attraction_Review-g274707-d7623543-Reviews-Naplavka_Farmer_s_Market-Prague_Bohemia.html","coordinates":{"latitude":"50.0706661","longitude":"14.4140813"},"charging_stations":[{"charging_station":"Type 2 (22kW): Sokolovska 11 (2.7km \/ 9 min)"}]},"aioseo_notices":[],"_links":{"self":[{"href":"https:\/\/nissantravelguide.com\/it\/wp-json\/wp\/v2\/pages\/3953"}],"collection":[{"href":"https:\/\/nissantravelguide.com\/it\/wp-json\/wp\/v2\/pages"}],"about":[{"href":"https:\/\/nissantravelguide.com\/it\/wp-json\/wp\/v2\/types\/page"}],"author":[{"embeddable":true,"href":"https:\/\/nissantravelguide.com\/it\/wp-json\/wp\/v2\/users\/1"}],"replies":[{"embeddable":true,"href":"https:\/\/nissantravelguide.com\/it\/wp-json\/wp\/v2\/comments?post=3953"}],"version-history":[{"count":0,"href":"https:\/\/nissantravelguide.com\/it\/wp-json\/wp\/v2\/pages\/3953\/revisions"}],"up":[{"embeddable":true,"href":"https:\/\/nissantravelguide.com\/it\/wp-json\/wp\/v2\/pages\/2909"}],"wp:featuredmedia":[{"embeddable":true,"href":"https:\/\/nissantravelguide.com\/it\/wp-json\/wp\/v2\/media\/3582"}],"wp:attachment":[{"href":"https:\/\/nissantravelguide.com\/it\/wp-json\/wp\/v2\/media?parent=3953"}],"curies":[{"name":"wp","href":"https:\/\/api.w.org\/{rel}","templated":true}]}}