{"id":3955,"date":"2022-12-12T09:25:54","date_gmt":"2022-12-12T09:25:54","guid":{"rendered":"https:\/\/nissantravelguide.com\/praga\/bohempia\/"},"modified":"2022-12-12T09:25:54","modified_gmt":"2022-12-12T09:25:54","slug":"bohempia","status":"publish","type":"page","link":"https:\/\/nissantravelguide.com\/it\/praga\/bohempia\/","title":{"rendered":"Bohempia"},"content":{"rendered":"<p class=\"p1\">Ami la canapa? Fermati qui! Fondata nel 2015, Bohempia \u00e8 un marchio di abbigliamento innovativo che utilizza la canapa come materiale principale. Con una forte attenzione alla sostenibilit\u00e0 ecologica e sociale, Bohempia rende tutti i suoi prodotti il pi\u00f9 locali possibile e offre a tutti la possibilit\u00e0 di scoprire quanto sia versatile e resistente la canapa.<\/p>\n","protected":false},"excerpt":{"rendered":"<p>Ami la canapa? Fermati qui! Fondata nel 2015, Bohempia \u00e8 un marchio di abbigliamento innovativo che utilizza la canapa come materiale principale. Con una forte attenzione alla sostenibilit\u00e0 ecologica e sociale, Bohempia rende tutti i suoi prodotti il pi\u00f9 locali possibile e offre a tutti la possibilit\u00e0 di scoprire quanto sia versatile e resistente la [&hellip;]<\/p>\n","protected":false},"author":1,"featured_media":3532,"parent":2909,"menu_order":0,"comment_status":"closed","ping_status":"closed","template":"tpl-location.php","meta":{"_acf_changed":false,"footnotes":""},"acf":{"address":"76, Sokolovsk\u00e1 105, Karl\u00edn, 186 00 Praha 8, Czechia","location_type":"interest","map_link":"https:\/\/www.google.com\/maps\/place\/Bohempia+store\/@50.0934829,14.4495996,15z\/data=!4m5!3m4!1s0x0:0x71f970a3010475fd!8m2!3d50.0934829!4d14.4495996","trip_advisor":"https:\/\/www.tripadvisor.com\/Attraction_Review-g274707-d13085009-Reviews-Bohempia-Prague_Bohemia.html","coordinates":{"latitude":"50.0934829","longitude":"14.4495996"},"charging_stations":[{"charging_station":"Type 2 (22kW): Sokolovska 11 (1.6km \/ 5 min) "}]},"aioseo_notices":[],"_links":{"self":[{"href":"https:\/\/nissantravelguide.com\/it\/wp-json\/wp\/v2\/pages\/3955"}],"collection":[{"href":"https:\/\/nissantravelguide.com\/it\/wp-json\/wp\/v2\/pages"}],"about":[{"href":"https:\/\/nissantravelguide.com\/it\/wp-json\/wp\/v2\/types\/page"}],"author":[{"embeddable":true,"href":"https:\/\/nissantravelguide.com\/it\/wp-json\/wp\/v2\/users\/1"}],"replies":[{"embeddable":true,"href":"https:\/\/nissantravelguide.com\/it\/wp-json\/wp\/v2\/comments?post=3955"}],"version-history":[{"count":0,"href":"https:\/\/nissantravelguide.com\/it\/wp-json\/wp\/v2\/pages\/3955\/revisions"}],"up":[{"embeddable":true,"href":"https:\/\/nissantravelguide.com\/it\/wp-json\/wp\/v2\/pages\/2909"}],"wp:featuredmedia":[{"embeddable":true,"href":"https:\/\/nissantravelguide.com\/it\/wp-json\/wp\/v2\/media\/3532"}],"wp:attachment":[{"href":"https:\/\/nissantravelguide.com\/it\/wp-json\/wp\/v2\/media?parent=3955"}],"curies":[{"name":"wp","href":"https:\/\/api.w.org\/{rel}","templated":true}]}}