{"id":3957,"date":"2022-12-12T09:26:54","date_gmt":"2022-12-12T09:26:54","guid":{"rendered":"https:\/\/nissantravelguide.com\/praga\/dox\/"},"modified":"2022-12-12T09:26:54","modified_gmt":"2022-12-12T09:26:54","slug":"dox","status":"publish","type":"page","link":"https:\/\/nissantravelguide.com\/it\/praga\/dox\/","title":{"rendered":"DOX"},"content":{"rendered":"<p class=\"p1\">Scopri una delle istituzioni pi\u00f9 progressiste della Repubblica Ceca per le arti e la cultura presso il DOX Centre for Contemporary Arts, gestito in modo indipendente. Precedentemente complesso industriale, l\u2019edificio DOX e le strutture Gulliver Airship sono riconosciuti come esempi di architettura contemporanea all\u2019avanguardia, che coinvolgono il lavoro di alcuni degli architetti pi\u00f9 rinomati del Paese. Il suo attuale programma comprende arte visiva, letteratura, teatro e musica contemporanea, incoraggiando al contempo le conversazioni su alcuni dei dilemmi pi\u00f9 pressanti della societ\u00e0. E se questo \u00e8 troppo pesante per le famiglie pi\u00f9 giovani, DOX offre anche programmi educativi pi\u00f9 informali per i bambini.<span class=\"Apple-converted-space\">\u00a0<\/span><\/p>\n","protected":false},"excerpt":{"rendered":"<p>Scopri una delle istituzioni pi\u00f9 progressiste della Repubblica Ceca per le arti e la cultura presso il DOX Centre for Contemporary Arts, gestito in modo indipendente. Precedentemente complesso industriale, l\u2019edificio DOX e le strutture Gulliver Airship sono riconosciuti come esempi di architettura contemporanea all\u2019avanguardia, che coinvolgono il lavoro di alcuni degli architetti pi\u00f9 rinomati del [&hellip;]<\/p>\n","protected":false},"author":1,"featured_media":3552,"parent":2909,"menu_order":0,"comment_status":"closed","ping_status":"closed","template":"tpl-location.php","meta":{"_acf_changed":false,"footnotes":""},"acf":{"address":"Poup\u011btova 1, 170 00 Praha 7-Hole\u0161ovice, Czechia","location_type":"interest","map_link":"https:\/\/www.google.com\/maps\/place\/DOX+Centre+for+Contemporary+Art\/@50.1068153,14.4478283,15z\/data=!4m5!3m4!1s0x0:0x97fffe8c62059191!8m2!3d50.1068153!4d14.4478283","trip_advisor":"https:\/\/www.tripadvisor.com\/Attraction_Review-g274707-d1490973-Reviews-DOX_Centre_for_Contemporary_Art-Prague_Bohemia.html","coordinates":{"latitude":"50.1068153","longitude":"14.4478283"},"charging_stations":[{"charging_station":"Type 2 (22kW): Sokolovska 11 (2.9km \/ 9 min)"}]},"aioseo_notices":[],"_links":{"self":[{"href":"https:\/\/nissantravelguide.com\/it\/wp-json\/wp\/v2\/pages\/3957"}],"collection":[{"href":"https:\/\/nissantravelguide.com\/it\/wp-json\/wp\/v2\/pages"}],"about":[{"href":"https:\/\/nissantravelguide.com\/it\/wp-json\/wp\/v2\/types\/page"}],"author":[{"embeddable":true,"href":"https:\/\/nissantravelguide.com\/it\/wp-json\/wp\/v2\/users\/1"}],"replies":[{"embeddable":true,"href":"https:\/\/nissantravelguide.com\/it\/wp-json\/wp\/v2\/comments?post=3957"}],"version-history":[{"count":0,"href":"https:\/\/nissantravelguide.com\/it\/wp-json\/wp\/v2\/pages\/3957\/revisions"}],"up":[{"embeddable":true,"href":"https:\/\/nissantravelguide.com\/it\/wp-json\/wp\/v2\/pages\/2909"}],"wp:featuredmedia":[{"embeddable":true,"href":"https:\/\/nissantravelguide.com\/it\/wp-json\/wp\/v2\/media\/3552"}],"wp:attachment":[{"href":"https:\/\/nissantravelguide.com\/it\/wp-json\/wp\/v2\/media?parent=3957"}],"curies":[{"name":"wp","href":"https:\/\/api.w.org\/{rel}","templated":true}]}}