{"id":3958,"date":"2022-12-12T09:27:20","date_gmt":"2022-12-12T09:27:20","guid":{"rendered":"https:\/\/nissantravelguide.com\/praga\/kutna-hora\/"},"modified":"2022-12-12T09:27:20","modified_gmt":"2022-12-12T09:27:20","slug":"kutna-hora","status":"publish","type":"page","link":"https:\/\/nissantravelguide.com\/it\/praga\/kutna-hora\/","title":{"rendered":"Kutn\u00e1 Hora"},"content":{"rendered":"<p class=\"p1\">Situata a solo un\u2019ora in auto da Praga, Kutn\u00e1 Hora \u00e8 una citt\u00e0 medievale con magnifiche strutture antiche. In qualit\u00e0 di ex centro finanziario della Boemia, una volta la citt\u00e0 eguagliava l\u2019opulenza di Praga. \u00c8 nota per la chiesa gotica di Santa Barbara, insieme all\u2019ossario di Sedlec, una cappella cattolica romana decorata con le ossa, nota come Chiesa di ossa. Mentre sei l\u00ec, non perderti la citt\u00e0 vecchia o la galleria d\u2019arte GASK, annoverata dall\u2019UNESCO.<\/p>\n","protected":false},"excerpt":{"rendered":"<p>Situata a solo un\u2019ora in auto da Praga, Kutn\u00e1 Hora \u00e8 una citt\u00e0 medievale con magnifiche strutture antiche. In qualit\u00e0 di ex centro finanziario della Boemia, una volta la citt\u00e0 eguagliava l\u2019opulenza di Praga. \u00c8 nota per la chiesa gotica di Santa Barbara, insieme all\u2019ossario di Sedlec, una cappella cattolica romana decorata con le ossa, [&hellip;]<\/p>\n","protected":false},"author":1,"featured_media":3612,"parent":2909,"menu_order":0,"comment_status":"closed","ping_status":"closed","template":"tpl-location.php","meta":{"_acf_changed":false,"footnotes":""},"acf":{"address":"Kutn\u00e1 Hora, Czechia","location_type":"beauty","map_link":"https:\/\/www.google.com\/maps\/place\/Kutna+Hora,+Czechia\/@49.9492142,15.2820633,13z\/data=!3m1!4b1!4m5!3m4!1s0x470c41050983008f:0x400af0f66154f30!8m2!3d49.9524314!4d15.2686536","trip_advisor":"https:\/\/www.tripadvisor.com\/Tourism-g274701-Kutna_Hora_Central_Bohemian_Region_Bohemia-Vacations.html","coordinates":{"latitude":"49.9492142","longitude":"15.2820633"},"charging_stations":[{"charging_station":"Bilkova 289 (27.8km \/ 27 min)"}]},"aioseo_notices":[],"_links":{"self":[{"href":"https:\/\/nissantravelguide.com\/it\/wp-json\/wp\/v2\/pages\/3958"}],"collection":[{"href":"https:\/\/nissantravelguide.com\/it\/wp-json\/wp\/v2\/pages"}],"about":[{"href":"https:\/\/nissantravelguide.com\/it\/wp-json\/wp\/v2\/types\/page"}],"author":[{"embeddable":true,"href":"https:\/\/nissantravelguide.com\/it\/wp-json\/wp\/v2\/users\/1"}],"replies":[{"embeddable":true,"href":"https:\/\/nissantravelguide.com\/it\/wp-json\/wp\/v2\/comments?post=3958"}],"version-history":[{"count":0,"href":"https:\/\/nissantravelguide.com\/it\/wp-json\/wp\/v2\/pages\/3958\/revisions"}],"up":[{"embeddable":true,"href":"https:\/\/nissantravelguide.com\/it\/wp-json\/wp\/v2\/pages\/2909"}],"wp:featuredmedia":[{"embeddable":true,"href":"https:\/\/nissantravelguide.com\/it\/wp-json\/wp\/v2\/media\/3612"}],"wp:attachment":[{"href":"https:\/\/nissantravelguide.com\/it\/wp-json\/wp\/v2\/media?parent=3958"}],"curies":[{"name":"wp","href":"https:\/\/api.w.org\/{rel}","templated":true}]}}