{"id":3959,"date":"2022-12-12T09:27:52","date_gmt":"2022-12-12T09:27:52","guid":{"rendered":"https:\/\/nissantravelguide.com\/praga\/vinne-sklepy-kutna-hora\/"},"modified":"2022-12-12T09:27:52","modified_gmt":"2022-12-12T09:27:52","slug":"vinne-sklepy-kutna-hora","status":"publish","type":"page","link":"https:\/\/nissantravelguide.com\/it\/praga\/vinne-sklepy-kutna-hora\/","title":{"rendered":"Vinn\u00e9 Sklepy Kutn\u00e1 Hora\u200b"},"content":{"rendered":"<p class=\"p1\">Per i fan del pinot noir, il vigneto Vinn\u00e9 Sklepy di Kutn\u00e1 Hora \u00e8 una tappa imperdibile. Fondata nel 2002, questa \u00e8 l\u2019unica azienda vinicola della Repubblica Ceca in possesso del prestigioso certificato DEMETER. La propriet\u00e0 si estende su 80 ettari, met\u00e0 dei quali sono vigneti e l\u2019altra met\u00e0 viene utilizzata come pascoli idilliaci per le pecore, frutteti e campi. Produce anche vini biodinamici, evitando l\u2019uso di additivi e pesticidi.<\/p>\n","protected":false},"excerpt":{"rendered":"<p>Per i fan del pinot noir, il vigneto Vinn\u00e9 Sklepy di Kutn\u00e1 Hora \u00e8 una tappa imperdibile. Fondata nel 2002, questa \u00e8 l\u2019unica azienda vinicola della Repubblica Ceca in possesso del prestigioso certificato DEMETER. La propriet\u00e0 si estende su 80 ettari, met\u00e0 dei quali sono vigneti e l\u2019altra met\u00e0 viene utilizzata come pascoli idilliaci per [&hellip;]<\/p>\n","protected":false},"author":1,"featured_media":3682,"parent":2909,"menu_order":0,"comment_status":"closed","ping_status":"closed","template":"tpl-location.php","meta":{"_acf_changed":false,"footnotes":""},"acf":{"address":"J. z Pod\u011bbrad 288\/13, 284 01 Kutn\u00e1 Hora, Czechia","location_type":"beauty","map_link":"https:\/\/www.google.com\/maps\/place\/Wine+Cellars+Kutna+Hora\/@49.9524199,15.2674202,17.09z\/data=!4m13!1m7!3m6!1s0x470c41050983008f:0x400af0f66154f30!2sKutna+Hora,+Czechia!3b1!8m2!3d49.9524314!4d15.2686536!3m4!1s0x470c41a856b278a7:0xf72967354a1b2b60!8m2!3d49.952057!4d15.2679803","trip_advisor":"https:\/\/www.tripadvisor.com\/Attraction_Review-g274701-d10637962-Reviews-Vinne_sklepy_Kutna_Hora-Kutna_Hora_Central_Bohemian_Region_Bohemia.html","coordinates":{"latitude":"49.9524199","longitude":"15.2674202"},"charging_stations":[{"charging_station":"Bilkova 289 (27.9km \/ 27 min)"}]},"aioseo_notices":[],"_links":{"self":[{"href":"https:\/\/nissantravelguide.com\/it\/wp-json\/wp\/v2\/pages\/3959"}],"collection":[{"href":"https:\/\/nissantravelguide.com\/it\/wp-json\/wp\/v2\/pages"}],"about":[{"href":"https:\/\/nissantravelguide.com\/it\/wp-json\/wp\/v2\/types\/page"}],"author":[{"embeddable":true,"href":"https:\/\/nissantravelguide.com\/it\/wp-json\/wp\/v2\/users\/1"}],"replies":[{"embeddable":true,"href":"https:\/\/nissantravelguide.com\/it\/wp-json\/wp\/v2\/comments?post=3959"}],"version-history":[{"count":0,"href":"https:\/\/nissantravelguide.com\/it\/wp-json\/wp\/v2\/pages\/3959\/revisions"}],"up":[{"embeddable":true,"href":"https:\/\/nissantravelguide.com\/it\/wp-json\/wp\/v2\/pages\/2909"}],"wp:featuredmedia":[{"embeddable":true,"href":"https:\/\/nissantravelguide.com\/it\/wp-json\/wp\/v2\/media\/3682"}],"wp:attachment":[{"href":"https:\/\/nissantravelguide.com\/it\/wp-json\/wp\/v2\/media?parent=3959"}],"curies":[{"name":"wp","href":"https:\/\/api.w.org\/{rel}","templated":true}]}}