{"id":3960,"date":"2022-12-12T09:28:12","date_gmt":"2022-12-12T09:28:12","guid":{"rendered":"https:\/\/nissantravelguide.com\/praga\/vineria-di-sonberk\/"},"modified":"2022-12-12T09:28:12","modified_gmt":"2022-12-12T09:28:12","slug":"vineria-di-sonberk","status":"publish","type":"page","link":"https:\/\/nissantravelguide.com\/it\/praga\/vineria-di-sonberk\/","title":{"rendered":"Vineria di Sonberk"},"content":{"rendered":"<p class=\"p1\">Scopri una vista spettacolare sulle colline di P\u00e1lava nella vineria di Sonberk, un vigneto del XIII secolo situato sulle pendici di Popice, vicino a Mikulov. Anche se l\u2019ambiente \u00e8 panoramico in s\u00e9, l\u2019edificio della vineria \u00e8 a sua volta una meraviglia architettonica, progettata in armonia con il paesaggio circostante. Sonberk \u00e8 orgogliosa di coltivare alcune delle uve di pi\u00f9 alta qualit\u00e0 della Repubblica Ceca, che producono alcuni dei migliori vini della regione. E se stai cercando un evento per arricchire la tua esperienza, puoi anche partecipare al Sonberk Summer Festival of Wine and Culture in estate.<span class=\"Apple-converted-space\">\u00a0<\/span><\/p>\n","protected":false},"excerpt":{"rendered":"<p>Scopri una vista spettacolare sulle colline di P\u00e1lava nella vineria di Sonberk, un vigneto del XIII secolo situato sulle pendici di Popice, vicino a Mikulov. Anche se l\u2019ambiente \u00e8 panoramico in s\u00e9, l\u2019edificio della vineria \u00e8 a sua volta una meraviglia architettonica, progettata in armonia con il paesaggio circostante. Sonberk \u00e8 orgogliosa di coltivare alcune [&hellip;]<\/p>\n","protected":false},"author":1,"featured_media":0,"parent":2909,"menu_order":0,"comment_status":"closed","ping_status":"closed","template":"tpl-location.php","meta":{"_acf_changed":false,"footnotes":""},"acf":{"address":"Sonberk 393, 691 27 Popice, Czechia","location_type":"beauty","map_link":"https:\/\/www.google.com\/maps\/place\/Sonberk\/@48.927488,16.6933179,15z\/data=!4m5!3m4!1s0x0:0xe616ee301bd9ca96!8m2!3d48.927488!4d16.6933179","trip_advisor":"https:\/\/www.tripadvisor.com\/Attraction_Review-g3819945-d3819947-Reviews-Sonberk-Popice_South_Moravian_Region_Moravia.html","coordinates":{"latitude":"48.927488","longitude":"16.6933179"},"charging_stations":[{"charging_station":"Stara Posta 750 (29.1km \/ 32 min)"}]},"aioseo_notices":[],"_links":{"self":[{"href":"https:\/\/nissantravelguide.com\/it\/wp-json\/wp\/v2\/pages\/3960"}],"collection":[{"href":"https:\/\/nissantravelguide.com\/it\/wp-json\/wp\/v2\/pages"}],"about":[{"href":"https:\/\/nissantravelguide.com\/it\/wp-json\/wp\/v2\/types\/page"}],"author":[{"embeddable":true,"href":"https:\/\/nissantravelguide.com\/it\/wp-json\/wp\/v2\/users\/1"}],"replies":[{"embeddable":true,"href":"https:\/\/nissantravelguide.com\/it\/wp-json\/wp\/v2\/comments?post=3960"}],"version-history":[{"count":0,"href":"https:\/\/nissantravelguide.com\/it\/wp-json\/wp\/v2\/pages\/3960\/revisions"}],"up":[{"embeddable":true,"href":"https:\/\/nissantravelguide.com\/it\/wp-json\/wp\/v2\/pages\/2909"}],"wp:attachment":[{"href":"https:\/\/nissantravelguide.com\/it\/wp-json\/wp\/v2\/media?parent=3960"}],"curies":[{"name":"wp","href":"https:\/\/api.w.org\/{rel}","templated":true}]}}