{"id":3961,"date":"2022-12-12T09:28:26","date_gmt":"2022-12-12T09:28:26","guid":{"rendered":"https:\/\/nissantravelguide.com\/praga\/sonnentor\/"},"modified":"2022-12-12T09:28:26","modified_gmt":"2022-12-12T09:28:26","slug":"sonnentor","status":"publish","type":"page","link":"https:\/\/nissantravelguide.com\/it\/praga\/sonnentor\/","title":{"rendered":"Sonnentor"},"content":{"rendered":"<p class=\"p1\">Scopri i sapori e gli aromi unici di t\u00e8 pregiati, spezie ed erbe aromatiche da Sonnentor, una delle pi\u00f9 antiche aziende biologiche della Repubblica Ceca. Oltre a vendere prodotti a commercio equo e a impatto zero di CO2, Sonnentor offre tour completi delle proprie unit\u00e0 di trattamento di t\u00e8 e spezie, in modo da poter sperimentare in prima persona la nascita delle tue bustine di t\u00e8 e infusi preferite!<\/p>\n","protected":false},"excerpt":{"rendered":"<p>Scopri i sapori e gli aromi unici di t\u00e8 pregiati, spezie ed erbe aromatiche da Sonnentor, una delle pi\u00f9 antiche aziende biologiche della Repubblica Ceca. Oltre a vendere prodotti a commercio equo e a impatto zero di CO2, Sonnentor offre tour completi delle proprie unit\u00e0 di trattamento di t\u00e8 e spezie, in modo da poter [&hellip;]<\/p>\n","protected":false},"author":1,"featured_media":3657,"parent":2909,"menu_order":0,"comment_status":"closed","ping_status":"closed","template":"tpl-location.php","meta":{"_acf_changed":false,"footnotes":""},"acf":{"address":"P\u0159\u00edhon 943, 696 15 \u010cejkovice, Czechia","location_type":"beauty","map_link":"https:\/\/www.google.com\/maps\/place\/Sonnentor+s.r.o.\/@48.9023209,16.9448633,17z\/data=!3m1!4b1!4m5!3m4!1s0x4712d7bfa2136867:0x3a03e1f6c6183136!8m2!3d48.9023209!4d16.947052?shorturl=1","trip_advisor":"https:\/\/www.tripadvisor.com\/Attraction_Review-g4591497-d10412446-Reviews-SONNENTOR_Experience-Cejkovice_South_Moravian_Region_Moravia.html","coordinates":{"latitude":"48.9023209","longitude":"16.9448633"},"charging_stations":[{"charging_station":"Stara Posta 750 (50.6km \/ 45 min)"}]},"aioseo_notices":[],"_links":{"self":[{"href":"https:\/\/nissantravelguide.com\/it\/wp-json\/wp\/v2\/pages\/3961"}],"collection":[{"href":"https:\/\/nissantravelguide.com\/it\/wp-json\/wp\/v2\/pages"}],"about":[{"href":"https:\/\/nissantravelguide.com\/it\/wp-json\/wp\/v2\/types\/page"}],"author":[{"embeddable":true,"href":"https:\/\/nissantravelguide.com\/it\/wp-json\/wp\/v2\/users\/1"}],"replies":[{"embeddable":true,"href":"https:\/\/nissantravelguide.com\/it\/wp-json\/wp\/v2\/comments?post=3961"}],"version-history":[{"count":0,"href":"https:\/\/nissantravelguide.com\/it\/wp-json\/wp\/v2\/pages\/3961\/revisions"}],"up":[{"embeddable":true,"href":"https:\/\/nissantravelguide.com\/it\/wp-json\/wp\/v2\/pages\/2909"}],"wp:featuredmedia":[{"embeddable":true,"href":"https:\/\/nissantravelguide.com\/it\/wp-json\/wp\/v2\/media\/3657"}],"wp:attachment":[{"href":"https:\/\/nissantravelguide.com\/it\/wp-json\/wp\/v2\/media?parent=3961"}],"curies":[{"name":"wp","href":"https:\/\/api.w.org\/{rel}","templated":true}]}}