{"id":3965,"date":"2022-12-12T09:30:19","date_gmt":"2022-12-12T09:30:19","guid":{"rendered":"https:\/\/nissantravelguide.com\/vienna\/luftburg-kolarik\/"},"modified":"2022-12-12T09:30:19","modified_gmt":"2022-12-12T09:30:19","slug":"luftburg-kolarik","status":"publish","type":"page","link":"https:\/\/nissantravelguide.com\/it\/vienna\/luftburg-kolarik\/","title":{"rendered":"Luftburg Kolarik"},"content":{"rendered":"<p class=\"p1\">Godetevi la cucina austriaca tradizionale nel cuore del Wiener Prater Amusement Park. La sostenibilit\u00e0 ecologica e sociale \u00e8 una parte essenziale del pi\u00f9 grande ristorante biologico completamente certificato al mondo. Dai piatti imperdibili a un\u2019area giochi per bambini, c\u2019\u00e8 qualcosa che metter\u00e0 un sorriso sul viso di tutti. Quindi, dirigiti a Luftburg Kolarik se vuoi vivere un\u2019esperienza adatta alle famiglie!<\/p>\n","protected":false},"excerpt":{"rendered":"<p>Godetevi la cucina austriaca tradizionale nel cuore del Wiener Prater Amusement Park. La sostenibilit\u00e0 ecologica e sociale \u00e8 una parte essenziale del pi\u00f9 grande ristorante biologico completamente certificato al mondo. Dai piatti imperdibili a un\u2019area giochi per bambini, c\u2019\u00e8 qualcosa che metter\u00e0 un sorriso sul viso di tutti. Quindi, dirigiti a Luftburg Kolarik se vuoi [&hellip;]<\/p>\n","protected":false},"author":1,"featured_media":3770,"parent":2912,"menu_order":0,"comment_status":"closed","ping_status":"closed","template":"tpl-location.php","meta":{"_acf_changed":false,"footnotes":""},"acf":{"address":"Prater, Waldsteingartenstra\u00dfe 128, 1020 Wien, Austria","location_type":"restaurant","map_link":"https:\/\/www.google.com\/maps\/place\/Luftburg+-+Kolarik+im+Prater\/@48.2133015,16.4031243,17z\/data=!3m1!4b1!4m5!3m4!1s0x476d0716d5e2df85:0x5f2720405b0a6139!8m2!3d48.2133015!4d16.4031243","trip_advisor":"https:\/\/www.tripadvisor.co.uk\/Restaurant_Review-g190454-d1788654-Reviews-Luftburg_Kolarik_im_Prater-Vienna.html","coordinates":{"latitude":"48.2133015","longitude":"16.4031243"},"charging_stations":[{"charging_station":"1 Messeplatz Wien 1020 (750m \/ 3 min)"}]},"aioseo_notices":[],"_links":{"self":[{"href":"https:\/\/nissantravelguide.com\/it\/wp-json\/wp\/v2\/pages\/3965"}],"collection":[{"href":"https:\/\/nissantravelguide.com\/it\/wp-json\/wp\/v2\/pages"}],"about":[{"href":"https:\/\/nissantravelguide.com\/it\/wp-json\/wp\/v2\/types\/page"}],"author":[{"embeddable":true,"href":"https:\/\/nissantravelguide.com\/it\/wp-json\/wp\/v2\/users\/1"}],"replies":[{"embeddable":true,"href":"https:\/\/nissantravelguide.com\/it\/wp-json\/wp\/v2\/comments?post=3965"}],"version-history":[{"count":0,"href":"https:\/\/nissantravelguide.com\/it\/wp-json\/wp\/v2\/pages\/3965\/revisions"}],"up":[{"embeddable":true,"href":"https:\/\/nissantravelguide.com\/it\/wp-json\/wp\/v2\/pages\/2912"}],"wp:featuredmedia":[{"embeddable":true,"href":"https:\/\/nissantravelguide.com\/it\/wp-json\/wp\/v2\/media\/3770"}],"wp:attachment":[{"href":"https:\/\/nissantravelguide.com\/it\/wp-json\/wp\/v2\/media?parent=3965"}],"curies":[{"name":"wp","href":"https:\/\/api.w.org\/{rel}","templated":true}]}}