{"id":3967,"date":"2022-12-12T09:31:45","date_gmt":"2022-12-12T09:31:45","guid":{"rendered":"https:\/\/nissantravelguide.com\/vienna\/donau-auen-national-park\/"},"modified":"2022-12-12T09:31:45","modified_gmt":"2022-12-12T09:31:45","slug":"donau-auen-national-park","status":"publish","type":"page","link":"https:\/\/nissantravelguide.com\/it\/vienna\/donau-auen-national-park\/","title":{"rendered":"Donau-Auen National Park"},"content":{"rendered":"<p class=\"p1\">Per gli appassionati della natura, il Parco Nazionale Donau-Auen \u00e8 il luogo ideale. Gi\u00e0 la bellezza del paesaggio di 9.600 ettari \u00e8 sufficiente per meritare una visita, ma il parco offre anche una variet\u00e0 di tour di esplorazione delle pi\u00f9 grandi paludi naturali riparie (sulle rive di un fiume) dell\u2019Europa centrale e le numerose piante e gli animali in via di estinzione che ospita. \u00c8 un nastro verde tra le citt\u00e0 di Vienna e Bratislava ed \u00e8 influenzata in modo vitale dal tratto di Danubio praticamente libero che la attraversa.<\/p>\n","protected":false},"excerpt":{"rendered":"<p>Per gli appassionati della natura, il Parco Nazionale Donau-Auen \u00e8 il luogo ideale. Gi\u00e0 la bellezza del paesaggio di 9.600 ettari \u00e8 sufficiente per meritare una visita, ma il parco offre anche una variet\u00e0 di tour di esplorazione delle pi\u00f9 grandi paludi naturali riparie (sulle rive di un fiume) dell\u2019Europa centrale e le numerose piante [&hellip;]<\/p>\n","protected":false},"author":1,"featured_media":3730,"parent":2912,"menu_order":0,"comment_status":"closed","ping_status":"closed","template":"tpl-location.php","meta":{"_acf_changed":false,"footnotes":""},"acf":{"address":"Schlo\u00dfpl. 1, 2304 Orth an der Donau, Austria","location_type":"beauty","map_link":"https:\/\/www.google.com\/maps\/place\/Danube-Auen+National+Park\/@48.1447168,16.7004541,17z\/data=!3m1!4b1!4m5!3m4!1s0x476cf81537095a4d:0xabe9b89748410546!8m2!3d48.1447168!4d16.7004541","trip_advisor":"https:\/\/www.tripadvisor.com\/ShowUserReviews-g1071607-d3520193-r479188659-Nationalpark_Donau_Auen-Orth_an_der_Donau_Lower_Austria.html","coordinates":{"latitude":"48.1447168","longitude":"16.7004541"},"charging_stations":[{"charging_station":"2304 Orth an der Donau (71m \/ 1 min)"}]},"aioseo_notices":[],"_links":{"self":[{"href":"https:\/\/nissantravelguide.com\/it\/wp-json\/wp\/v2\/pages\/3967"}],"collection":[{"href":"https:\/\/nissantravelguide.com\/it\/wp-json\/wp\/v2\/pages"}],"about":[{"href":"https:\/\/nissantravelguide.com\/it\/wp-json\/wp\/v2\/types\/page"}],"author":[{"embeddable":true,"href":"https:\/\/nissantravelguide.com\/it\/wp-json\/wp\/v2\/users\/1"}],"replies":[{"embeddable":true,"href":"https:\/\/nissantravelguide.com\/it\/wp-json\/wp\/v2\/comments?post=3967"}],"version-history":[{"count":0,"href":"https:\/\/nissantravelguide.com\/it\/wp-json\/wp\/v2\/pages\/3967\/revisions"}],"up":[{"embeddable":true,"href":"https:\/\/nissantravelguide.com\/it\/wp-json\/wp\/v2\/pages\/2912"}],"wp:featuredmedia":[{"embeddable":true,"href":"https:\/\/nissantravelguide.com\/it\/wp-json\/wp\/v2\/media\/3730"}],"wp:attachment":[{"href":"https:\/\/nissantravelguide.com\/it\/wp-json\/wp\/v2\/media?parent=3967"}],"curies":[{"name":"wp","href":"https:\/\/api.w.org\/{rel}","templated":true}]}}