{"id":3969,"date":"2022-12-12T09:32:23","date_gmt":"2022-12-12T09:32:23","guid":{"rendered":"https:\/\/nissantravelguide.com\/vienna\/giardini-botanici-hirschstetten\/"},"modified":"2022-12-12T09:32:23","modified_gmt":"2022-12-12T09:32:23","slug":"giardini-botanici-hirschstetten","status":"publish","type":"page","link":"https:\/\/nissantravelguide.com\/it\/vienna\/giardini-botanici-hirschstetten\/","title":{"rendered":"Giardini botanici Hirschstetten"},"content":{"rendered":"<p class=\"p1\">Lo spettacolare mondo dei giardini botanici Hirschstetten vanta una variet\u00e0 di giardini a tema, come i giardini indiani, messicani, Love o Film City. I giardini servono anche il loro scopo tradizionale di fornire fiori e arbusti per l\u2019ambizioso programma di piantumazione di Vienna nei parchi e in altri luoghi, offrendo ancora pi\u00f9 vegetazione in una citt\u00e0 gi\u00e0 pittoresca.<\/p>\n","protected":false},"excerpt":{"rendered":"<p>Lo spettacolare mondo dei giardini botanici Hirschstetten vanta una variet\u00e0 di giardini a tema, come i giardini indiani, messicani, Love o Film City. I giardini servono anche il loro scopo tradizionale di fornire fiori e arbusti per l\u2019ambizioso programma di piantumazione di Vienna nei parchi e in altri luoghi, offrendo ancora pi\u00f9 vegetazione in una [&hellip;]<\/p>\n","protected":false},"author":1,"featured_media":3745,"parent":2912,"menu_order":0,"comment_status":"closed","ping_status":"closed","template":"tpl-location.php","meta":{"_acf_changed":false,"footnotes":""},"acf":{"address":"1220 Vienna","location_type":"beauty","map_link":"https:\/\/www.google.com\/maps\/place\/Hirschstetten,+1220+Vienna,+Austria\/@48.2545308,16.4460732,13z\/data=!3m1!4b1!4m5!3m4!1s0x476d01586704d015:0x921981464363113a!8m2!3d48.2514298!4d16.4773321?shorturl=1","trip_advisor":"https:\/\/www.tripadvisor.co.uk\/Attraction_Review-g190454-d3559599-Reviews-Blumengaerten_Hirschstetten-Vienna.html","coordinates":{"latitude":"48.2545308","longitude":"16.4460732"},"charging_stations":[{"charging_station":"1 Messeplatz Wien 1020 (9.7km \/ 16 min)"}]},"aioseo_notices":[],"_links":{"self":[{"href":"https:\/\/nissantravelguide.com\/it\/wp-json\/wp\/v2\/pages\/3969"}],"collection":[{"href":"https:\/\/nissantravelguide.com\/it\/wp-json\/wp\/v2\/pages"}],"about":[{"href":"https:\/\/nissantravelguide.com\/it\/wp-json\/wp\/v2\/types\/page"}],"author":[{"embeddable":true,"href":"https:\/\/nissantravelguide.com\/it\/wp-json\/wp\/v2\/users\/1"}],"replies":[{"embeddable":true,"href":"https:\/\/nissantravelguide.com\/it\/wp-json\/wp\/v2\/comments?post=3969"}],"version-history":[{"count":0,"href":"https:\/\/nissantravelguide.com\/it\/wp-json\/wp\/v2\/pages\/3969\/revisions"}],"up":[{"embeddable":true,"href":"https:\/\/nissantravelguide.com\/it\/wp-json\/wp\/v2\/pages\/2912"}],"wp:featuredmedia":[{"embeddable":true,"href":"https:\/\/nissantravelguide.com\/it\/wp-json\/wp\/v2\/media\/3745"}],"wp:attachment":[{"href":"https:\/\/nissantravelguide.com\/it\/wp-json\/wp\/v2\/media?parent=3969"}],"curies":[{"name":"wp","href":"https:\/\/api.w.org\/{rel}","templated":true}]}}