{"id":4168,"date":"2022-12-12T16:54:05","date_gmt":"2022-12-12T16:54:05","guid":{"rendered":"https:\/\/nissantravelguide.com\/bratislava\/bemba\/"},"modified":"2022-12-12T16:54:05","modified_gmt":"2022-12-12T16:54:05","slug":"bemba","status":"publish","type":"page","link":"https:\/\/nissantravelguide.com\/it\/bratislava\/bemba\/","title":{"rendered":"Bemba"},"content":{"rendered":"<p class=\"p1\">Bemba \u00e8 il primo ristorante crudista e a base vegetale di Bratislava. Situato nel centro storico di Bratislava, propone piatti moderni ispirati alle cucine di tutto il mondo. Sia che assaggi il loro \u201cfaux gras\u201d, i tacos, la zuppa di cocco thailandese o che tu scelga una delle loro ricche insalate, le colorate creazioni vegetali sul tuo piatto non ti deluderanno. Il ristorante dispone di una terrazza a cui si pu\u00f2 accedere durante la stagione estiva e i pasti possono essere ordinati anche per l\u2019asporto o la consegna.<\/p>\n","protected":false},"excerpt":{"rendered":"<p>Bemba \u00e8 il primo ristorante crudista e a base vegetale di Bratislava. Situato nel centro storico di Bratislava, propone piatti moderni ispirati alle cucine di tutto il mondo. Sia che assaggi il loro \u201cfaux gras\u201d, i tacos, la zuppa di cocco thailandese o che tu scelga una delle loro ricche insalate, le colorate creazioni vegetali [&hellip;]<\/p>\n","protected":false},"author":1,"featured_media":2930,"parent":2876,"menu_order":0,"comment_status":"closed","ping_status":"closed","template":"tpl-location.php","meta":{"_acf_changed":false,"footnotes":""},"acf":{"address":"Koll\u00e1rovo n\u00e1mestie 17, 811 06 Star\u00e9 Mesto, Slovakia","location_type":"restaurant","map_link":"https:\/\/www.google.com\/maps\/place\/BEMBA+-+rawfood+%26+plant-based\/@48.1492859,17.1103185,17z\/data=!3m1!4b1!4m5!3m4!1s0x476c8eba15a0ebbb:0xb4e6eb023d75f6b8!8m2!3d48.1492859!4d17.1125072?coh=164777&entry=tt&shorturl=1","trip_advisor":"https:\/\/www.tripadvisor.com\/Restaurant_Review-g274924-d6416628-Reviews-Raw_Restauracia_Bemba-Bratislava_Bratislava_Region.html","coordinates":{"latitude":"48.1492859","longitude":"17.1103185"},"charging_stations":[{"charging_station":"Type 2 22.1kW CCS 50kW CHAdeMO 50kW: 17904, Metodova, 821 08 Bratislava, Slovakia (1.6 km \/ 6-min)"}]},"aioseo_notices":[],"_links":{"self":[{"href":"https:\/\/nissantravelguide.com\/it\/wp-json\/wp\/v2\/pages\/4168"}],"collection":[{"href":"https:\/\/nissantravelguide.com\/it\/wp-json\/wp\/v2\/pages"}],"about":[{"href":"https:\/\/nissantravelguide.com\/it\/wp-json\/wp\/v2\/types\/page"}],"author":[{"embeddable":true,"href":"https:\/\/nissantravelguide.com\/it\/wp-json\/wp\/v2\/users\/1"}],"replies":[{"embeddable":true,"href":"https:\/\/nissantravelguide.com\/it\/wp-json\/wp\/v2\/comments?post=4168"}],"version-history":[{"count":0,"href":"https:\/\/nissantravelguide.com\/it\/wp-json\/wp\/v2\/pages\/4168\/revisions"}],"up":[{"embeddable":true,"href":"https:\/\/nissantravelguide.com\/it\/wp-json\/wp\/v2\/pages\/2876"}],"wp:featuredmedia":[{"embeddable":true,"href":"https:\/\/nissantravelguide.com\/it\/wp-json\/wp\/v2\/media\/2930"}],"wp:attachment":[{"href":"https:\/\/nissantravelguide.com\/it\/wp-json\/wp\/v2\/media?parent=4168"}],"curies":[{"name":"wp","href":"https:\/\/api.w.org\/{rel}","templated":true}]}}