{"id":444,"date":"2022-06-28T07:38:43","date_gmt":"2022-06-28T07:38:43","guid":{"rendered":"https:\/\/nissantravelguide.com\/djurgarden\/"},"modified":"2022-07-01T12:01:03","modified_gmt":"2022-07-01T12:01:03","slug":"djurgarden","status":"publish","type":"page","link":"https:\/\/nissantravelguide.com\/it\/stoccolma\/djurgarden\/","title":{"rendered":"Djurg\u00e5rden"},"content":{"rendered":"<p>Sei un fan degli ABBA? Allora fermati qui! Questa \u00e8 l\u2019occasione unica per visitare alcuni dei musei e delle attrazioni culturali pi\u00f9 famose di Stoccolma, tutte a pochi passi all&#8217;interno dell\u2019isola di Djurg\u00e5rden. Scopri la storia della nave che non \u00e8 mai salpata dal porto di Stoccolma al Museo Vasa, immergiti nella storia svedese al Museo Skansen e fai un omeggio alla musica visitando il museo dedicato agli ABBA. E se non bastasse, c&#8217;\u00e8 il parco divertimenti di Gr\u00f6na Lund. Con il suo mix di spazi verdi, arte e cultura, Djurg\u00e5rden \u00e8 davvero un\u2019oasi tranquilla nel centro della citt\u00e0.<\/p>\n","protected":false},"excerpt":{"rendered":"<p>Sei un fan degli ABBA? Allora fermati qui! Questa \u00e8 l\u2019occasione unica per visitare alcuni dei musei e delle attrazioni culturali pi\u00f9 famose di Stoccolma, tutte a pochi passi all&#8217;interno dell\u2019isola di Djurg\u00e5rden. Scopri la storia della nave che non \u00e8 mai salpata dal porto di Stoccolma al Museo Vasa, immergiti nella storia svedese al [&hellip;]<\/p>\n","protected":false},"author":1,"featured_media":1101,"parent":459,"menu_order":1,"comment_status":"closed","ping_status":"closed","template":"tpl-location.php","meta":{"_acf_changed":false,"footnotes":""},"acf":{"address":"\u00d6stermalm, Stockholm, Sweden","location_type":"beauty","map_link":"https:\/\/www.google.co.uk\/maps\/place\/Djurg%C3%A5rden\/@59.3251743,18.1042052,14z\/data=!3m1!4b1!4m5!3m4!1s0x465f82a5d9b7164f:0x5abd0eac4c5ed217!8m2!3d59.326284!4d18.1132151","trip_advisor":"https:\/\/www.tripadvisor.co.uk\/Tourism-g189851-Djurgarden-Vacations.html","coordinates":{"latitude":"59.3251743","longitude":"18.1042052"},"charging_stations":[{"charging_station":"3.7 kW Type 2: Djurg\u00e5rden, 115 21 Stockholm, Sweden"}]},"aioseo_notices":[],"_links":{"self":[{"href":"https:\/\/nissantravelguide.com\/it\/wp-json\/wp\/v2\/pages\/444"}],"collection":[{"href":"https:\/\/nissantravelguide.com\/it\/wp-json\/wp\/v2\/pages"}],"about":[{"href":"https:\/\/nissantravelguide.com\/it\/wp-json\/wp\/v2\/types\/page"}],"author":[{"embeddable":true,"href":"https:\/\/nissantravelguide.com\/it\/wp-json\/wp\/v2\/users\/1"}],"replies":[{"embeddable":true,"href":"https:\/\/nissantravelguide.com\/it\/wp-json\/wp\/v2\/comments?post=444"}],"version-history":[{"count":1,"href":"https:\/\/nissantravelguide.com\/it\/wp-json\/wp\/v2\/pages\/444\/revisions"}],"predecessor-version":[{"id":1215,"href":"https:\/\/nissantravelguide.com\/it\/wp-json\/wp\/v2\/pages\/444\/revisions\/1215"}],"up":[{"embeddable":true,"href":"https:\/\/nissantravelguide.com\/it\/wp-json\/wp\/v2\/pages\/459"}],"wp:featuredmedia":[{"embeddable":true,"href":"https:\/\/nissantravelguide.com\/it\/wp-json\/wp\/v2\/media\/1101"}],"wp:attachment":[{"href":"https:\/\/nissantravelguide.com\/it\/wp-json\/wp\/v2\/media?parent=444"}],"curies":[{"name":"wp","href":"https:\/\/api.w.org\/{rel}","templated":true}]}}