{"id":446,"date":"2022-06-28T07:39:16","date_gmt":"2022-06-28T07:39:16","guid":{"rendered":"https:\/\/nissantravelguide.com\/isola-di-lidingo\/"},"modified":"2022-12-13T11:01:38","modified_gmt":"2022-12-13T11:01:38","slug":"isola-di-lidingo","status":"publish","type":"page","link":"https:\/\/nissantravelguide.com\/it\/stoccolma\/isola-di-lidingo\/","title":{"rendered":"Isola di Liding\u00f6"},"content":{"rendered":"<p>A pochi chilometri da Stoccolma, dopo aver attraversato il ponte Liding\u00f6bron, \u00e8 possibile immergersi nelle bellezze naturali e il relax dell\u2019isola di Liding\u00f6. Famosa per le sue case incastonate in contesti pittoreschi, sembrer\u00e0 di aver raggiunto un&#8217;altra dimensione, molto lontano dalla citt\u00e0. Gli appassionati di cinema apprezzeranno in particolare lo studio Svenska Bio, dove registi come Mauritz Stiller e Victor Sj\u00f6str\u00f6m hanno rivoluzionato per sempre il cinema svedese.<\/p>\n","protected":false},"excerpt":{"rendered":"<p>A pochi chilometri da Stoccolma, dopo aver attraversato il ponte Liding\u00f6bron, \u00e8 possibile immergersi nelle bellezze naturali e il relax dell\u2019isola di Liding\u00f6. Famosa per le sue case incastonate in contesti pittoreschi, sembrer\u00e0 di aver raggiunto un&#8217;altra dimensione, molto lontano dalla citt\u00e0. Gli appassionati di cinema apprezzeranno in particolare lo studio Svenska Bio, dove registi [&hellip;]<\/p>\n","protected":false},"author":1,"featured_media":1182,"parent":459,"menu_order":5,"comment_status":"closed","ping_status":"closed","template":"tpl-location.php","meta":{"_acf_changed":false,"footnotes":""},"acf":{"address":"Liding\u00f6, Sweden","location_type":"beauty","map_link":"https:\/\/www.google.co.uk\/maps\/place\/Liding%C3%B6\/@59.3651056,18.1051763,12z\/data=!3m1!4b1!4m5!3m4!1s0x465f83194c9a34a1:0x3c1e368224718a3f!8m2!3d59.3535946!4d18.1695734","trip_advisor":"https:\/\/www.tripadvisor.co.uk\/Tourism-g2368258-Lidingo-Vacations.html","coordinates":{"latitude":"59.363993078595115","longitude":"18.13312774658243"},"charging_stations":[{"charging_station":"11 kW Type 2: Parking lot, 181 32 Liding\u00f6, Sweden"}]},"aioseo_notices":[],"_links":{"self":[{"href":"https:\/\/nissantravelguide.com\/it\/wp-json\/wp\/v2\/pages\/446"}],"collection":[{"href":"https:\/\/nissantravelguide.com\/it\/wp-json\/wp\/v2\/pages"}],"about":[{"href":"https:\/\/nissantravelguide.com\/it\/wp-json\/wp\/v2\/types\/page"}],"author":[{"embeddable":true,"href":"https:\/\/nissantravelguide.com\/it\/wp-json\/wp\/v2\/users\/1"}],"replies":[{"embeddable":true,"href":"https:\/\/nissantravelguide.com\/it\/wp-json\/wp\/v2\/comments?post=446"}],"version-history":[{"count":1,"href":"https:\/\/nissantravelguide.com\/it\/wp-json\/wp\/v2\/pages\/446\/revisions"}],"predecessor-version":[{"id":1227,"href":"https:\/\/nissantravelguide.com\/it\/wp-json\/wp\/v2\/pages\/446\/revisions\/1227"}],"up":[{"embeddable":true,"href":"https:\/\/nissantravelguide.com\/it\/wp-json\/wp\/v2\/pages\/459"}],"wp:featuredmedia":[{"embeddable":true,"href":"https:\/\/nissantravelguide.com\/it\/wp-json\/wp\/v2\/media\/1182"}],"wp:attachment":[{"href":"https:\/\/nissantravelguide.com\/it\/wp-json\/wp\/v2\/media?parent=446"}],"curies":[{"name":"wp","href":"https:\/\/api.w.org\/{rel}","templated":true}]}}