{"id":455,"date":"2022-06-28T07:44:30","date_gmt":"2022-06-28T07:44:30","guid":{"rendered":"https:\/\/nissantravelguide.com\/avicii-arena-ericsson-globe\/"},"modified":"2022-07-01T10:40:09","modified_gmt":"2022-07-01T10:40:09","slug":"avicii-arena-ericsson-globe","status":"publish","type":"page","link":"https:\/\/nissantravelguide.com\/it\/stoccolma\/avicii-arena-ericsson-globe\/","title":{"rendered":"Avicii Arena (Ericsson Globe)"},"content":{"rendered":"<p>L&#8217;Avicii Arena \u00e8 l\u2019edificio sferico pi\u00f9 grande del mondo e uno dei monumenti pi\u00f9 iconici della Svezia. Gi\u00e0 noto come Ericsson Globe, rappresenta il &#8220;sole&#8221; nel sistema solare svedese (SSS), composto da una serie di strutture artificiali presenti nel Paese, che formano il modello pi\u00f9 grande al mondo del nostro sistema planetario. Sede ufficiale della nazionale svedese di hockey, i suoi palcoscenici hanno accolto alcuni dei pi\u00f9 grandi artisti del mondo, tra cui i Rolling Stones, Beyonce, Madonna e lo stesso Avicii. Non perdere The Skyview, una gondola che corre lungo le pareti curve dell\u2019arena, che offre viste spettacolari della citt\u00e0.<\/p>\n<p>L\u2019edificio \u00e8 stato rinominato nel 2021 in onore del DJ e produttore Tim Bergling, conosciuto come Avicii e morto suicida a causa delle depressione, per promuovere la consapevolezza sulla salute mentale.<\/p>\n","protected":false},"excerpt":{"rendered":"<p>L&#8217;Avicii Arena \u00e8 l\u2019edificio sferico pi\u00f9 grande del mondo e uno dei monumenti pi\u00f9 iconici della Svezia. Gi\u00e0 noto come Ericsson Globe, rappresenta il &#8220;sole&#8221; nel sistema solare svedese (SSS), composto da una serie di strutture artificiali presenti nel Paese, che formano il modello pi\u00f9 grande al mondo del nostro sistema planetario. Sede ufficiale della [&hellip;]<\/p>\n","protected":false},"author":1,"featured_media":1074,"parent":459,"menu_order":0,"comment_status":"closed","ping_status":"closed","template":"tpl-location.php","meta":{"_acf_changed":false,"footnotes":""},"acf":{"address":"121 77 Johanneshov, Sweden","location_type":"interest","map_link":"https:\/\/www.google.com\/maps\/place\/Avicii+Arena\/@59.2935752,18.0813561,17z\/data=!3m1!4b1!4m5!3m4!1s0x465f7826c8abcc0f:0x1d7a9835ba7d7f96!8m2!3d59.2935725!4d18.0835501","trip_advisor":"https:\/\/www.tripadvisor.co.uk\/Attraction_Review-g189852-d3342231-Reviews-Avicii_Arena-Stockholm.html","coordinates":{"latitude":"59.2935752","longitude":"18.0813561"},"charging_stations":[{"charging_station":"11 kW Type 2"}]},"aioseo_notices":[],"_links":{"self":[{"href":"https:\/\/nissantravelguide.com\/it\/wp-json\/wp\/v2\/pages\/455"}],"collection":[{"href":"https:\/\/nissantravelguide.com\/it\/wp-json\/wp\/v2\/pages"}],"about":[{"href":"https:\/\/nissantravelguide.com\/it\/wp-json\/wp\/v2\/types\/page"}],"author":[{"embeddable":true,"href":"https:\/\/nissantravelguide.com\/it\/wp-json\/wp\/v2\/users\/1"}],"replies":[{"embeddable":true,"href":"https:\/\/nissantravelguide.com\/it\/wp-json\/wp\/v2\/comments?post=455"}],"version-history":[{"count":1,"href":"https:\/\/nissantravelguide.com\/it\/wp-json\/wp\/v2\/pages\/455\/revisions"}],"predecessor-version":[{"id":1077,"href":"https:\/\/nissantravelguide.com\/it\/wp-json\/wp\/v2\/pages\/455\/revisions\/1077"}],"up":[{"embeddable":true,"href":"https:\/\/nissantravelguide.com\/it\/wp-json\/wp\/v2\/pages\/459"}],"wp:featuredmedia":[{"embeddable":true,"href":"https:\/\/nissantravelguide.com\/it\/wp-json\/wp\/v2\/media\/1074"}],"wp:attachment":[{"href":"https:\/\/nissantravelguide.com\/it\/wp-json\/wp\/v2\/media?parent=455"}],"curies":[{"name":"wp","href":"https:\/\/api.w.org\/{rel}","templated":true}]}}