{"id":456,"date":"2022-06-28T07:44:53","date_gmt":"2022-06-28T07:44:53","guid":{"rendered":"https:\/\/nissantravelguide.com\/il-palazzo-reale\/"},"modified":"2022-12-13T11:06:01","modified_gmt":"2022-12-13T11:06:01","slug":"il-palazzo-reale","status":"publish","type":"page","link":"https:\/\/nissantravelguide.com\/it\/stoccolma\/il-palazzo-reale\/","title":{"rendered":"Il Palazzo Reale"},"content":{"rendered":"<p>Al Palazzo Reale di Stoccolma, una dei pi\u00f9 grandi d\u2019Europa con oltre 600 stanze, avrai modo di conoscere tutta la storia della Svezia. Residenza ufficiale di Sua Maest\u00e0 il Re di Svezia, la struttura del XVIII secolo \u00e8 aperta al pubblico e ospita ben cinque musei distinti. Durante la visita potrai ammirare una serie di magnifici capolavori, tra cui il trono d\u2019argento della regina Kristina, il Museo delle Antichit\u00e0 di Gustavo III, le carrozze dell\u2019incoronazione e molto altro ancora. E se ami lo splendore e lo spettacolo, non perderti la parata dei soldati e il cambio della guardia giornaliero!<\/p>\n<p>Dopo la tua visita reale, ricaricati con una tazza di caff\u00e8 caldo fumante in uno dei numerosi caff\u00e8 sostenibili del quartiere, prima di andare a esplorare le stradine della circostante Gamla Stan (la parte pi\u00f9 antica di Stoccolma).<\/p>\n","protected":false},"excerpt":{"rendered":"<p>Al Palazzo Reale di Stoccolma, una dei pi\u00f9 grandi d\u2019Europa con oltre 600 stanze, avrai modo di conoscere tutta la storia della Svezia. Residenza ufficiale di Sua Maest\u00e0 il Re di Svezia, la struttura del XVIII secolo \u00e8 aperta al pubblico e ospita ben cinque musei distinti. Durante la visita potrai ammirare una serie di [&hellip;]<\/p>\n","protected":false},"author":1,"featured_media":1192,"parent":459,"menu_order":15,"comment_status":"closed","ping_status":"closed","template":"tpl-location.php","meta":{"_acf_changed":false,"footnotes":""},"acf":{"address":"The Royal Palace, Kungliga slottet, 107 70 Stockholm, Sweden","location_type":"interest","map_link":"https:\/\/www.google.com\/maps\/place\/The+Royal+Palace\/@59.3268215,18.0695254,17z\/data=!3m1!4b1!4m5!3m4!1s0x465f9d587e4c4a01:0xbdf97a9648763e36!8m2!3d59.3268215!4d18.0717194","trip_advisor":"https:\/\/www.tripadvisor.co.uk\/Attraction_Review-g189852-d208173-Reviews-Royal_Palace-Stockholm.html","coordinates":{"latitude":"59.3268215","longitude":"18.0695254"},"charging_stations":[{"charging_station":"3.7 kW Type 2"}]},"aioseo_notices":[],"_links":{"self":[{"href":"https:\/\/nissantravelguide.com\/it\/wp-json\/wp\/v2\/pages\/456"}],"collection":[{"href":"https:\/\/nissantravelguide.com\/it\/wp-json\/wp\/v2\/pages"}],"about":[{"href":"https:\/\/nissantravelguide.com\/it\/wp-json\/wp\/v2\/types\/page"}],"author":[{"embeddable":true,"href":"https:\/\/nissantravelguide.com\/it\/wp-json\/wp\/v2\/users\/1"}],"replies":[{"embeddable":true,"href":"https:\/\/nissantravelguide.com\/it\/wp-json\/wp\/v2\/comments?post=456"}],"version-history":[{"count":1,"href":"https:\/\/nissantravelguide.com\/it\/wp-json\/wp\/v2\/pages\/456\/revisions"}],"predecessor-version":[{"id":1219,"href":"https:\/\/nissantravelguide.com\/it\/wp-json\/wp\/v2\/pages\/456\/revisions\/1219"}],"up":[{"embeddable":true,"href":"https:\/\/nissantravelguide.com\/it\/wp-json\/wp\/v2\/pages\/459"}],"wp:featuredmedia":[{"embeddable":true,"href":"https:\/\/nissantravelguide.com\/it\/wp-json\/wp\/v2\/media\/1192"}],"wp:attachment":[{"href":"https:\/\/nissantravelguide.com\/it\/wp-json\/wp\/v2\/media?parent=456"}],"curies":[{"name":"wp","href":"https:\/\/api.w.org\/{rel}","templated":true}]}}