{"id":505,"date":"2022-06-28T08:54:50","date_gmt":"2022-06-28T08:54:50","guid":{"rendered":"https:\/\/nissantravelguide.com\/a-riguardo\/"},"modified":"2023-01-23T14:14:33","modified_gmt":"2023-01-23T14:14:33","slug":"a-riguardo","status":"publish","type":"page","link":"https:\/\/nissantravelguide.com\/it\/a-riguardo\/","title":{"rendered":"A riguardo"},"content":{"rendered":"<h1>A propostio del progetto<\/h1>\n<p>Guidare un&#8217;auto elettrica non \u00e8 solo una scelta di mobilit\u00e0, ma una scelta di vita.<br \/>\nEcco perch\u00e9 Nissan ha pensato a una Guida per Viaggi in Elettrico, per rendere l&#8217;esperienza pi\u00f9 ricca, divertente e sostenibile. Scopri le attrazioni pi\u00f9 belle lungo il percorso, con qualche pit-stop per ricaricarsi.<\/p>\n<p><img loading=\"lazy\" decoding=\"async\" src=\"https:\/\/nissantravelguide.com\/wp-content\/uploads\/2022\/06\/Frame-329-1.png\" alt=\"\" width=\"716\" height=\"446\" \/><\/p>\n<p>&nbsp;<\/p>\n<h2>Informazioni su Nissan Ariya<\/h2>\n<h3>Prova l&#8217;emozione della guida 100% elettrica<\/h3>\n<p>Ariya inaugura la nuova era di elettrificazione Nissan, il primo crossover coup\u00e9 100% elettrico della Casa che fissa nuovi standard EV in termini di guida e vita a bordo.<\/p>\n<p>Pensato per ispirare il passaggio alla guida a zero emissioni, Ariya offre un&#8217;esperienza di guida elettrica unica nel suo genere unita al massimo comfort. Per saperne di pi\u00f9, clicca qui:\u00a0<a href=\"https:\/\/www.nissan.it\/veicoli\/veicoli-nuovi\/ariya.html\" target=\"_blank\" rel=\"noopener\">https:\/\/www.nissan.it\/veicoli\/veicoli-nuovi\/ariya.html<\/a>.<\/p>\n<h2>Dove ricaricare la propria auto elettrica<\/h2>\n<p>Ci sono pi\u00f9 di 40.000 stazioni di ricarica pubbliche in tutta Europa, di cui oltre 7.000 di ricarica rapida, numeri che crescono giorno dopo giorno. Lungo il percorso, abbiamo evidenziato i punti di ricarica pi\u00f9 vicini a zone particolarmente interessanti della citt\u00e0. Per iniziare sfoglia la mappa!&#8221;<\/p>\n","protected":false},"excerpt":{"rendered":"<p>A propostio del progetto Guidare un&#8217;auto elettrica non \u00e8 solo una scelta di mobilit\u00e0, ma una scelta di vita. Ecco perch\u00e9 Nissan ha pensato a una Guida per Viaggi in Elettrico, per rendere l&#8217;esperienza pi\u00f9 ricca, divertente e sostenibile. Scopri le attrazioni pi\u00f9 belle lungo il percorso, con qualche pit-stop per ricaricarsi. &nbsp; Informazioni su [&hellip;]<\/p>\n","protected":false},"author":1,"featured_media":369,"parent":0,"menu_order":0,"comment_status":"closed","ping_status":"closed","template":"tpl-about.php","meta":{"_acf_changed":false,"footnotes":""},"acf":[],"aioseo_notices":[],"_links":{"self":[{"href":"https:\/\/nissantravelguide.com\/it\/wp-json\/wp\/v2\/pages\/505"}],"collection":[{"href":"https:\/\/nissantravelguide.com\/it\/wp-json\/wp\/v2\/pages"}],"about":[{"href":"https:\/\/nissantravelguide.com\/it\/wp-json\/wp\/v2\/types\/page"}],"author":[{"embeddable":true,"href":"https:\/\/nissantravelguide.com\/it\/wp-json\/wp\/v2\/users\/1"}],"replies":[{"embeddable":true,"href":"https:\/\/nissantravelguide.com\/it\/wp-json\/wp\/v2\/comments?post=505"}],"version-history":[{"count":5,"href":"https:\/\/nissantravelguide.com\/it\/wp-json\/wp\/v2\/pages\/505\/revisions"}],"predecessor-version":[{"id":4475,"href":"https:\/\/nissantravelguide.com\/it\/wp-json\/wp\/v2\/pages\/505\/revisions\/4475"}],"wp:featuredmedia":[{"embeddable":true,"href":"https:\/\/nissantravelguide.com\/it\/wp-json\/wp\/v2\/media\/369"}],"wp:attachment":[{"href":"https:\/\/nissantravelguide.com\/it\/wp-json\/wp\/v2\/media?parent=505"}],"curies":[{"name":"wp","href":"https:\/\/api.w.org\/{rel}","templated":true}]}}